{"id":4896,"date":"2018-05-29T09:47:16","date_gmt":"2018-05-29T07:47:16","guid":{"rendered":"http:\/\/test.simonrautureau.fr\/acrobatesfilms\/?post_type=product&#038;p=4896"},"modified":"2022-06-02T11:21:13","modified_gmt":"2022-06-02T09:21:13","slug":"les-reves-siamois","status":"publish","type":"product","link":"https:\/\/www.acrobatesfilms.fr\/en\/produit\/les-reves-siamois\/","title":{"rendered":"<!--:fr-->Les R\u00eaves Siamois<!--:-->"},"content":{"rendered":"<h3>Fiche technique<\/h3>\n<p>Documentaire \u2013 75\u2019 \u2013 2018<br \/>\nR\u00e9alisateur\u00a0: Iv C. Ching<\/p>\n","protected":false},"excerpt":{"rendered":"<p><!--:fr--><\/p>\n[embed]https:\/\/vimeo.com\/526154783[\/embed]\n<h3>Synopsis<\/h3>\n<p>En 2014, la junte militaire tha\u00eflandaise prend le pouvoir par la force et oblige la 1\u00e8re ministre \u00e0 d\u00e9missionner. Ce putsch militaire fait suite \u00e0 des mouvements populaires oppos\u00e9s alors que les \u00e9lections sont en pr\u00e9paration.<\/p>\n<p style=\"text-align: justify;\">\nAum Neko est une jeune \u00e9tudiante transgenre de Bangkok. Dans une soci\u00e9t\u00e9 tha\u00eflandaise en pleine crise identitaire, sa volont\u00e9 de se r\u00e9aliser en tant que femme se double d\u2019un activisme politique en faveur de la d\u00e9mocratie et contre toute discrimination. Sa parole, originale, provocante, prend rapidement une ampleur consid\u00e9rable, perce les cloisons et d\u00e9stabilise les \u00e9lites traditionnelles. Son r\u00eave devient une menace pour l\u2019ordre \u00e9tabli qui la pourchasse avec f\u00e9rocit\u00e9.<!--:--><\/p>\n","protected":false},"featured_media":4898,"comment_status":"closed","ping_status":"closed","template":"","meta":[],"product_cat":[35],"product_tag":[],"yoast_head":"<!-- This site is optimized with the Yoast SEO plugin v19.3 - https:\/\/yoast.com\/wordpress\/plugins\/seo\/ -->\n<title>Les R\u00eaves Siamois - AcrobatesFilms<\/title>\n<meta name=\"robots\" content=\"index, follow, max-snippet:-1, max-image-preview:large, max-video-preview:-1\" \/>\n<link rel=\"canonical\" href=\"https:\/\/www.acrobatesfilms.fr\/en\/produit\/les-reves-siamois\/\" \/>\n<meta property=\"og:locale\" content=\"en_US\" \/>\n<meta property=\"og:type\" content=\"article\" \/>\n<meta property=\"og:title\" content=\"Les R\u00eaves Siamois - AcrobatesFilms\" \/>\n<meta property=\"og:description\" content=\"Synopsis En 2014, la junte militaire tha\u00eflandaise prend le pouvoir par la force et oblige la 1\u00e8re ministre \u00e0 d\u00e9missionner. Ce putsch militaire fait suite \u00e0 des mouvements populaires oppos\u00e9s alors que les \u00e9lections sont en pr\u00e9paration.  Aum Neko est une jeune \u00e9tudiante transgenre de Bangkok. Dans une soci\u00e9t\u00e9 tha\u00eflandaise en pleine crise identitaire, sa volont\u00e9 de se r\u00e9aliser en tant que femme se double d\u2019un activisme politique en faveur de la d\u00e9mocratie et contre toute discrimination. Sa parole, originale, provocante, prend rapidement une ampleur consid\u00e9rable, perce les cloisons et d\u00e9stabilise les \u00e9lites traditionnelles. Son r\u00eave devient une menace pour l\u2019ordre \u00e9tabli qui la pourchasse avec f\u00e9rocit\u00e9.\" \/>\n<meta property=\"og:url\" content=\"https:\/\/www.acrobatesfilms.fr\/en\/produit\/les-reves-siamois\/\" \/>\n<meta property=\"og:site_name\" content=\"AcrobatesFilms\" \/>\n<meta property=\"article:modified_time\" content=\"2022-06-02T09:21:13+00:00\" \/>\n<meta property=\"og:image\" content=\"https:\/\/www.acrobatesfilms.fr\/wp\/wp-content\/uploads\/2021\/05\/Couv-jaquette.png\" \/>\n\t<meta property=\"og:image:width\" content=\"574\" \/>\n\t<meta property=\"og:image:height\" content=\"829\" \/>\n\t<meta property=\"og:image:type\" content=\"image\/png\" \/>\n<script type=\"application\/ld+json\" class=\"yoast-schema-graph\">{\"@context\":\"https:\/\/schema.org\",\"@graph\":[{\"@type\":\"Organization\",\"@id\":\"https:\/\/www.acrobatesfilms.fr\/#organization\",\"name\":\"AcrobatesFilms\",\"url\":\"https:\/\/www.acrobatesfilms.fr\/\",\"sameAs\":[],\"logo\":{\"@type\":\"ImageObject\",\"inLanguage\":\"en-US\",\"@id\":\"https:\/\/www.acrobatesfilms.fr\/#\/schema\/logo\/image\/\",\"url\":\"https:\/\/www.acrobatesfilms.fr\/wp\/wp-content\/uploads\/2021\/02\/acrobates_noir-700x362d.png\",\"contentUrl\":\"https:\/\/www.acrobatesfilms.fr\/wp\/wp-content\/uploads\/2021\/02\/acrobates_noir-700x362d.png\",\"width\":700,\"height\":362,\"caption\":\"AcrobatesFilms\"},\"image\":{\"@id\":\"https:\/\/www.acrobatesfilms.fr\/#\/schema\/logo\/image\/\"}},{\"@type\":\"WebSite\",\"@id\":\"https:\/\/www.acrobatesfilms.fr\/#website\",\"url\":\"https:\/\/www.acrobatesfilms.fr\/\",\"name\":\"AcrobatesFilms\",\"description\":\"Soci\u00e9t\u00e9 de productions de films\",\"publisher\":{\"@id\":\"https:\/\/www.acrobatesfilms.fr\/#organization\"},\"potentialAction\":[{\"@type\":\"SearchAction\",\"target\":{\"@type\":\"EntryPoint\",\"urlTemplate\":\"https:\/\/www.acrobatesfilms.fr\/?s={search_term_string}\"},\"query-input\":\"required name=search_term_string\"}],\"inLanguage\":\"en-US\"},{\"@type\":\"ImageObject\",\"inLanguage\":\"en-US\",\"@id\":\"https:\/\/www.acrobatesfilms.fr\/en\/produit\/les-reves-siamois\/#primaryimage\",\"url\":\"https:\/\/www.acrobatesfilms.fr\/wp\/wp-content\/uploads\/2021\/05\/Couv-jaquette.png\",\"contentUrl\":\"https:\/\/www.acrobatesfilms.fr\/wp\/wp-content\/uploads\/2021\/05\/Couv-jaquette.png\",\"width\":574,\"height\":829},{\"@type\":\"WebPage\",\"@id\":\"https:\/\/www.acrobatesfilms.fr\/en\/produit\/les-reves-siamois\/\",\"url\":\"https:\/\/www.acrobatesfilms.fr\/en\/produit\/les-reves-siamois\/\",\"name\":\"Les R\u00eaves Siamois - AcrobatesFilms\",\"isPartOf\":{\"@id\":\"https:\/\/www.acrobatesfilms.fr\/#website\"},\"primaryImageOfPage\":{\"@id\":\"https:\/\/www.acrobatesfilms.fr\/en\/produit\/les-reves-siamois\/#primaryimage\"},\"datePublished\":\"2018-05-29T07:47:16+00:00\",\"dateModified\":\"2022-06-02T09:21:13+00:00\",\"breadcrumb\":{\"@id\":\"https:\/\/www.acrobatesfilms.fr\/en\/produit\/les-reves-siamois\/#breadcrumb\"},\"inLanguage\":\"en-US\",\"potentialAction\":[{\"@type\":\"ReadAction\",\"target\":[\"https:\/\/www.acrobatesfilms.fr\/en\/produit\/les-reves-siamois\/\"]}]},{\"@type\":\"BreadcrumbList\",\"@id\":\"https:\/\/www.acrobatesfilms.fr\/en\/produit\/les-reves-siamois\/#breadcrumb\",\"itemListElement\":[{\"@type\":\"ListItem\",\"position\":1,\"name\":\"Home\",\"item\":\"https:\/\/www.acrobatesfilms.fr\/en\/acrobates-films-home-page\/\"},{\"@type\":\"ListItem\",\"position\":2,\"name\":\"Shop\",\"item\":\"https:\/\/www.acrobatesfilms.fr\/en\/shop\/\"},{\"@type\":\"ListItem\",\"position\":3,\"name\":\"Les R\u00eaves Siamois\"}]}]}<\/script>\n<!-- \/ Yoast SEO plugin. -->","yoast_head_json":{"title":"Les R\u00eaves Siamois - AcrobatesFilms","robots":{"index":"index","follow":"follow","max-snippet":"max-snippet:-1","max-image-preview":"max-image-preview:large","max-video-preview":"max-video-preview:-1"},"canonical":"https:\/\/www.acrobatesfilms.fr\/en\/produit\/les-reves-siamois\/","og_locale":"en_US","og_type":"article","og_title":"Les R\u00eaves Siamois - AcrobatesFilms","og_description":"Synopsis En 2014, la junte militaire tha\u00eflandaise prend le pouvoir par la force et oblige la 1\u00e8re ministre \u00e0 d\u00e9missionner. Ce putsch militaire fait suite \u00e0 des mouvements populaires oppos\u00e9s alors que les \u00e9lections sont en pr\u00e9paration.  Aum Neko est une jeune \u00e9tudiante transgenre de Bangkok. Dans une soci\u00e9t\u00e9 tha\u00eflandaise en pleine crise identitaire, sa volont\u00e9 de se r\u00e9aliser en tant que femme se double d\u2019un activisme politique en faveur de la d\u00e9mocratie et contre toute discrimination. Sa parole, originale, provocante, prend rapidement une ampleur consid\u00e9rable, perce les cloisons et d\u00e9stabilise les \u00e9lites traditionnelles. Son r\u00eave devient une menace pour l\u2019ordre \u00e9tabli qui la pourchasse avec f\u00e9rocit\u00e9.","og_url":"https:\/\/www.acrobatesfilms.fr\/en\/produit\/les-reves-siamois\/","og_site_name":"AcrobatesFilms","article_modified_time":"2022-06-02T09:21:13+00:00","og_image":[{"width":574,"height":829,"url":"https:\/\/www.acrobatesfilms.fr\/wp\/wp-content\/uploads\/2021\/05\/Couv-jaquette.png","type":"image\/png"}],"schema":{"@context":"https:\/\/schema.org","@graph":[{"@type":"Organization","@id":"https:\/\/www.acrobatesfilms.fr\/#organization","name":"AcrobatesFilms","url":"https:\/\/www.acrobatesfilms.fr\/","sameAs":[],"logo":{"@type":"ImageObject","inLanguage":"en-US","@id":"https:\/\/www.acrobatesfilms.fr\/#\/schema\/logo\/image\/","url":"https:\/\/www.acrobatesfilms.fr\/wp\/wp-content\/uploads\/2021\/02\/acrobates_noir-700x362d.png","contentUrl":"https:\/\/www.acrobatesfilms.fr\/wp\/wp-content\/uploads\/2021\/02\/acrobates_noir-700x362d.png","width":700,"height":362,"caption":"AcrobatesFilms"},"image":{"@id":"https:\/\/www.acrobatesfilms.fr\/#\/schema\/logo\/image\/"}},{"@type":"WebSite","@id":"https:\/\/www.acrobatesfilms.fr\/#website","url":"https:\/\/www.acrobatesfilms.fr\/","name":"AcrobatesFilms","description":"Soci\u00e9t\u00e9 de productions de films","publisher":{"@id":"https:\/\/www.acrobatesfilms.fr\/#organization"},"potentialAction":[{"@type":"SearchAction","target":{"@type":"EntryPoint","urlTemplate":"https:\/\/www.acrobatesfilms.fr\/?s={search_term_string}"},"query-input":"required name=search_term_string"}],"inLanguage":"en-US"},{"@type":"ImageObject","inLanguage":"en-US","@id":"https:\/\/www.acrobatesfilms.fr\/en\/produit\/les-reves-siamois\/#primaryimage","url":"https:\/\/www.acrobatesfilms.fr\/wp\/wp-content\/uploads\/2021\/05\/Couv-jaquette.png","contentUrl":"https:\/\/www.acrobatesfilms.fr\/wp\/wp-content\/uploads\/2021\/05\/Couv-jaquette.png","width":574,"height":829},{"@type":"WebPage","@id":"https:\/\/www.acrobatesfilms.fr\/en\/produit\/les-reves-siamois\/","url":"https:\/\/www.acrobatesfilms.fr\/en\/produit\/les-reves-siamois\/","name":"Les R\u00eaves Siamois - AcrobatesFilms","isPartOf":{"@id":"https:\/\/www.acrobatesfilms.fr\/#website"},"primaryImageOfPage":{"@id":"https:\/\/www.acrobatesfilms.fr\/en\/produit\/les-reves-siamois\/#primaryimage"},"datePublished":"2018-05-29T07:47:16+00:00","dateModified":"2022-06-02T09:21:13+00:00","breadcrumb":{"@id":"https:\/\/www.acrobatesfilms.fr\/en\/produit\/les-reves-siamois\/#breadcrumb"},"inLanguage":"en-US","potentialAction":[{"@type":"ReadAction","target":["https:\/\/www.acrobatesfilms.fr\/en\/produit\/les-reves-siamois\/"]}]},{"@type":"BreadcrumbList","@id":"https:\/\/www.acrobatesfilms.fr\/en\/produit\/les-reves-siamois\/#breadcrumb","itemListElement":[{"@type":"ListItem","position":1,"name":"Home","item":"https:\/\/www.acrobatesfilms.fr\/en\/acrobates-films-home-page\/"},{"@type":"ListItem","position":2,"name":"Shop","item":"https:\/\/www.acrobatesfilms.fr\/en\/shop\/"},{"@type":"ListItem","position":3,"name":"Les R\u00eaves Siamois"}]}]}},"_links":{"self":[{"href":"https:\/\/www.acrobatesfilms.fr\/en\/wp-json\/wp\/v2\/product\/4896"}],"collection":[{"href":"https:\/\/www.acrobatesfilms.fr\/en\/wp-json\/wp\/v2\/product"}],"about":[{"href":"https:\/\/www.acrobatesfilms.fr\/en\/wp-json\/wp\/v2\/types\/product"}],"replies":[{"embeddable":true,"href":"https:\/\/www.acrobatesfilms.fr\/en\/wp-json\/wp\/v2\/comments?post=4896"}],"wp:featuredmedia":[{"embeddable":true,"href":"https:\/\/www.acrobatesfilms.fr\/en\/wp-json\/wp\/v2\/media\/4898"}],"wp:attachment":[{"href":"https:\/\/www.acrobatesfilms.fr\/en\/wp-json\/wp\/v2\/media?parent=4896"}],"wp:term":[{"taxonomy":"product_cat","embeddable":true,"href":"https:\/\/www.acrobatesfilms.fr\/en\/wp-json\/wp\/v2\/product_cat?post=4896"},{"taxonomy":"product_tag","embeddable":true,"href":"https:\/\/www.acrobatesfilms.fr\/en\/wp-json\/wp\/v2\/product_tag?post=4896"}],"curies":[{"name":"wp","href":"https:\/\/api.w.org\/{rel}","templated":true}]}}