{"id":4926,"date":"2017-08-04T16:11:27","date_gmt":"2017-08-04T14:11:27","guid":{"rendered":"http:\/\/test.simonrautureau.fr\/acrobatesfilms\/?post_type=product&#038;p=4926"},"modified":"2022-01-17T14:11:56","modified_gmt":"2022-01-17T13:11:56","slug":"berre-le-defi-ecologique","status":"publish","type":"product","link":"https:\/\/www.acrobatesfilms.fr\/en\/produit\/berre-le-defi-ecologique\/","title":{"rendered":"<!--:fr-->Berre, le D\u00e9fi \u00c9cologique<!--:-->"},"content":{"rendered":"<h3>Fiche technique<\/h3>\n<p>Documentaire \u2013 52\u2019 \u2013 2017<br \/>\nR\u00e9alisateur : Laurent Lutaud<\/p>\n","protected":false},"excerpt":{"rendered":"<p><!--:en--><\/p>\n[embed]https:\/\/vimeo.com\/239104659[\/embed]\n<h3>Synopsis<\/h3>\n<p>Situ\u00e9 aux portes de Marseille, l\u2019\u00c9tang de Berre est un des plus grands \u00e9tangs marins d\u2019Europe. Du point de vue \u00e9cologique, cet espace est un condens\u00e9 des probl\u00e8mes de notre plan\u00e8te, avec toutes ses contradictions. \u00c0 la fois r\u00e9serve naturelle et exemple de destruction par l\u2019homme de son environnement, l\u2019\u00e9tang est l\u2019objet d\u2019un suivi \u00e9cologique depuis une dizaine d\u2019ann\u00e9es, ce qui en fait aujourd\u2019hui la lagune la plus \u00e9tudi\u00e9e du pourtour m\u00e9diterran\u00e9en.<\/p>\n<p>Ce film montre et accompagne les travaux de restauration de cette lagune en allant \u00e0 la rencontre de ceux qui vivent l\u2019\u00e9tang au quotidien : p\u00eacheurs, riverains, industriels, mais \u00e9galement les scientifiques charg\u00e9s du suivi et de la r\u00e9habilitation de cet \u00e9cosyst\u00e8me en danger.<!--:--><\/p>\n","protected":false},"featured_media":4975,"comment_status":"closed","ping_status":"closed","template":"","meta":[],"product_cat":[35],"product_tag":[],"yoast_head":"<!-- This site is optimized with the Yoast SEO plugin v19.3 - https:\/\/yoast.com\/wordpress\/plugins\/seo\/ -->\n<title>Berre, le D\u00e9fi \u00c9cologique - AcrobatesFilms<\/title>\n<meta name=\"robots\" content=\"index, follow, max-snippet:-1, max-image-preview:large, max-video-preview:-1\" \/>\n<link rel=\"canonical\" href=\"https:\/\/www.acrobatesfilms.fr\/en\/produit\/berre-le-defi-ecologique\/\" \/>\n<meta property=\"og:locale\" content=\"en_US\" \/>\n<meta property=\"og:type\" content=\"article\" \/>\n<meta property=\"og:title\" content=\"Berre, le D\u00e9fi \u00c9cologique - AcrobatesFilms\" \/>\n<meta property=\"og:description\" content=\"Synopsis Situ\u00e9 aux portes de Marseille, l\u2019\u00c9tang de Berre est un des plus grands \u00e9tangs marins d\u2019Europe. Du point de vue \u00e9cologique, cet espace est un condens\u00e9 des probl\u00e8mes de notre plan\u00e8te, avec toutes ses contradictions. \u00c0 la fois r\u00e9serve naturelle et exemple de destruction par l\u2019homme de son environnement, l\u2019\u00e9tang est l\u2019objet d\u2019un suivi \u00e9cologique depuis une dizaine d\u2019ann\u00e9es, ce qui en fait aujourd\u2019hui la lagune la plus \u00e9tudi\u00e9e du pourtour m\u00e9diterran\u00e9en.  Ce film montre et accompagne les travaux de restauration de cette lagune en allant \u00e0 la rencontre de ceux qui vivent l\u2019\u00e9tang au quotidien : p\u00eacheurs, riverains, industriels, mais \u00e9galement les scientifiques charg\u00e9s du suivi et de la r\u00e9habilitation de cet \u00e9cosyst\u00e8me en danger.\" \/>\n<meta property=\"og:url\" content=\"https:\/\/www.acrobatesfilms.fr\/en\/produit\/berre-le-defi-ecologique\/\" \/>\n<meta property=\"og:site_name\" content=\"AcrobatesFilms\" \/>\n<meta property=\"article:modified_time\" content=\"2022-01-17T13:11:56+00:00\" \/>\n<meta property=\"og:image\" content=\"https:\/\/www.acrobatesfilms.fr\/wp\/wp-content\/uploads\/2021\/08\/Capture-de\u0301cran-2021-08-05-a\u0300-15.43.20.png\" \/>\n\t<meta property=\"og:image:width\" content=\"944\" \/>\n\t<meta property=\"og:image:height\" content=\"1344\" \/>\n\t<meta property=\"og:image:type\" content=\"image\/png\" \/>\n<script type=\"application\/ld+json\" class=\"yoast-schema-graph\">{\"@context\":\"https:\/\/schema.org\",\"@graph\":[{\"@type\":\"Organization\",\"@id\":\"https:\/\/www.acrobatesfilms.fr\/#organization\",\"name\":\"AcrobatesFilms\",\"url\":\"https:\/\/www.acrobatesfilms.fr\/\",\"sameAs\":[],\"logo\":{\"@type\":\"ImageObject\",\"inLanguage\":\"en-US\",\"@id\":\"https:\/\/www.acrobatesfilms.fr\/#\/schema\/logo\/image\/\",\"url\":\"https:\/\/www.acrobatesfilms.fr\/wp\/wp-content\/uploads\/2021\/02\/acrobates_noir-700x362d.png\",\"contentUrl\":\"https:\/\/www.acrobatesfilms.fr\/wp\/wp-content\/uploads\/2021\/02\/acrobates_noir-700x362d.png\",\"width\":700,\"height\":362,\"caption\":\"AcrobatesFilms\"},\"image\":{\"@id\":\"https:\/\/www.acrobatesfilms.fr\/#\/schema\/logo\/image\/\"}},{\"@type\":\"WebSite\",\"@id\":\"https:\/\/www.acrobatesfilms.fr\/#website\",\"url\":\"https:\/\/www.acrobatesfilms.fr\/\",\"name\":\"AcrobatesFilms\",\"description\":\"Soci\u00e9t\u00e9 de productions de films\",\"publisher\":{\"@id\":\"https:\/\/www.acrobatesfilms.fr\/#organization\"},\"potentialAction\":[{\"@type\":\"SearchAction\",\"target\":{\"@type\":\"EntryPoint\",\"urlTemplate\":\"https:\/\/www.acrobatesfilms.fr\/?s={search_term_string}\"},\"query-input\":\"required name=search_term_string\"}],\"inLanguage\":\"en-US\"},{\"@type\":\"ImageObject\",\"inLanguage\":\"en-US\",\"@id\":\"https:\/\/www.acrobatesfilms.fr\/en\/produit\/berre-le-defi-ecologique\/#primaryimage\",\"url\":\"https:\/\/www.acrobatesfilms.fr\/wp\/wp-content\/uploads\/2021\/08\/Capture-de\u0301cran-2021-08-05-a\u0300-15.43.20.png\",\"contentUrl\":\"https:\/\/www.acrobatesfilms.fr\/wp\/wp-content\/uploads\/2021\/08\/Capture-de\u0301cran-2021-08-05-a\u0300-15.43.20.png\",\"width\":944,\"height\":1344},{\"@type\":\"WebPage\",\"@id\":\"https:\/\/www.acrobatesfilms.fr\/en\/produit\/berre-le-defi-ecologique\/\",\"url\":\"https:\/\/www.acrobatesfilms.fr\/en\/produit\/berre-le-defi-ecologique\/\",\"name\":\"Berre, le D\u00e9fi \u00c9cologique - AcrobatesFilms\",\"isPartOf\":{\"@id\":\"https:\/\/www.acrobatesfilms.fr\/#website\"},\"primaryImageOfPage\":{\"@id\":\"https:\/\/www.acrobatesfilms.fr\/en\/produit\/berre-le-defi-ecologique\/#primaryimage\"},\"datePublished\":\"2017-08-04T14:11:27+00:00\",\"dateModified\":\"2022-01-17T13:11:56+00:00\",\"breadcrumb\":{\"@id\":\"https:\/\/www.acrobatesfilms.fr\/en\/produit\/berre-le-defi-ecologique\/#breadcrumb\"},\"inLanguage\":\"en-US\",\"potentialAction\":[{\"@type\":\"ReadAction\",\"target\":[\"https:\/\/www.acrobatesfilms.fr\/en\/produit\/berre-le-defi-ecologique\/\"]}]},{\"@type\":\"BreadcrumbList\",\"@id\":\"https:\/\/www.acrobatesfilms.fr\/en\/produit\/berre-le-defi-ecologique\/#breadcrumb\",\"itemListElement\":[{\"@type\":\"ListItem\",\"position\":1,\"name\":\"Home\",\"item\":\"https:\/\/www.acrobatesfilms.fr\/en\/acrobates-films-home-page\/\"},{\"@type\":\"ListItem\",\"position\":2,\"name\":\"Shop\",\"item\":\"https:\/\/www.acrobatesfilms.fr\/en\/shop\/\"},{\"@type\":\"ListItem\",\"position\":3,\"name\":\"Berre, le D\u00e9fi \u00c9cologique\"}]}]}<\/script>\n<!-- \/ Yoast SEO plugin. -->","yoast_head_json":{"title":"Berre, le D\u00e9fi \u00c9cologique - AcrobatesFilms","robots":{"index":"index","follow":"follow","max-snippet":"max-snippet:-1","max-image-preview":"max-image-preview:large","max-video-preview":"max-video-preview:-1"},"canonical":"https:\/\/www.acrobatesfilms.fr\/en\/produit\/berre-le-defi-ecologique\/","og_locale":"en_US","og_type":"article","og_title":"Berre, le D\u00e9fi \u00c9cologique - AcrobatesFilms","og_description":"Synopsis Situ\u00e9 aux portes de Marseille, l\u2019\u00c9tang de Berre est un des plus grands \u00e9tangs marins d\u2019Europe. Du point de vue \u00e9cologique, cet espace est un condens\u00e9 des probl\u00e8mes de notre plan\u00e8te, avec toutes ses contradictions. \u00c0 la fois r\u00e9serve naturelle et exemple de destruction par l\u2019homme de son environnement, l\u2019\u00e9tang est l\u2019objet d\u2019un suivi \u00e9cologique depuis une dizaine d\u2019ann\u00e9es, ce qui en fait aujourd\u2019hui la lagune la plus \u00e9tudi\u00e9e du pourtour m\u00e9diterran\u00e9en.  Ce film montre et accompagne les travaux de restauration de cette lagune en allant \u00e0 la rencontre de ceux qui vivent l\u2019\u00e9tang au quotidien : p\u00eacheurs, riverains, industriels, mais \u00e9galement les scientifiques charg\u00e9s du suivi et de la r\u00e9habilitation de cet \u00e9cosyst\u00e8me en danger.","og_url":"https:\/\/www.acrobatesfilms.fr\/en\/produit\/berre-le-defi-ecologique\/","og_site_name":"AcrobatesFilms","article_modified_time":"2022-01-17T13:11:56+00:00","og_image":[{"width":944,"height":1344,"url":"https:\/\/www.acrobatesfilms.fr\/wp\/wp-content\/uploads\/2021\/08\/Capture-de\u0301cran-2021-08-05-a\u0300-15.43.20.png","type":"image\/png"}],"schema":{"@context":"https:\/\/schema.org","@graph":[{"@type":"Organization","@id":"https:\/\/www.acrobatesfilms.fr\/#organization","name":"AcrobatesFilms","url":"https:\/\/www.acrobatesfilms.fr\/","sameAs":[],"logo":{"@type":"ImageObject","inLanguage":"en-US","@id":"https:\/\/www.acrobatesfilms.fr\/#\/schema\/logo\/image\/","url":"https:\/\/www.acrobatesfilms.fr\/wp\/wp-content\/uploads\/2021\/02\/acrobates_noir-700x362d.png","contentUrl":"https:\/\/www.acrobatesfilms.fr\/wp\/wp-content\/uploads\/2021\/02\/acrobates_noir-700x362d.png","width":700,"height":362,"caption":"AcrobatesFilms"},"image":{"@id":"https:\/\/www.acrobatesfilms.fr\/#\/schema\/logo\/image\/"}},{"@type":"WebSite","@id":"https:\/\/www.acrobatesfilms.fr\/#website","url":"https:\/\/www.acrobatesfilms.fr\/","name":"AcrobatesFilms","description":"Soci\u00e9t\u00e9 de productions de films","publisher":{"@id":"https:\/\/www.acrobatesfilms.fr\/#organization"},"potentialAction":[{"@type":"SearchAction","target":{"@type":"EntryPoint","urlTemplate":"https:\/\/www.acrobatesfilms.fr\/?s={search_term_string}"},"query-input":"required name=search_term_string"}],"inLanguage":"en-US"},{"@type":"ImageObject","inLanguage":"en-US","@id":"https:\/\/www.acrobatesfilms.fr\/en\/produit\/berre-le-defi-ecologique\/#primaryimage","url":"https:\/\/www.acrobatesfilms.fr\/wp\/wp-content\/uploads\/2021\/08\/Capture-de\u0301cran-2021-08-05-a\u0300-15.43.20.png","contentUrl":"https:\/\/www.acrobatesfilms.fr\/wp\/wp-content\/uploads\/2021\/08\/Capture-de\u0301cran-2021-08-05-a\u0300-15.43.20.png","width":944,"height":1344},{"@type":"WebPage","@id":"https:\/\/www.acrobatesfilms.fr\/en\/produit\/berre-le-defi-ecologique\/","url":"https:\/\/www.acrobatesfilms.fr\/en\/produit\/berre-le-defi-ecologique\/","name":"Berre, le D\u00e9fi \u00c9cologique - AcrobatesFilms","isPartOf":{"@id":"https:\/\/www.acrobatesfilms.fr\/#website"},"primaryImageOfPage":{"@id":"https:\/\/www.acrobatesfilms.fr\/en\/produit\/berre-le-defi-ecologique\/#primaryimage"},"datePublished":"2017-08-04T14:11:27+00:00","dateModified":"2022-01-17T13:11:56+00:00","breadcrumb":{"@id":"https:\/\/www.acrobatesfilms.fr\/en\/produit\/berre-le-defi-ecologique\/#breadcrumb"},"inLanguage":"en-US","potentialAction":[{"@type":"ReadAction","target":["https:\/\/www.acrobatesfilms.fr\/en\/produit\/berre-le-defi-ecologique\/"]}]},{"@type":"BreadcrumbList","@id":"https:\/\/www.acrobatesfilms.fr\/en\/produit\/berre-le-defi-ecologique\/#breadcrumb","itemListElement":[{"@type":"ListItem","position":1,"name":"Home","item":"https:\/\/www.acrobatesfilms.fr\/en\/acrobates-films-home-page\/"},{"@type":"ListItem","position":2,"name":"Shop","item":"https:\/\/www.acrobatesfilms.fr\/en\/shop\/"},{"@type":"ListItem","position":3,"name":"Berre, le D\u00e9fi \u00c9cologique"}]}]}},"_links":{"self":[{"href":"https:\/\/www.acrobatesfilms.fr\/en\/wp-json\/wp\/v2\/product\/4926"}],"collection":[{"href":"https:\/\/www.acrobatesfilms.fr\/en\/wp-json\/wp\/v2\/product"}],"about":[{"href":"https:\/\/www.acrobatesfilms.fr\/en\/wp-json\/wp\/v2\/types\/product"}],"replies":[{"embeddable":true,"href":"https:\/\/www.acrobatesfilms.fr\/en\/wp-json\/wp\/v2\/comments?post=4926"}],"wp:featuredmedia":[{"embeddable":true,"href":"https:\/\/www.acrobatesfilms.fr\/en\/wp-json\/wp\/v2\/media\/4975"}],"wp:attachment":[{"href":"https:\/\/www.acrobatesfilms.fr\/en\/wp-json\/wp\/v2\/media?parent=4926"}],"wp:term":[{"taxonomy":"product_cat","embeddable":true,"href":"https:\/\/www.acrobatesfilms.fr\/en\/wp-json\/wp\/v2\/product_cat?post=4926"},{"taxonomy":"product_tag","embeddable":true,"href":"https:\/\/www.acrobatesfilms.fr\/en\/wp-json\/wp\/v2\/product_tag?post=4926"}],"curies":[{"name":"wp","href":"https:\/\/api.w.org\/{rel}","templated":true}]}}