{"id":4927,"date":"2011-08-04T16:16:01","date_gmt":"2011-08-04T14:16:01","guid":{"rendered":"http:\/\/test.simonrautureau.fr\/acrobatesfilms\/?post_type=product&#038;p=4927"},"modified":"2021-12-31T16:36:22","modified_gmt":"2021-12-31T15:36:22","slug":"congo-les-meandres-de-la-democratie","status":"publish","type":"product","link":"https:\/\/www.acrobatesfilms.fr\/en\/produit\/congo-les-meandres-de-la-democratie\/","title":{"rendered":"<!--:fr-->Congo, les M\u00e9andres de la D\u00e9mocratie<!--:-->"},"content":{"rendered":"<h3>Fiche technique<\/h3>\n<p>Documentaire \u2013 52\u2019 \u2013 2011<br \/>\nR\u00e9alisateur : Arnaud Soulier<\/p>\n","protected":false},"excerpt":{"rendered":"<p><!--:en--><\/p>\n[embed]https:\/\/vimeo.com\/85169371[\/embed]\n<h3>Synopsis<\/h3>\n<p>Au travers d\u2019une exp\u00e9rience initi\u00e9e conjointement par la R\u00e9publique du Congo, la France, et l\u2019Union Europ\u00e9enne, pour renforcer la soci\u00e9t\u00e9 civile dans ce pays, dans une volont\u00e9 de paix sociale et de d\u00e9mocratie apr\u00e8s dix ans de guerre civile. Le film, retrace les changements de r\u00f4le de l\u2019aide au d\u00e9veloppement depuis les ann\u00e9es soixante et interroge sur la possible construction d\u2019une soci\u00e9t\u00e9 d\u00e9mocratique en R\u00e9publique du Congo, au travers d\u2019entretiens avec des personnalit\u00e9s de la soci\u00e9t\u00e9 civile congolaise et d\u2019une ONG fran\u00e7aise.<\/p>\n","protected":false},"featured_media":4928,"comment_status":"closed","ping_status":"closed","template":"","meta":[],"product_cat":[35],"product_tag":[],"yoast_head":"<!-- This site is optimized with the Yoast SEO plugin v19.3 - https:\/\/yoast.com\/wordpress\/plugins\/seo\/ -->\n<title>Congo, les M\u00e9andres de la D\u00e9mocratie - AcrobatesFilms<\/title>\n<meta name=\"robots\" content=\"index, follow, max-snippet:-1, max-image-preview:large, max-video-preview:-1\" \/>\n<link rel=\"canonical\" href=\"https:\/\/www.acrobatesfilms.fr\/en\/produit\/congo-les-meandres-de-la-democratie\/\" \/>\n<meta property=\"og:locale\" content=\"en_US\" \/>\n<meta property=\"og:type\" content=\"article\" \/>\n<meta property=\"og:title\" content=\"Congo, les M\u00e9andres de la D\u00e9mocratie - AcrobatesFilms\" \/>\n<meta property=\"og:description\" content=\"Synopsis Au travers d\u2019une exp\u00e9rience initi\u00e9e conjointement par la R\u00e9publique du Congo, la France, et l\u2019Union Europ\u00e9enne, pour renforcer la soci\u00e9t\u00e9 civile dans ce pays, dans une volont\u00e9 de paix sociale et de d\u00e9mocratie apr\u00e8s dix ans de guerre civile. Le film, retrace les changements de r\u00f4le de l\u2019aide au d\u00e9veloppement depuis les ann\u00e9es soixante et interroge sur la possible construction d\u2019une soci\u00e9t\u00e9 d\u00e9mocratique en R\u00e9publique du Congo, au travers d\u2019entretiens avec des personnalit\u00e9s de la soci\u00e9t\u00e9 civile congolaise et d\u2019une ONG fran\u00e7aise.\" \/>\n<meta property=\"og:url\" content=\"https:\/\/www.acrobatesfilms.fr\/en\/produit\/congo-les-meandres-de-la-democratie\/\" \/>\n<meta property=\"og:site_name\" content=\"AcrobatesFilms\" \/>\n<meta property=\"article:modified_time\" content=\"2021-12-31T15:36:22+00:00\" \/>\n<meta property=\"og:image\" content=\"https:\/\/www.acrobatesfilms.fr\/wp\/wp-content\/uploads\/2021\/08\/Congo.png\" \/>\n\t<meta property=\"og:image:width\" content=\"824\" \/>\n\t<meta property=\"og:image:height\" content=\"1192\" \/>\n\t<meta property=\"og:image:type\" content=\"image\/png\" \/>\n<script type=\"application\/ld+json\" class=\"yoast-schema-graph\">{\"@context\":\"https:\/\/schema.org\",\"@graph\":[{\"@type\":\"Organization\",\"@id\":\"https:\/\/www.acrobatesfilms.fr\/#organization\",\"name\":\"AcrobatesFilms\",\"url\":\"https:\/\/www.acrobatesfilms.fr\/\",\"sameAs\":[],\"logo\":{\"@type\":\"ImageObject\",\"inLanguage\":\"en-US\",\"@id\":\"https:\/\/www.acrobatesfilms.fr\/#\/schema\/logo\/image\/\",\"url\":\"https:\/\/www.acrobatesfilms.fr\/wp\/wp-content\/uploads\/2021\/02\/acrobates_noir-700x362d.png\",\"contentUrl\":\"https:\/\/www.acrobatesfilms.fr\/wp\/wp-content\/uploads\/2021\/02\/acrobates_noir-700x362d.png\",\"width\":700,\"height\":362,\"caption\":\"AcrobatesFilms\"},\"image\":{\"@id\":\"https:\/\/www.acrobatesfilms.fr\/#\/schema\/logo\/image\/\"}},{\"@type\":\"WebSite\",\"@id\":\"https:\/\/www.acrobatesfilms.fr\/#website\",\"url\":\"https:\/\/www.acrobatesfilms.fr\/\",\"name\":\"AcrobatesFilms\",\"description\":\"Soci\u00e9t\u00e9 de productions de films\",\"publisher\":{\"@id\":\"https:\/\/www.acrobatesfilms.fr\/#organization\"},\"potentialAction\":[{\"@type\":\"SearchAction\",\"target\":{\"@type\":\"EntryPoint\",\"urlTemplate\":\"https:\/\/www.acrobatesfilms.fr\/?s={search_term_string}\"},\"query-input\":\"required name=search_term_string\"}],\"inLanguage\":\"en-US\"},{\"@type\":\"ImageObject\",\"inLanguage\":\"en-US\",\"@id\":\"https:\/\/www.acrobatesfilms.fr\/en\/produit\/congo-les-meandres-de-la-democratie\/#primaryimage\",\"url\":\"https:\/\/www.acrobatesfilms.fr\/wp\/wp-content\/uploads\/2021\/08\/Congo.png\",\"contentUrl\":\"https:\/\/www.acrobatesfilms.fr\/wp\/wp-content\/uploads\/2021\/08\/Congo.png\",\"width\":824,\"height\":1192},{\"@type\":\"WebPage\",\"@id\":\"https:\/\/www.acrobatesfilms.fr\/en\/produit\/congo-les-meandres-de-la-democratie\/\",\"url\":\"https:\/\/www.acrobatesfilms.fr\/en\/produit\/congo-les-meandres-de-la-democratie\/\",\"name\":\"Congo, les M\u00e9andres de la D\u00e9mocratie - AcrobatesFilms\",\"isPartOf\":{\"@id\":\"https:\/\/www.acrobatesfilms.fr\/#website\"},\"primaryImageOfPage\":{\"@id\":\"https:\/\/www.acrobatesfilms.fr\/en\/produit\/congo-les-meandres-de-la-democratie\/#primaryimage\"},\"datePublished\":\"2011-08-04T14:16:01+00:00\",\"dateModified\":\"2021-12-31T15:36:22+00:00\",\"breadcrumb\":{\"@id\":\"https:\/\/www.acrobatesfilms.fr\/en\/produit\/congo-les-meandres-de-la-democratie\/#breadcrumb\"},\"inLanguage\":\"en-US\",\"potentialAction\":[{\"@type\":\"ReadAction\",\"target\":[\"https:\/\/www.acrobatesfilms.fr\/en\/produit\/congo-les-meandres-de-la-democratie\/\"]}]},{\"@type\":\"BreadcrumbList\",\"@id\":\"https:\/\/www.acrobatesfilms.fr\/en\/produit\/congo-les-meandres-de-la-democratie\/#breadcrumb\",\"itemListElement\":[{\"@type\":\"ListItem\",\"position\":1,\"name\":\"Home\",\"item\":\"https:\/\/www.acrobatesfilms.fr\/en\/acrobates-films-home-page\/\"},{\"@type\":\"ListItem\",\"position\":2,\"name\":\"Shop\",\"item\":\"https:\/\/www.acrobatesfilms.fr\/en\/shop\/\"},{\"@type\":\"ListItem\",\"position\":3,\"name\":\"Congo, les M\u00e9andres de la D\u00e9mocratie\"}]}]}<\/script>\n<!-- \/ Yoast SEO plugin. -->","yoast_head_json":{"title":"Congo, les M\u00e9andres de la D\u00e9mocratie - AcrobatesFilms","robots":{"index":"index","follow":"follow","max-snippet":"max-snippet:-1","max-image-preview":"max-image-preview:large","max-video-preview":"max-video-preview:-1"},"canonical":"https:\/\/www.acrobatesfilms.fr\/en\/produit\/congo-les-meandres-de-la-democratie\/","og_locale":"en_US","og_type":"article","og_title":"Congo, les M\u00e9andres de la D\u00e9mocratie - AcrobatesFilms","og_description":"Synopsis Au travers d\u2019une exp\u00e9rience initi\u00e9e conjointement par la R\u00e9publique du Congo, la France, et l\u2019Union Europ\u00e9enne, pour renforcer la soci\u00e9t\u00e9 civile dans ce pays, dans une volont\u00e9 de paix sociale et de d\u00e9mocratie apr\u00e8s dix ans de guerre civile. Le film, retrace les changements de r\u00f4le de l\u2019aide au d\u00e9veloppement depuis les ann\u00e9es soixante et interroge sur la possible construction d\u2019une soci\u00e9t\u00e9 d\u00e9mocratique en R\u00e9publique du Congo, au travers d\u2019entretiens avec des personnalit\u00e9s de la soci\u00e9t\u00e9 civile congolaise et d\u2019une ONG fran\u00e7aise.","og_url":"https:\/\/www.acrobatesfilms.fr\/en\/produit\/congo-les-meandres-de-la-democratie\/","og_site_name":"AcrobatesFilms","article_modified_time":"2021-12-31T15:36:22+00:00","og_image":[{"width":824,"height":1192,"url":"https:\/\/www.acrobatesfilms.fr\/wp\/wp-content\/uploads\/2021\/08\/Congo.png","type":"image\/png"}],"schema":{"@context":"https:\/\/schema.org","@graph":[{"@type":"Organization","@id":"https:\/\/www.acrobatesfilms.fr\/#organization","name":"AcrobatesFilms","url":"https:\/\/www.acrobatesfilms.fr\/","sameAs":[],"logo":{"@type":"ImageObject","inLanguage":"en-US","@id":"https:\/\/www.acrobatesfilms.fr\/#\/schema\/logo\/image\/","url":"https:\/\/www.acrobatesfilms.fr\/wp\/wp-content\/uploads\/2021\/02\/acrobates_noir-700x362d.png","contentUrl":"https:\/\/www.acrobatesfilms.fr\/wp\/wp-content\/uploads\/2021\/02\/acrobates_noir-700x362d.png","width":700,"height":362,"caption":"AcrobatesFilms"},"image":{"@id":"https:\/\/www.acrobatesfilms.fr\/#\/schema\/logo\/image\/"}},{"@type":"WebSite","@id":"https:\/\/www.acrobatesfilms.fr\/#website","url":"https:\/\/www.acrobatesfilms.fr\/","name":"AcrobatesFilms","description":"Soci\u00e9t\u00e9 de productions de films","publisher":{"@id":"https:\/\/www.acrobatesfilms.fr\/#organization"},"potentialAction":[{"@type":"SearchAction","target":{"@type":"EntryPoint","urlTemplate":"https:\/\/www.acrobatesfilms.fr\/?s={search_term_string}"},"query-input":"required name=search_term_string"}],"inLanguage":"en-US"},{"@type":"ImageObject","inLanguage":"en-US","@id":"https:\/\/www.acrobatesfilms.fr\/en\/produit\/congo-les-meandres-de-la-democratie\/#primaryimage","url":"https:\/\/www.acrobatesfilms.fr\/wp\/wp-content\/uploads\/2021\/08\/Congo.png","contentUrl":"https:\/\/www.acrobatesfilms.fr\/wp\/wp-content\/uploads\/2021\/08\/Congo.png","width":824,"height":1192},{"@type":"WebPage","@id":"https:\/\/www.acrobatesfilms.fr\/en\/produit\/congo-les-meandres-de-la-democratie\/","url":"https:\/\/www.acrobatesfilms.fr\/en\/produit\/congo-les-meandres-de-la-democratie\/","name":"Congo, les M\u00e9andres de la D\u00e9mocratie - AcrobatesFilms","isPartOf":{"@id":"https:\/\/www.acrobatesfilms.fr\/#website"},"primaryImageOfPage":{"@id":"https:\/\/www.acrobatesfilms.fr\/en\/produit\/congo-les-meandres-de-la-democratie\/#primaryimage"},"datePublished":"2011-08-04T14:16:01+00:00","dateModified":"2021-12-31T15:36:22+00:00","breadcrumb":{"@id":"https:\/\/www.acrobatesfilms.fr\/en\/produit\/congo-les-meandres-de-la-democratie\/#breadcrumb"},"inLanguage":"en-US","potentialAction":[{"@type":"ReadAction","target":["https:\/\/www.acrobatesfilms.fr\/en\/produit\/congo-les-meandres-de-la-democratie\/"]}]},{"@type":"BreadcrumbList","@id":"https:\/\/www.acrobatesfilms.fr\/en\/produit\/congo-les-meandres-de-la-democratie\/#breadcrumb","itemListElement":[{"@type":"ListItem","position":1,"name":"Home","item":"https:\/\/www.acrobatesfilms.fr\/en\/acrobates-films-home-page\/"},{"@type":"ListItem","position":2,"name":"Shop","item":"https:\/\/www.acrobatesfilms.fr\/en\/shop\/"},{"@type":"ListItem","position":3,"name":"Congo, les M\u00e9andres de la D\u00e9mocratie"}]}]}},"_links":{"self":[{"href":"https:\/\/www.acrobatesfilms.fr\/en\/wp-json\/wp\/v2\/product\/4927"}],"collection":[{"href":"https:\/\/www.acrobatesfilms.fr\/en\/wp-json\/wp\/v2\/product"}],"about":[{"href":"https:\/\/www.acrobatesfilms.fr\/en\/wp-json\/wp\/v2\/types\/product"}],"replies":[{"embeddable":true,"href":"https:\/\/www.acrobatesfilms.fr\/en\/wp-json\/wp\/v2\/comments?post=4927"}],"wp:featuredmedia":[{"embeddable":true,"href":"https:\/\/www.acrobatesfilms.fr\/en\/wp-json\/wp\/v2\/media\/4928"}],"wp:attachment":[{"href":"https:\/\/www.acrobatesfilms.fr\/en\/wp-json\/wp\/v2\/media?parent=4927"}],"wp:term":[{"taxonomy":"product_cat","embeddable":true,"href":"https:\/\/www.acrobatesfilms.fr\/en\/wp-json\/wp\/v2\/product_cat?post=4927"},{"taxonomy":"product_tag","embeddable":true,"href":"https:\/\/www.acrobatesfilms.fr\/en\/wp-json\/wp\/v2\/product_tag?post=4927"}],"curies":[{"name":"wp","href":"https:\/\/api.w.org\/{rel}","templated":true}]}}