{"id":4933,"date":"2014-08-04T16:53:36","date_gmt":"2014-08-04T14:53:36","guid":{"rendered":"http:\/\/test.simonrautureau.fr\/acrobatesfilms\/?post_type=product&#038;p=4933"},"modified":"2021-12-31T16:33:32","modified_gmt":"2021-12-31T15:33:32","slug":"fragments-sur-le-temps","status":"publish","type":"product","link":"https:\/\/www.acrobatesfilms.fr\/en\/produit\/fragments-sur-le-temps\/","title":{"rendered":"<!--:fr-->Fragments sur le Temps<!--:-->"},"content":{"rendered":"<h3>Fiche technique<\/h3>\n<p>Documentaire \u2013 74\u2019 \u2013 2014<br \/>\nR\u00e9alisateur : Dominique Comtat<\/p>\n","protected":false},"excerpt":{"rendered":"[embed]https:\/\/vimeo.com\/104931362[\/embed]\n<h3>Synopsis<\/h3>\n<p>Nous vivons immerg\u00e9s dans la notion d\u2019une chose \u00e0 laquelle nous avons donn\u00e9 le nom de Temps. Mais ce que d\u00e9signe ce mot, nous ne savons pas l\u2019expliquer : \u00e9tant comme des poissons incapables de d\u00e9finir l\u2019eau. Cependant nous croyons l\u2019avoir ou en manquer, pouvoir le prendre ou risquer de le perdre, car nous pensons qu\u2019il passe et qu\u2019il est compt\u00e9.<\/p>\n<p>Et quand nous voulons le mesurer, est-ce d\u2019autre chose que de nous-m\u00eames que nous prenons la mesure ?<\/p>\n","protected":false},"featured_media":4934,"comment_status":"closed","ping_status":"closed","template":"","meta":[],"product_cat":[35],"product_tag":[],"yoast_head":"<!-- This site is optimized with the Yoast SEO plugin v19.3 - https:\/\/yoast.com\/wordpress\/plugins\/seo\/ -->\n<title>Fragments sur le Temps - AcrobatesFilms<\/title>\n<meta name=\"robots\" content=\"index, follow, max-snippet:-1, max-image-preview:large, max-video-preview:-1\" \/>\n<link rel=\"canonical\" href=\"https:\/\/www.acrobatesfilms.fr\/en\/produit\/fragments-sur-le-temps\/\" \/>\n<meta property=\"og:locale\" content=\"en_US\" \/>\n<meta property=\"og:type\" content=\"article\" \/>\n<meta property=\"og:title\" content=\"Fragments sur le Temps - AcrobatesFilms\" \/>\n<meta property=\"og:description\" content=\"Synopsis Nous vivons immerg\u00e9s dans la notion d\u2019une chose \u00e0 laquelle nous avons donn\u00e9 le nom de Temps. Mais ce que d\u00e9signe ce mot, nous ne savons pas l\u2019expliquer : \u00e9tant comme des poissons incapables de d\u00e9finir l\u2019eau. Cependant nous croyons l\u2019avoir ou en manquer, pouvoir le prendre ou risquer de le perdre, car nous pensons qu\u2019il passe et qu\u2019il est compt\u00e9.  Et quand nous voulons le mesurer, est-ce d\u2019autre chose que de nous-m\u00eames que nous prenons la mesure ?\" \/>\n<meta property=\"og:url\" content=\"https:\/\/www.acrobatesfilms.fr\/en\/produit\/fragments-sur-le-temps\/\" \/>\n<meta property=\"og:site_name\" content=\"AcrobatesFilms\" \/>\n<meta property=\"article:modified_time\" content=\"2021-12-31T15:33:32+00:00\" \/>\n<meta property=\"og:image\" content=\"https:\/\/www.acrobatesfilms.fr\/wp\/wp-content\/uploads\/2021\/08\/Fragments-sur-le-Temps.png\" \/>\n\t<meta property=\"og:image:width\" content=\"714\" \/>\n\t<meta property=\"og:image:height\" content=\"1062\" \/>\n\t<meta property=\"og:image:type\" content=\"image\/png\" \/>\n<script type=\"application\/ld+json\" class=\"yoast-schema-graph\">{\"@context\":\"https:\/\/schema.org\",\"@graph\":[{\"@type\":\"Organization\",\"@id\":\"https:\/\/www.acrobatesfilms.fr\/#organization\",\"name\":\"AcrobatesFilms\",\"url\":\"https:\/\/www.acrobatesfilms.fr\/\",\"sameAs\":[],\"logo\":{\"@type\":\"ImageObject\",\"inLanguage\":\"en-US\",\"@id\":\"https:\/\/www.acrobatesfilms.fr\/#\/schema\/logo\/image\/\",\"url\":\"https:\/\/www.acrobatesfilms.fr\/wp\/wp-content\/uploads\/2021\/02\/acrobates_noir-700x362d.png\",\"contentUrl\":\"https:\/\/www.acrobatesfilms.fr\/wp\/wp-content\/uploads\/2021\/02\/acrobates_noir-700x362d.png\",\"width\":700,\"height\":362,\"caption\":\"AcrobatesFilms\"},\"image\":{\"@id\":\"https:\/\/www.acrobatesfilms.fr\/#\/schema\/logo\/image\/\"}},{\"@type\":\"WebSite\",\"@id\":\"https:\/\/www.acrobatesfilms.fr\/#website\",\"url\":\"https:\/\/www.acrobatesfilms.fr\/\",\"name\":\"AcrobatesFilms\",\"description\":\"Soci\u00e9t\u00e9 de productions de films\",\"publisher\":{\"@id\":\"https:\/\/www.acrobatesfilms.fr\/#organization\"},\"potentialAction\":[{\"@type\":\"SearchAction\",\"target\":{\"@type\":\"EntryPoint\",\"urlTemplate\":\"https:\/\/www.acrobatesfilms.fr\/?s={search_term_string}\"},\"query-input\":\"required name=search_term_string\"}],\"inLanguage\":\"en-US\"},{\"@type\":\"ImageObject\",\"inLanguage\":\"en-US\",\"@id\":\"https:\/\/www.acrobatesfilms.fr\/en\/produit\/fragments-sur-le-temps\/#primaryimage\",\"url\":\"https:\/\/www.acrobatesfilms.fr\/wp\/wp-content\/uploads\/2021\/08\/Fragments-sur-le-Temps.png\",\"contentUrl\":\"https:\/\/www.acrobatesfilms.fr\/wp\/wp-content\/uploads\/2021\/08\/Fragments-sur-le-Temps.png\",\"width\":714,\"height\":1062},{\"@type\":\"WebPage\",\"@id\":\"https:\/\/www.acrobatesfilms.fr\/en\/produit\/fragments-sur-le-temps\/\",\"url\":\"https:\/\/www.acrobatesfilms.fr\/en\/produit\/fragments-sur-le-temps\/\",\"name\":\"Fragments sur le Temps - AcrobatesFilms\",\"isPartOf\":{\"@id\":\"https:\/\/www.acrobatesfilms.fr\/#website\"},\"primaryImageOfPage\":{\"@id\":\"https:\/\/www.acrobatesfilms.fr\/en\/produit\/fragments-sur-le-temps\/#primaryimage\"},\"datePublished\":\"2014-08-04T14:53:36+00:00\",\"dateModified\":\"2021-12-31T15:33:32+00:00\",\"breadcrumb\":{\"@id\":\"https:\/\/www.acrobatesfilms.fr\/en\/produit\/fragments-sur-le-temps\/#breadcrumb\"},\"inLanguage\":\"en-US\",\"potentialAction\":[{\"@type\":\"ReadAction\",\"target\":[\"https:\/\/www.acrobatesfilms.fr\/en\/produit\/fragments-sur-le-temps\/\"]}]},{\"@type\":\"BreadcrumbList\",\"@id\":\"https:\/\/www.acrobatesfilms.fr\/en\/produit\/fragments-sur-le-temps\/#breadcrumb\",\"itemListElement\":[{\"@type\":\"ListItem\",\"position\":1,\"name\":\"Home\",\"item\":\"https:\/\/www.acrobatesfilms.fr\/en\/acrobates-films-home-page\/\"},{\"@type\":\"ListItem\",\"position\":2,\"name\":\"Shop\",\"item\":\"https:\/\/www.acrobatesfilms.fr\/en\/shop\/\"},{\"@type\":\"ListItem\",\"position\":3,\"name\":\"&lt;!--:fr--&gt;Fragments sur le Temps&lt;!--:--&gt;\"}]}]}<\/script>\n<!-- \/ Yoast SEO plugin. -->","yoast_head_json":{"title":"Fragments sur le Temps - AcrobatesFilms","robots":{"index":"index","follow":"follow","max-snippet":"max-snippet:-1","max-image-preview":"max-image-preview:large","max-video-preview":"max-video-preview:-1"},"canonical":"https:\/\/www.acrobatesfilms.fr\/en\/produit\/fragments-sur-le-temps\/","og_locale":"en_US","og_type":"article","og_title":"Fragments sur le Temps - AcrobatesFilms","og_description":"Synopsis Nous vivons immerg\u00e9s dans la notion d\u2019une chose \u00e0 laquelle nous avons donn\u00e9 le nom de Temps. Mais ce que d\u00e9signe ce mot, nous ne savons pas l\u2019expliquer : \u00e9tant comme des poissons incapables de d\u00e9finir l\u2019eau. Cependant nous croyons l\u2019avoir ou en manquer, pouvoir le prendre ou risquer de le perdre, car nous pensons qu\u2019il passe et qu\u2019il est compt\u00e9.  Et quand nous voulons le mesurer, est-ce d\u2019autre chose que de nous-m\u00eames que nous prenons la mesure ?","og_url":"https:\/\/www.acrobatesfilms.fr\/en\/produit\/fragments-sur-le-temps\/","og_site_name":"AcrobatesFilms","article_modified_time":"2021-12-31T15:33:32+00:00","og_image":[{"width":714,"height":1062,"url":"https:\/\/www.acrobatesfilms.fr\/wp\/wp-content\/uploads\/2021\/08\/Fragments-sur-le-Temps.png","type":"image\/png"}],"schema":{"@context":"https:\/\/schema.org","@graph":[{"@type":"Organization","@id":"https:\/\/www.acrobatesfilms.fr\/#organization","name":"AcrobatesFilms","url":"https:\/\/www.acrobatesfilms.fr\/","sameAs":[],"logo":{"@type":"ImageObject","inLanguage":"en-US","@id":"https:\/\/www.acrobatesfilms.fr\/#\/schema\/logo\/image\/","url":"https:\/\/www.acrobatesfilms.fr\/wp\/wp-content\/uploads\/2021\/02\/acrobates_noir-700x362d.png","contentUrl":"https:\/\/www.acrobatesfilms.fr\/wp\/wp-content\/uploads\/2021\/02\/acrobates_noir-700x362d.png","width":700,"height":362,"caption":"AcrobatesFilms"},"image":{"@id":"https:\/\/www.acrobatesfilms.fr\/#\/schema\/logo\/image\/"}},{"@type":"WebSite","@id":"https:\/\/www.acrobatesfilms.fr\/#website","url":"https:\/\/www.acrobatesfilms.fr\/","name":"AcrobatesFilms","description":"Soci\u00e9t\u00e9 de productions de films","publisher":{"@id":"https:\/\/www.acrobatesfilms.fr\/#organization"},"potentialAction":[{"@type":"SearchAction","target":{"@type":"EntryPoint","urlTemplate":"https:\/\/www.acrobatesfilms.fr\/?s={search_term_string}"},"query-input":"required name=search_term_string"}],"inLanguage":"en-US"},{"@type":"ImageObject","inLanguage":"en-US","@id":"https:\/\/www.acrobatesfilms.fr\/en\/produit\/fragments-sur-le-temps\/#primaryimage","url":"https:\/\/www.acrobatesfilms.fr\/wp\/wp-content\/uploads\/2021\/08\/Fragments-sur-le-Temps.png","contentUrl":"https:\/\/www.acrobatesfilms.fr\/wp\/wp-content\/uploads\/2021\/08\/Fragments-sur-le-Temps.png","width":714,"height":1062},{"@type":"WebPage","@id":"https:\/\/www.acrobatesfilms.fr\/en\/produit\/fragments-sur-le-temps\/","url":"https:\/\/www.acrobatesfilms.fr\/en\/produit\/fragments-sur-le-temps\/","name":"Fragments sur le Temps - AcrobatesFilms","isPartOf":{"@id":"https:\/\/www.acrobatesfilms.fr\/#website"},"primaryImageOfPage":{"@id":"https:\/\/www.acrobatesfilms.fr\/en\/produit\/fragments-sur-le-temps\/#primaryimage"},"datePublished":"2014-08-04T14:53:36+00:00","dateModified":"2021-12-31T15:33:32+00:00","breadcrumb":{"@id":"https:\/\/www.acrobatesfilms.fr\/en\/produit\/fragments-sur-le-temps\/#breadcrumb"},"inLanguage":"en-US","potentialAction":[{"@type":"ReadAction","target":["https:\/\/www.acrobatesfilms.fr\/en\/produit\/fragments-sur-le-temps\/"]}]},{"@type":"BreadcrumbList","@id":"https:\/\/www.acrobatesfilms.fr\/en\/produit\/fragments-sur-le-temps\/#breadcrumb","itemListElement":[{"@type":"ListItem","position":1,"name":"Home","item":"https:\/\/www.acrobatesfilms.fr\/en\/acrobates-films-home-page\/"},{"@type":"ListItem","position":2,"name":"Shop","item":"https:\/\/www.acrobatesfilms.fr\/en\/shop\/"},{"@type":"ListItem","position":3,"name":"&lt;!--:fr--&gt;Fragments sur le Temps&lt;!--:--&gt;"}]}]}},"_links":{"self":[{"href":"https:\/\/www.acrobatesfilms.fr\/en\/wp-json\/wp\/v2\/product\/4933"}],"collection":[{"href":"https:\/\/www.acrobatesfilms.fr\/en\/wp-json\/wp\/v2\/product"}],"about":[{"href":"https:\/\/www.acrobatesfilms.fr\/en\/wp-json\/wp\/v2\/types\/product"}],"replies":[{"embeddable":true,"href":"https:\/\/www.acrobatesfilms.fr\/en\/wp-json\/wp\/v2\/comments?post=4933"}],"wp:featuredmedia":[{"embeddable":true,"href":"https:\/\/www.acrobatesfilms.fr\/en\/wp-json\/wp\/v2\/media\/4934"}],"wp:attachment":[{"href":"https:\/\/www.acrobatesfilms.fr\/en\/wp-json\/wp\/v2\/media?parent=4933"}],"wp:term":[{"taxonomy":"product_cat","embeddable":true,"href":"https:\/\/www.acrobatesfilms.fr\/en\/wp-json\/wp\/v2\/product_cat?post=4933"},{"taxonomy":"product_tag","embeddable":true,"href":"https:\/\/www.acrobatesfilms.fr\/en\/wp-json\/wp\/v2\/product_tag?post=4933"}],"curies":[{"name":"wp","href":"https:\/\/api.w.org\/{rel}","templated":true}]}}