{"id":4937,"date":"2007-08-04T16:59:53","date_gmt":"2007-08-04T14:59:53","guid":{"rendered":"http:\/\/test.simonrautureau.fr\/acrobatesfilms\/?post_type=product&#038;p=4937"},"modified":"2022-06-02T14:49:09","modified_gmt":"2022-06-02T12:49:09","slug":"harouna-aboubacar-zeinabou-enfants-du-noma","status":"publish","type":"product","link":"https:\/\/www.acrobatesfilms.fr\/en\/produit\/harouna-aboubacar-zeinabou-enfants-du-noma\/","title":{"rendered":"<!--:fr-->Harouna Aboubacar Zeinabou, Enfants du Noma<!--:-->"},"content":{"rendered":"<h3>Fiche technique<\/h3>\n<p>Documentaire \u2013 61\u2019 \u2013 2007<br \/>\nR\u00e9alisateur : Christian Lajoumard<\/p>\n","protected":false},"excerpt":{"rendered":"[embed]https:\/\/vimeo.com\/161663071[\/embed]\n<h3>Synopsis<\/h3>\n<p style=\"text-align: justify;\">Harouna, Aboubacar et Zeinabou, trois enfants nig\u00e9riens, tous trois atteints \u00e0 un stade extr\u00eame par la maladie du Noma, vont \u00eatre transf\u00e9r\u00e9s en Europe pour y \u00eatre \u201creconstruits\u201d. Sur une p\u00e9riode comprise entre huit et douze mois \u2013 en fonction de leur temps d\u2019hospitalisation \u2013 nous suivons l\u2019\u00e9volution de ces enfants dans un contexte totalement diff\u00e9rent de celui dont ils sont originaires : l\u2019un \u00e9tant h\u00e9berg\u00e9 dans une famille d\u2019accueil, l\u2019autre dans un foyer avec d\u2019autres enfants de toutes origines g\u00e9ographiques, venus en Europe pour y \u00eatre soign\u00e9s.<\/p>\n","protected":false},"featured_media":4938,"comment_status":"closed","ping_status":"closed","template":"","meta":[],"product_cat":[35],"product_tag":[],"yoast_head":"<!-- This site is optimized with the Yoast SEO plugin v19.3 - https:\/\/yoast.com\/wordpress\/plugins\/seo\/ -->\n<title>Harouna Aboubacar Zeinabou, Enfants du Noma - AcrobatesFilms<\/title>\n<meta name=\"robots\" content=\"index, follow, max-snippet:-1, max-image-preview:large, max-video-preview:-1\" \/>\n<link rel=\"canonical\" href=\"https:\/\/www.acrobatesfilms.fr\/en\/produit\/harouna-aboubacar-zeinabou-enfants-du-noma\/\" \/>\n<meta property=\"og:locale\" content=\"en_US\" \/>\n<meta property=\"og:type\" content=\"article\" \/>\n<meta property=\"og:title\" content=\"Harouna Aboubacar Zeinabou, Enfants du Noma - AcrobatesFilms\" \/>\n<meta property=\"og:description\" content=\"Synopsis Harouna, Aboubacar et Zeinabou, trois enfants nig\u00e9riens, tous trois atteints \u00e0 un stade extr\u00eame par la maladie du Noma, vont \u00eatre transf\u00e9r\u00e9s en Europe pour y \u00eatre \u201creconstruits\u201d. Sur une p\u00e9riode comprise entre huit et douze mois \u2013 en fonction de leur temps d\u2019hospitalisation \u2013 nous suivons l\u2019\u00e9volution de ces enfants dans un contexte totalement diff\u00e9rent de celui dont ils sont originaires : l\u2019un \u00e9tant h\u00e9berg\u00e9 dans une famille d\u2019accueil, l\u2019autre dans un foyer avec d\u2019autres enfants de toutes origines g\u00e9ographiques, venus en Europe pour y \u00eatre soign\u00e9s.\" \/>\n<meta property=\"og:url\" content=\"https:\/\/www.acrobatesfilms.fr\/en\/produit\/harouna-aboubacar-zeinabou-enfants-du-noma\/\" \/>\n<meta property=\"og:site_name\" content=\"AcrobatesFilms\" \/>\n<meta property=\"article:modified_time\" content=\"2022-06-02T12:49:09+00:00\" \/>\n<meta property=\"og:image\" content=\"https:\/\/www.acrobatesfilms.fr\/wp\/wp-content\/uploads\/2021\/08\/Harouna.png\" \/>\n\t<meta property=\"og:image:width\" content=\"832\" \/>\n\t<meta property=\"og:image:height\" content=\"1196\" \/>\n\t<meta property=\"og:image:type\" content=\"image\/png\" \/>\n<script type=\"application\/ld+json\" class=\"yoast-schema-graph\">{\"@context\":\"https:\/\/schema.org\",\"@graph\":[{\"@type\":\"Organization\",\"@id\":\"https:\/\/www.acrobatesfilms.fr\/#organization\",\"name\":\"AcrobatesFilms\",\"url\":\"https:\/\/www.acrobatesfilms.fr\/\",\"sameAs\":[],\"logo\":{\"@type\":\"ImageObject\",\"inLanguage\":\"en-US\",\"@id\":\"https:\/\/www.acrobatesfilms.fr\/#\/schema\/logo\/image\/\",\"url\":\"https:\/\/www.acrobatesfilms.fr\/wp\/wp-content\/uploads\/2021\/02\/acrobates_noir-700x362d.png\",\"contentUrl\":\"https:\/\/www.acrobatesfilms.fr\/wp\/wp-content\/uploads\/2021\/02\/acrobates_noir-700x362d.png\",\"width\":700,\"height\":362,\"caption\":\"AcrobatesFilms\"},\"image\":{\"@id\":\"https:\/\/www.acrobatesfilms.fr\/#\/schema\/logo\/image\/\"}},{\"@type\":\"WebSite\",\"@id\":\"https:\/\/www.acrobatesfilms.fr\/#website\",\"url\":\"https:\/\/www.acrobatesfilms.fr\/\",\"name\":\"AcrobatesFilms\",\"description\":\"Soci\u00e9t\u00e9 de productions de films\",\"publisher\":{\"@id\":\"https:\/\/www.acrobatesfilms.fr\/#organization\"},\"potentialAction\":[{\"@type\":\"SearchAction\",\"target\":{\"@type\":\"EntryPoint\",\"urlTemplate\":\"https:\/\/www.acrobatesfilms.fr\/?s={search_term_string}\"},\"query-input\":\"required name=search_term_string\"}],\"inLanguage\":\"en-US\"},{\"@type\":\"ImageObject\",\"inLanguage\":\"en-US\",\"@id\":\"https:\/\/www.acrobatesfilms.fr\/en\/produit\/harouna-aboubacar-zeinabou-enfants-du-noma\/#primaryimage\",\"url\":\"https:\/\/www.acrobatesfilms.fr\/wp\/wp-content\/uploads\/2021\/08\/Harouna.png\",\"contentUrl\":\"https:\/\/www.acrobatesfilms.fr\/wp\/wp-content\/uploads\/2021\/08\/Harouna.png\",\"width\":832,\"height\":1196},{\"@type\":\"WebPage\",\"@id\":\"https:\/\/www.acrobatesfilms.fr\/en\/produit\/harouna-aboubacar-zeinabou-enfants-du-noma\/\",\"url\":\"https:\/\/www.acrobatesfilms.fr\/en\/produit\/harouna-aboubacar-zeinabou-enfants-du-noma\/\",\"name\":\"Harouna Aboubacar Zeinabou, Enfants du Noma - AcrobatesFilms\",\"isPartOf\":{\"@id\":\"https:\/\/www.acrobatesfilms.fr\/#website\"},\"primaryImageOfPage\":{\"@id\":\"https:\/\/www.acrobatesfilms.fr\/en\/produit\/harouna-aboubacar-zeinabou-enfants-du-noma\/#primaryimage\"},\"datePublished\":\"2007-08-04T14:59:53+00:00\",\"dateModified\":\"2022-06-02T12:49:09+00:00\",\"breadcrumb\":{\"@id\":\"https:\/\/www.acrobatesfilms.fr\/en\/produit\/harouna-aboubacar-zeinabou-enfants-du-noma\/#breadcrumb\"},\"inLanguage\":\"en-US\",\"potentialAction\":[{\"@type\":\"ReadAction\",\"target\":[\"https:\/\/www.acrobatesfilms.fr\/en\/produit\/harouna-aboubacar-zeinabou-enfants-du-noma\/\"]}]},{\"@type\":\"BreadcrumbList\",\"@id\":\"https:\/\/www.acrobatesfilms.fr\/en\/produit\/harouna-aboubacar-zeinabou-enfants-du-noma\/#breadcrumb\",\"itemListElement\":[{\"@type\":\"ListItem\",\"position\":1,\"name\":\"Home\",\"item\":\"https:\/\/www.acrobatesfilms.fr\/en\/acrobates-films-home-page\/\"},{\"@type\":\"ListItem\",\"position\":2,\"name\":\"Shop\",\"item\":\"https:\/\/www.acrobatesfilms.fr\/en\/shop\/\"},{\"@type\":\"ListItem\",\"position\":3,\"name\":\"Harouna Aboubacar Zeinabou, Enfants du Noma\"}]}]}<\/script>\n<!-- \/ Yoast SEO plugin. -->","yoast_head_json":{"title":"Harouna Aboubacar Zeinabou, Enfants du Noma - AcrobatesFilms","robots":{"index":"index","follow":"follow","max-snippet":"max-snippet:-1","max-image-preview":"max-image-preview:large","max-video-preview":"max-video-preview:-1"},"canonical":"https:\/\/www.acrobatesfilms.fr\/en\/produit\/harouna-aboubacar-zeinabou-enfants-du-noma\/","og_locale":"en_US","og_type":"article","og_title":"Harouna Aboubacar Zeinabou, Enfants du Noma - AcrobatesFilms","og_description":"Synopsis Harouna, Aboubacar et Zeinabou, trois enfants nig\u00e9riens, tous trois atteints \u00e0 un stade extr\u00eame par la maladie du Noma, vont \u00eatre transf\u00e9r\u00e9s en Europe pour y \u00eatre \u201creconstruits\u201d. Sur une p\u00e9riode comprise entre huit et douze mois \u2013 en fonction de leur temps d\u2019hospitalisation \u2013 nous suivons l\u2019\u00e9volution de ces enfants dans un contexte totalement diff\u00e9rent de celui dont ils sont originaires : l\u2019un \u00e9tant h\u00e9berg\u00e9 dans une famille d\u2019accueil, l\u2019autre dans un foyer avec d\u2019autres enfants de toutes origines g\u00e9ographiques, venus en Europe pour y \u00eatre soign\u00e9s.","og_url":"https:\/\/www.acrobatesfilms.fr\/en\/produit\/harouna-aboubacar-zeinabou-enfants-du-noma\/","og_site_name":"AcrobatesFilms","article_modified_time":"2022-06-02T12:49:09+00:00","og_image":[{"width":832,"height":1196,"url":"https:\/\/www.acrobatesfilms.fr\/wp\/wp-content\/uploads\/2021\/08\/Harouna.png","type":"image\/png"}],"schema":{"@context":"https:\/\/schema.org","@graph":[{"@type":"Organization","@id":"https:\/\/www.acrobatesfilms.fr\/#organization","name":"AcrobatesFilms","url":"https:\/\/www.acrobatesfilms.fr\/","sameAs":[],"logo":{"@type":"ImageObject","inLanguage":"en-US","@id":"https:\/\/www.acrobatesfilms.fr\/#\/schema\/logo\/image\/","url":"https:\/\/www.acrobatesfilms.fr\/wp\/wp-content\/uploads\/2021\/02\/acrobates_noir-700x362d.png","contentUrl":"https:\/\/www.acrobatesfilms.fr\/wp\/wp-content\/uploads\/2021\/02\/acrobates_noir-700x362d.png","width":700,"height":362,"caption":"AcrobatesFilms"},"image":{"@id":"https:\/\/www.acrobatesfilms.fr\/#\/schema\/logo\/image\/"}},{"@type":"WebSite","@id":"https:\/\/www.acrobatesfilms.fr\/#website","url":"https:\/\/www.acrobatesfilms.fr\/","name":"AcrobatesFilms","description":"Soci\u00e9t\u00e9 de productions de films","publisher":{"@id":"https:\/\/www.acrobatesfilms.fr\/#organization"},"potentialAction":[{"@type":"SearchAction","target":{"@type":"EntryPoint","urlTemplate":"https:\/\/www.acrobatesfilms.fr\/?s={search_term_string}"},"query-input":"required name=search_term_string"}],"inLanguage":"en-US"},{"@type":"ImageObject","inLanguage":"en-US","@id":"https:\/\/www.acrobatesfilms.fr\/en\/produit\/harouna-aboubacar-zeinabou-enfants-du-noma\/#primaryimage","url":"https:\/\/www.acrobatesfilms.fr\/wp\/wp-content\/uploads\/2021\/08\/Harouna.png","contentUrl":"https:\/\/www.acrobatesfilms.fr\/wp\/wp-content\/uploads\/2021\/08\/Harouna.png","width":832,"height":1196},{"@type":"WebPage","@id":"https:\/\/www.acrobatesfilms.fr\/en\/produit\/harouna-aboubacar-zeinabou-enfants-du-noma\/","url":"https:\/\/www.acrobatesfilms.fr\/en\/produit\/harouna-aboubacar-zeinabou-enfants-du-noma\/","name":"Harouna Aboubacar Zeinabou, Enfants du Noma - AcrobatesFilms","isPartOf":{"@id":"https:\/\/www.acrobatesfilms.fr\/#website"},"primaryImageOfPage":{"@id":"https:\/\/www.acrobatesfilms.fr\/en\/produit\/harouna-aboubacar-zeinabou-enfants-du-noma\/#primaryimage"},"datePublished":"2007-08-04T14:59:53+00:00","dateModified":"2022-06-02T12:49:09+00:00","breadcrumb":{"@id":"https:\/\/www.acrobatesfilms.fr\/en\/produit\/harouna-aboubacar-zeinabou-enfants-du-noma\/#breadcrumb"},"inLanguage":"en-US","potentialAction":[{"@type":"ReadAction","target":["https:\/\/www.acrobatesfilms.fr\/en\/produit\/harouna-aboubacar-zeinabou-enfants-du-noma\/"]}]},{"@type":"BreadcrumbList","@id":"https:\/\/www.acrobatesfilms.fr\/en\/produit\/harouna-aboubacar-zeinabou-enfants-du-noma\/#breadcrumb","itemListElement":[{"@type":"ListItem","position":1,"name":"Home","item":"https:\/\/www.acrobatesfilms.fr\/en\/acrobates-films-home-page\/"},{"@type":"ListItem","position":2,"name":"Shop","item":"https:\/\/www.acrobatesfilms.fr\/en\/shop\/"},{"@type":"ListItem","position":3,"name":"Harouna Aboubacar Zeinabou, Enfants du Noma"}]}]}},"_links":{"self":[{"href":"https:\/\/www.acrobatesfilms.fr\/en\/wp-json\/wp\/v2\/product\/4937"}],"collection":[{"href":"https:\/\/www.acrobatesfilms.fr\/en\/wp-json\/wp\/v2\/product"}],"about":[{"href":"https:\/\/www.acrobatesfilms.fr\/en\/wp-json\/wp\/v2\/types\/product"}],"replies":[{"embeddable":true,"href":"https:\/\/www.acrobatesfilms.fr\/en\/wp-json\/wp\/v2\/comments?post=4937"}],"wp:featuredmedia":[{"embeddable":true,"href":"https:\/\/www.acrobatesfilms.fr\/en\/wp-json\/wp\/v2\/media\/4938"}],"wp:attachment":[{"href":"https:\/\/www.acrobatesfilms.fr\/en\/wp-json\/wp\/v2\/media?parent=4937"}],"wp:term":[{"taxonomy":"product_cat","embeddable":true,"href":"https:\/\/www.acrobatesfilms.fr\/en\/wp-json\/wp\/v2\/product_cat?post=4937"},{"taxonomy":"product_tag","embeddable":true,"href":"https:\/\/www.acrobatesfilms.fr\/en\/wp-json\/wp\/v2\/product_tag?post=4937"}],"curies":[{"name":"wp","href":"https:\/\/api.w.org\/{rel}","templated":true}]}}