{"id":4939,"date":"2017-08-04T17:01:15","date_gmt":"2017-08-04T15:01:15","guid":{"rendered":"http:\/\/test.simonrautureau.fr\/acrobatesfilms\/?post_type=product&#038;p=4939"},"modified":"2021-12-31T16:31:27","modified_gmt":"2021-12-31T15:31:27","slug":"lafrique-collectionnee","status":"publish","type":"product","link":"https:\/\/www.acrobatesfilms.fr\/en\/produit\/lafrique-collectionnee\/","title":{"rendered":"<!--:fr-->L&#8217;Afrique Collectionn\u00e9e<!--:-->"},"content":{"rendered":"<h3>Fiche technique<\/h3>\n<p>Documentaire \u2013 64\u2019 \u2013 2017<br \/>\nR\u00e9alisateur : Christian Lajoumard<\/p>\n","protected":false},"excerpt":{"rendered":"<p><!--:en--><\/p>\n[embed]https:\/\/vimeo.com\/241263358[\/embed]\n<h3>Synopsis<\/h3>\n<p>L\u2019Afrique est un continent riche de cultures mill\u00e9naires qui ont, au fil des si\u00e8cles, produit des \u0153uvres parmi les plus remarquables du patrimoine universel. Ces \u0153uvres, pour la grande majorit\u00e9, sont conserv\u00e9es dans des institutions ou chez des particuliers qui se trouvent hors d\u2019Afrique. Ce fait av\u00e9r\u00e9 n\u2019est pas sans poser de s\u00e9rieux et \u00e9vidents probl\u00e8mes d\u2019acc\u00e8s \u00e0 un patrimoine cr\u00e9\u00e9 dans les pays du Sud et r\u00e9serv\u00e9 aux populations des pays du Nord.<\/p>\n<p>\u201cL\u2019Afrique collectionn\u00e9e\u201d est un \u00e9tat des lieux de ces complexes relations nord\/sud autour de la probl\u00e9matique de l\u2019art traditionnel africain. En donnant la parole \u00e0 des collectionneurs, galeristes, responsables de mus\u00e9es, chercheurs, philosophes, sociologues ou artistes le film confronte et met en perspectives les diff\u00e9rentes voix qui pr\u00e9sident aux destin\u00e9es de ces \u0153uvres. Il trace les grandes lignes de discussions qui vont prendre de plus en plus de sens dans les ann\u00e9es futures.<!--:--><!--:fr--><\/p>\n","protected":false},"featured_media":4976,"comment_status":"closed","ping_status":"closed","template":"","meta":[],"product_cat":[35],"product_tag":[],"yoast_head":"<!-- This site is optimized with the Yoast SEO plugin v19.3 - https:\/\/yoast.com\/wordpress\/plugins\/seo\/ -->\n<title>L&#039;Afrique Collectionn\u00e9e - AcrobatesFilms<\/title>\n<meta name=\"robots\" content=\"index, follow, max-snippet:-1, max-image-preview:large, max-video-preview:-1\" \/>\n<link rel=\"canonical\" href=\"https:\/\/www.acrobatesfilms.fr\/en\/produit\/lafrique-collectionnee\/\" \/>\n<meta property=\"og:locale\" content=\"en_US\" \/>\n<meta property=\"og:type\" content=\"article\" \/>\n<meta property=\"og:title\" content=\"L&#039;Afrique Collectionn\u00e9e - AcrobatesFilms\" \/>\n<meta property=\"og:description\" content=\"Synopsis L\u2019Afrique est un continent riche de cultures mill\u00e9naires qui ont, au fil des si\u00e8cles, produit des \u0153uvres parmi les plus remarquables du patrimoine universel. Ces \u0153uvres, pour la grande majorit\u00e9, sont conserv\u00e9es dans des institutions ou chez des particuliers qui se trouvent hors d\u2019Afrique. Ce fait av\u00e9r\u00e9 n\u2019est pas sans poser de s\u00e9rieux et \u00e9vidents probl\u00e8mes d\u2019acc\u00e8s \u00e0 un patrimoine cr\u00e9\u00e9 dans les pays du Sud et r\u00e9serv\u00e9 aux populations des pays du Nord.  \u201cL\u2019Afrique collectionn\u00e9e\u201d est un \u00e9tat des lieux de ces complexes relations nord\/sud autour de la probl\u00e9matique de l\u2019art traditionnel africain. En donnant la parole \u00e0 des collectionneurs, galeristes, responsables de mus\u00e9es, chercheurs, philosophes, sociologues ou artistes le film confronte et met en perspectives les diff\u00e9rentes voix qui pr\u00e9sident aux destin\u00e9es de ces \u0153uvres. Il trace les grandes lignes de discussions qui vont prendre de plus en plus de sens dans les ann\u00e9es futures.\" \/>\n<meta property=\"og:url\" content=\"https:\/\/www.acrobatesfilms.fr\/en\/produit\/lafrique-collectionnee\/\" \/>\n<meta property=\"og:site_name\" content=\"AcrobatesFilms\" \/>\n<meta property=\"article:modified_time\" content=\"2021-12-31T15:31:27+00:00\" \/>\n<meta property=\"og:image\" content=\"https:\/\/www.acrobatesfilms.fr\/wp\/wp-content\/uploads\/2021\/08\/Capture-de\u0301cran-2021-08-05-a\u0300-15.43.34.png\" \/>\n\t<meta property=\"og:image:width\" content=\"926\" \/>\n\t<meta property=\"og:image:height\" content=\"1334\" \/>\n\t<meta property=\"og:image:type\" content=\"image\/png\" \/>\n<script type=\"application\/ld+json\" class=\"yoast-schema-graph\">{\"@context\":\"https:\/\/schema.org\",\"@graph\":[{\"@type\":\"Organization\",\"@id\":\"https:\/\/www.acrobatesfilms.fr\/#organization\",\"name\":\"AcrobatesFilms\",\"url\":\"https:\/\/www.acrobatesfilms.fr\/\",\"sameAs\":[],\"logo\":{\"@type\":\"ImageObject\",\"inLanguage\":\"en-US\",\"@id\":\"https:\/\/www.acrobatesfilms.fr\/#\/schema\/logo\/image\/\",\"url\":\"https:\/\/www.acrobatesfilms.fr\/wp\/wp-content\/uploads\/2021\/02\/acrobates_noir-700x362d.png\",\"contentUrl\":\"https:\/\/www.acrobatesfilms.fr\/wp\/wp-content\/uploads\/2021\/02\/acrobates_noir-700x362d.png\",\"width\":700,\"height\":362,\"caption\":\"AcrobatesFilms\"},\"image\":{\"@id\":\"https:\/\/www.acrobatesfilms.fr\/#\/schema\/logo\/image\/\"}},{\"@type\":\"WebSite\",\"@id\":\"https:\/\/www.acrobatesfilms.fr\/#website\",\"url\":\"https:\/\/www.acrobatesfilms.fr\/\",\"name\":\"AcrobatesFilms\",\"description\":\"Soci\u00e9t\u00e9 de productions de films\",\"publisher\":{\"@id\":\"https:\/\/www.acrobatesfilms.fr\/#organization\"},\"potentialAction\":[{\"@type\":\"SearchAction\",\"target\":{\"@type\":\"EntryPoint\",\"urlTemplate\":\"https:\/\/www.acrobatesfilms.fr\/?s={search_term_string}\"},\"query-input\":\"required name=search_term_string\"}],\"inLanguage\":\"en-US\"},{\"@type\":\"ImageObject\",\"inLanguage\":\"en-US\",\"@id\":\"https:\/\/www.acrobatesfilms.fr\/en\/produit\/lafrique-collectionnee\/#primaryimage\",\"url\":\"https:\/\/www.acrobatesfilms.fr\/wp\/wp-content\/uploads\/2021\/08\/Capture-de\u0301cran-2021-08-05-a\u0300-15.43.34.png\",\"contentUrl\":\"https:\/\/www.acrobatesfilms.fr\/wp\/wp-content\/uploads\/2021\/08\/Capture-de\u0301cran-2021-08-05-a\u0300-15.43.34.png\",\"width\":926,\"height\":1334},{\"@type\":\"WebPage\",\"@id\":\"https:\/\/www.acrobatesfilms.fr\/en\/produit\/lafrique-collectionnee\/\",\"url\":\"https:\/\/www.acrobatesfilms.fr\/en\/produit\/lafrique-collectionnee\/\",\"name\":\"L'Afrique Collectionn\u00e9e - AcrobatesFilms\",\"isPartOf\":{\"@id\":\"https:\/\/www.acrobatesfilms.fr\/#website\"},\"primaryImageOfPage\":{\"@id\":\"https:\/\/www.acrobatesfilms.fr\/en\/produit\/lafrique-collectionnee\/#primaryimage\"},\"datePublished\":\"2017-08-04T15:01:15+00:00\",\"dateModified\":\"2021-12-31T15:31:27+00:00\",\"breadcrumb\":{\"@id\":\"https:\/\/www.acrobatesfilms.fr\/en\/produit\/lafrique-collectionnee\/#breadcrumb\"},\"inLanguage\":\"en-US\",\"potentialAction\":[{\"@type\":\"ReadAction\",\"target\":[\"https:\/\/www.acrobatesfilms.fr\/en\/produit\/lafrique-collectionnee\/\"]}]},{\"@type\":\"BreadcrumbList\",\"@id\":\"https:\/\/www.acrobatesfilms.fr\/en\/produit\/lafrique-collectionnee\/#breadcrumb\",\"itemListElement\":[{\"@type\":\"ListItem\",\"position\":1,\"name\":\"Home\",\"item\":\"https:\/\/www.acrobatesfilms.fr\/en\/acrobates-films-home-page\/\"},{\"@type\":\"ListItem\",\"position\":2,\"name\":\"Shop\",\"item\":\"https:\/\/www.acrobatesfilms.fr\/en\/shop\/\"},{\"@type\":\"ListItem\",\"position\":3,\"name\":\"&lt;!--:fr--&gt;L&rsquo;Afrique Collectionn\u00e9e&lt;!--:--&gt;\"}]}]}<\/script>\n<!-- \/ Yoast SEO plugin. -->","yoast_head_json":{"title":"L'Afrique Collectionn\u00e9e - AcrobatesFilms","robots":{"index":"index","follow":"follow","max-snippet":"max-snippet:-1","max-image-preview":"max-image-preview:large","max-video-preview":"max-video-preview:-1"},"canonical":"https:\/\/www.acrobatesfilms.fr\/en\/produit\/lafrique-collectionnee\/","og_locale":"en_US","og_type":"article","og_title":"L'Afrique Collectionn\u00e9e - AcrobatesFilms","og_description":"Synopsis L\u2019Afrique est un continent riche de cultures mill\u00e9naires qui ont, au fil des si\u00e8cles, produit des \u0153uvres parmi les plus remarquables du patrimoine universel. Ces \u0153uvres, pour la grande majorit\u00e9, sont conserv\u00e9es dans des institutions ou chez des particuliers qui se trouvent hors d\u2019Afrique. Ce fait av\u00e9r\u00e9 n\u2019est pas sans poser de s\u00e9rieux et \u00e9vidents probl\u00e8mes d\u2019acc\u00e8s \u00e0 un patrimoine cr\u00e9\u00e9 dans les pays du Sud et r\u00e9serv\u00e9 aux populations des pays du Nord.  \u201cL\u2019Afrique collectionn\u00e9e\u201d est un \u00e9tat des lieux de ces complexes relations nord\/sud autour de la probl\u00e9matique de l\u2019art traditionnel africain. En donnant la parole \u00e0 des collectionneurs, galeristes, responsables de mus\u00e9es, chercheurs, philosophes, sociologues ou artistes le film confronte et met en perspectives les diff\u00e9rentes voix qui pr\u00e9sident aux destin\u00e9es de ces \u0153uvres. Il trace les grandes lignes de discussions qui vont prendre de plus en plus de sens dans les ann\u00e9es futures.","og_url":"https:\/\/www.acrobatesfilms.fr\/en\/produit\/lafrique-collectionnee\/","og_site_name":"AcrobatesFilms","article_modified_time":"2021-12-31T15:31:27+00:00","og_image":[{"width":926,"height":1334,"url":"https:\/\/www.acrobatesfilms.fr\/wp\/wp-content\/uploads\/2021\/08\/Capture-de\u0301cran-2021-08-05-a\u0300-15.43.34.png","type":"image\/png"}],"schema":{"@context":"https:\/\/schema.org","@graph":[{"@type":"Organization","@id":"https:\/\/www.acrobatesfilms.fr\/#organization","name":"AcrobatesFilms","url":"https:\/\/www.acrobatesfilms.fr\/","sameAs":[],"logo":{"@type":"ImageObject","inLanguage":"en-US","@id":"https:\/\/www.acrobatesfilms.fr\/#\/schema\/logo\/image\/","url":"https:\/\/www.acrobatesfilms.fr\/wp\/wp-content\/uploads\/2021\/02\/acrobates_noir-700x362d.png","contentUrl":"https:\/\/www.acrobatesfilms.fr\/wp\/wp-content\/uploads\/2021\/02\/acrobates_noir-700x362d.png","width":700,"height":362,"caption":"AcrobatesFilms"},"image":{"@id":"https:\/\/www.acrobatesfilms.fr\/#\/schema\/logo\/image\/"}},{"@type":"WebSite","@id":"https:\/\/www.acrobatesfilms.fr\/#website","url":"https:\/\/www.acrobatesfilms.fr\/","name":"AcrobatesFilms","description":"Soci\u00e9t\u00e9 de productions de films","publisher":{"@id":"https:\/\/www.acrobatesfilms.fr\/#organization"},"potentialAction":[{"@type":"SearchAction","target":{"@type":"EntryPoint","urlTemplate":"https:\/\/www.acrobatesfilms.fr\/?s={search_term_string}"},"query-input":"required name=search_term_string"}],"inLanguage":"en-US"},{"@type":"ImageObject","inLanguage":"en-US","@id":"https:\/\/www.acrobatesfilms.fr\/en\/produit\/lafrique-collectionnee\/#primaryimage","url":"https:\/\/www.acrobatesfilms.fr\/wp\/wp-content\/uploads\/2021\/08\/Capture-de\u0301cran-2021-08-05-a\u0300-15.43.34.png","contentUrl":"https:\/\/www.acrobatesfilms.fr\/wp\/wp-content\/uploads\/2021\/08\/Capture-de\u0301cran-2021-08-05-a\u0300-15.43.34.png","width":926,"height":1334},{"@type":"WebPage","@id":"https:\/\/www.acrobatesfilms.fr\/en\/produit\/lafrique-collectionnee\/","url":"https:\/\/www.acrobatesfilms.fr\/en\/produit\/lafrique-collectionnee\/","name":"L'Afrique Collectionn\u00e9e - AcrobatesFilms","isPartOf":{"@id":"https:\/\/www.acrobatesfilms.fr\/#website"},"primaryImageOfPage":{"@id":"https:\/\/www.acrobatesfilms.fr\/en\/produit\/lafrique-collectionnee\/#primaryimage"},"datePublished":"2017-08-04T15:01:15+00:00","dateModified":"2021-12-31T15:31:27+00:00","breadcrumb":{"@id":"https:\/\/www.acrobatesfilms.fr\/en\/produit\/lafrique-collectionnee\/#breadcrumb"},"inLanguage":"en-US","potentialAction":[{"@type":"ReadAction","target":["https:\/\/www.acrobatesfilms.fr\/en\/produit\/lafrique-collectionnee\/"]}]},{"@type":"BreadcrumbList","@id":"https:\/\/www.acrobatesfilms.fr\/en\/produit\/lafrique-collectionnee\/#breadcrumb","itemListElement":[{"@type":"ListItem","position":1,"name":"Home","item":"https:\/\/www.acrobatesfilms.fr\/en\/acrobates-films-home-page\/"},{"@type":"ListItem","position":2,"name":"Shop","item":"https:\/\/www.acrobatesfilms.fr\/en\/shop\/"},{"@type":"ListItem","position":3,"name":"&lt;!--:fr--&gt;L&rsquo;Afrique Collectionn\u00e9e&lt;!--:--&gt;"}]}]}},"_links":{"self":[{"href":"https:\/\/www.acrobatesfilms.fr\/en\/wp-json\/wp\/v2\/product\/4939"}],"collection":[{"href":"https:\/\/www.acrobatesfilms.fr\/en\/wp-json\/wp\/v2\/product"}],"about":[{"href":"https:\/\/www.acrobatesfilms.fr\/en\/wp-json\/wp\/v2\/types\/product"}],"replies":[{"embeddable":true,"href":"https:\/\/www.acrobatesfilms.fr\/en\/wp-json\/wp\/v2\/comments?post=4939"}],"wp:featuredmedia":[{"embeddable":true,"href":"https:\/\/www.acrobatesfilms.fr\/en\/wp-json\/wp\/v2\/media\/4976"}],"wp:attachment":[{"href":"https:\/\/www.acrobatesfilms.fr\/en\/wp-json\/wp\/v2\/media?parent=4939"}],"wp:term":[{"taxonomy":"product_cat","embeddable":true,"href":"https:\/\/www.acrobatesfilms.fr\/en\/wp-json\/wp\/v2\/product_cat?post=4939"},{"taxonomy":"product_tag","embeddable":true,"href":"https:\/\/www.acrobatesfilms.fr\/en\/wp-json\/wp\/v2\/product_tag?post=4939"}],"curies":[{"name":"wp","href":"https:\/\/api.w.org\/{rel}","templated":true}]}}