{"id":4941,"date":"2014-08-04T17:03:56","date_gmt":"2014-08-04T15:03:56","guid":{"rendered":"http:\/\/test.simonrautureau.fr\/acrobatesfilms\/?post_type=product&#038;p=4941"},"modified":"2021-12-31T16:33:22","modified_gmt":"2021-12-31T15:33:22","slug":"le-choix-de-lafrique","status":"publish","type":"product","link":"https:\/\/www.acrobatesfilms.fr\/en\/produit\/le-choix-de-lafrique\/","title":{"rendered":"<!--:fr-->Le Choix de l&#8217;Afrique<!--:-->"},"content":{"rendered":"<h3>Fiche technique<\/h3>\n<p>Documentaire \u2013 65\u2019 \u2013 2014<br \/>\nR\u00e9alisateur : Jean-Daniel B\u00e9cache<\/p>\n","protected":false},"excerpt":{"rendered":"[embed]https:\/\/vimeo.com\/112697890[\/embed]\n<h3>Synopsis<\/h3>\n<p>Il existe en Afrique une population dont ne fait \u00e9tat aucune \u00e9tude, aucune recherche, aucun t-shirt. Il ne s\u2019agit pas d\u2019une ethnie aux pagnes d\u2019\u00e9corce : ce sont des Blancs ! Ils ont pris \u00e0 l\u2019envers le sens migratoire.<\/p>\n<p>Pouss\u00e9s par la crise europ\u00e9enne \u00e0 chercher des avenirs meilleurs, aventuriers, cadres, ils ne sont pas les expatri\u00e9s d\u2019antan. Ici au Cameroun on les qualifie m\u00eame parfois de \u201cFaux Blancs\u201d ! Car contrairement aux id\u00e9es re\u00e7ues l\u2019Afrique a toujours \u00e9t\u00e9 une terre d\u2019immigration.<\/p>\n<p>Encore en grande partie vierge, immense et sans hiver, elle se fait tour \u00e0 tour eldorado, refuge, renaissance et parfois pi\u00e8ge pour trois personnages aux destins singuliers.<\/p>\n","protected":false},"featured_media":4942,"comment_status":"closed","ping_status":"closed","template":"","meta":[],"product_cat":[35],"product_tag":[],"yoast_head":"<!-- This site is optimized with the Yoast SEO plugin v19.3 - https:\/\/yoast.com\/wordpress\/plugins\/seo\/ -->\n<title>Le Choix de l&#039;Afrique - AcrobatesFilms<\/title>\n<meta name=\"robots\" content=\"index, follow, max-snippet:-1, max-image-preview:large, max-video-preview:-1\" \/>\n<link rel=\"canonical\" href=\"https:\/\/www.acrobatesfilms.fr\/en\/produit\/le-choix-de-lafrique\/\" \/>\n<meta property=\"og:locale\" content=\"en_US\" \/>\n<meta property=\"og:type\" content=\"article\" \/>\n<meta property=\"og:title\" content=\"Le Choix de l&#039;Afrique - AcrobatesFilms\" \/>\n<meta property=\"og:description\" content=\"Synopsis Il existe en Afrique une population dont ne fait \u00e9tat aucune \u00e9tude, aucune recherche, aucun t-shirt. Il ne s\u2019agit pas d\u2019une ethnie aux pagnes d\u2019\u00e9corce : ce sont des Blancs ! Ils ont pris \u00e0 l\u2019envers le sens migratoire.  Pouss\u00e9s par la crise europ\u00e9enne \u00e0 chercher des avenirs meilleurs, aventuriers, cadres, ils ne sont pas les expatri\u00e9s d\u2019antan. Ici au Cameroun on les qualifie m\u00eame parfois de \u201cFaux Blancs\u201d ! Car contrairement aux id\u00e9es re\u00e7ues l\u2019Afrique a toujours \u00e9t\u00e9 une terre d\u2019immigration.  Encore en grande partie vierge, immense et sans hiver, elle se fait tour \u00e0 tour eldorado, refuge, renaissance et parfois pi\u00e8ge pour trois personnages aux destins singuliers.\" \/>\n<meta property=\"og:url\" content=\"https:\/\/www.acrobatesfilms.fr\/en\/produit\/le-choix-de-lafrique\/\" \/>\n<meta property=\"og:site_name\" content=\"AcrobatesFilms\" \/>\n<meta property=\"article:modified_time\" content=\"2021-12-31T15:33:22+00:00\" \/>\n<meta property=\"og:image\" content=\"https:\/\/www.acrobatesfilms.fr\/wp\/wp-content\/uploads\/2021\/08\/Le-Choix-de-lAfrique.png\" \/>\n\t<meta property=\"og:image:width\" content=\"784\" \/>\n\t<meta property=\"og:image:height\" content=\"1202\" \/>\n\t<meta property=\"og:image:type\" content=\"image\/png\" \/>\n<script type=\"application\/ld+json\" class=\"yoast-schema-graph\">{\"@context\":\"https:\/\/schema.org\",\"@graph\":[{\"@type\":\"Organization\",\"@id\":\"https:\/\/www.acrobatesfilms.fr\/#organization\",\"name\":\"AcrobatesFilms\",\"url\":\"https:\/\/www.acrobatesfilms.fr\/\",\"sameAs\":[],\"logo\":{\"@type\":\"ImageObject\",\"inLanguage\":\"en-US\",\"@id\":\"https:\/\/www.acrobatesfilms.fr\/#\/schema\/logo\/image\/\",\"url\":\"https:\/\/www.acrobatesfilms.fr\/wp\/wp-content\/uploads\/2021\/02\/acrobates_noir-700x362d.png\",\"contentUrl\":\"https:\/\/www.acrobatesfilms.fr\/wp\/wp-content\/uploads\/2021\/02\/acrobates_noir-700x362d.png\",\"width\":700,\"height\":362,\"caption\":\"AcrobatesFilms\"},\"image\":{\"@id\":\"https:\/\/www.acrobatesfilms.fr\/#\/schema\/logo\/image\/\"}},{\"@type\":\"WebSite\",\"@id\":\"https:\/\/www.acrobatesfilms.fr\/#website\",\"url\":\"https:\/\/www.acrobatesfilms.fr\/\",\"name\":\"AcrobatesFilms\",\"description\":\"Soci\u00e9t\u00e9 de productions de films\",\"publisher\":{\"@id\":\"https:\/\/www.acrobatesfilms.fr\/#organization\"},\"potentialAction\":[{\"@type\":\"SearchAction\",\"target\":{\"@type\":\"EntryPoint\",\"urlTemplate\":\"https:\/\/www.acrobatesfilms.fr\/?s={search_term_string}\"},\"query-input\":\"required name=search_term_string\"}],\"inLanguage\":\"en-US\"},{\"@type\":\"ImageObject\",\"inLanguage\":\"en-US\",\"@id\":\"https:\/\/www.acrobatesfilms.fr\/en\/produit\/le-choix-de-lafrique\/#primaryimage\",\"url\":\"https:\/\/www.acrobatesfilms.fr\/wp\/wp-content\/uploads\/2021\/08\/Le-Choix-de-lAfrique.png\",\"contentUrl\":\"https:\/\/www.acrobatesfilms.fr\/wp\/wp-content\/uploads\/2021\/08\/Le-Choix-de-lAfrique.png\",\"width\":784,\"height\":1202},{\"@type\":\"WebPage\",\"@id\":\"https:\/\/www.acrobatesfilms.fr\/en\/produit\/le-choix-de-lafrique\/\",\"url\":\"https:\/\/www.acrobatesfilms.fr\/en\/produit\/le-choix-de-lafrique\/\",\"name\":\"Le Choix de l'Afrique - AcrobatesFilms\",\"isPartOf\":{\"@id\":\"https:\/\/www.acrobatesfilms.fr\/#website\"},\"primaryImageOfPage\":{\"@id\":\"https:\/\/www.acrobatesfilms.fr\/en\/produit\/le-choix-de-lafrique\/#primaryimage\"},\"datePublished\":\"2014-08-04T15:03:56+00:00\",\"dateModified\":\"2021-12-31T15:33:22+00:00\",\"breadcrumb\":{\"@id\":\"https:\/\/www.acrobatesfilms.fr\/en\/produit\/le-choix-de-lafrique\/#breadcrumb\"},\"inLanguage\":\"en-US\",\"potentialAction\":[{\"@type\":\"ReadAction\",\"target\":[\"https:\/\/www.acrobatesfilms.fr\/en\/produit\/le-choix-de-lafrique\/\"]}]},{\"@type\":\"BreadcrumbList\",\"@id\":\"https:\/\/www.acrobatesfilms.fr\/en\/produit\/le-choix-de-lafrique\/#breadcrumb\",\"itemListElement\":[{\"@type\":\"ListItem\",\"position\":1,\"name\":\"Home\",\"item\":\"https:\/\/www.acrobatesfilms.fr\/en\/acrobates-films-home-page\/\"},{\"@type\":\"ListItem\",\"position\":2,\"name\":\"Shop\",\"item\":\"https:\/\/www.acrobatesfilms.fr\/en\/shop\/\"},{\"@type\":\"ListItem\",\"position\":3,\"name\":\"Le Choix de l&rsquo;Afrique\"}]}]}<\/script>\n<!-- \/ Yoast SEO plugin. -->","yoast_head_json":{"title":"Le Choix de l'Afrique - AcrobatesFilms","robots":{"index":"index","follow":"follow","max-snippet":"max-snippet:-1","max-image-preview":"max-image-preview:large","max-video-preview":"max-video-preview:-1"},"canonical":"https:\/\/www.acrobatesfilms.fr\/en\/produit\/le-choix-de-lafrique\/","og_locale":"en_US","og_type":"article","og_title":"Le Choix de l'Afrique - AcrobatesFilms","og_description":"Synopsis Il existe en Afrique une population dont ne fait \u00e9tat aucune \u00e9tude, aucune recherche, aucun t-shirt. Il ne s\u2019agit pas d\u2019une ethnie aux pagnes d\u2019\u00e9corce : ce sont des Blancs ! Ils ont pris \u00e0 l\u2019envers le sens migratoire.  Pouss\u00e9s par la crise europ\u00e9enne \u00e0 chercher des avenirs meilleurs, aventuriers, cadres, ils ne sont pas les expatri\u00e9s d\u2019antan. Ici au Cameroun on les qualifie m\u00eame parfois de \u201cFaux Blancs\u201d ! Car contrairement aux id\u00e9es re\u00e7ues l\u2019Afrique a toujours \u00e9t\u00e9 une terre d\u2019immigration.  Encore en grande partie vierge, immense et sans hiver, elle se fait tour \u00e0 tour eldorado, refuge, renaissance et parfois pi\u00e8ge pour trois personnages aux destins singuliers.","og_url":"https:\/\/www.acrobatesfilms.fr\/en\/produit\/le-choix-de-lafrique\/","og_site_name":"AcrobatesFilms","article_modified_time":"2021-12-31T15:33:22+00:00","og_image":[{"width":784,"height":1202,"url":"https:\/\/www.acrobatesfilms.fr\/wp\/wp-content\/uploads\/2021\/08\/Le-Choix-de-lAfrique.png","type":"image\/png"}],"schema":{"@context":"https:\/\/schema.org","@graph":[{"@type":"Organization","@id":"https:\/\/www.acrobatesfilms.fr\/#organization","name":"AcrobatesFilms","url":"https:\/\/www.acrobatesfilms.fr\/","sameAs":[],"logo":{"@type":"ImageObject","inLanguage":"en-US","@id":"https:\/\/www.acrobatesfilms.fr\/#\/schema\/logo\/image\/","url":"https:\/\/www.acrobatesfilms.fr\/wp\/wp-content\/uploads\/2021\/02\/acrobates_noir-700x362d.png","contentUrl":"https:\/\/www.acrobatesfilms.fr\/wp\/wp-content\/uploads\/2021\/02\/acrobates_noir-700x362d.png","width":700,"height":362,"caption":"AcrobatesFilms"},"image":{"@id":"https:\/\/www.acrobatesfilms.fr\/#\/schema\/logo\/image\/"}},{"@type":"WebSite","@id":"https:\/\/www.acrobatesfilms.fr\/#website","url":"https:\/\/www.acrobatesfilms.fr\/","name":"AcrobatesFilms","description":"Soci\u00e9t\u00e9 de productions de films","publisher":{"@id":"https:\/\/www.acrobatesfilms.fr\/#organization"},"potentialAction":[{"@type":"SearchAction","target":{"@type":"EntryPoint","urlTemplate":"https:\/\/www.acrobatesfilms.fr\/?s={search_term_string}"},"query-input":"required name=search_term_string"}],"inLanguage":"en-US"},{"@type":"ImageObject","inLanguage":"en-US","@id":"https:\/\/www.acrobatesfilms.fr\/en\/produit\/le-choix-de-lafrique\/#primaryimage","url":"https:\/\/www.acrobatesfilms.fr\/wp\/wp-content\/uploads\/2021\/08\/Le-Choix-de-lAfrique.png","contentUrl":"https:\/\/www.acrobatesfilms.fr\/wp\/wp-content\/uploads\/2021\/08\/Le-Choix-de-lAfrique.png","width":784,"height":1202},{"@type":"WebPage","@id":"https:\/\/www.acrobatesfilms.fr\/en\/produit\/le-choix-de-lafrique\/","url":"https:\/\/www.acrobatesfilms.fr\/en\/produit\/le-choix-de-lafrique\/","name":"Le Choix de l'Afrique - AcrobatesFilms","isPartOf":{"@id":"https:\/\/www.acrobatesfilms.fr\/#website"},"primaryImageOfPage":{"@id":"https:\/\/www.acrobatesfilms.fr\/en\/produit\/le-choix-de-lafrique\/#primaryimage"},"datePublished":"2014-08-04T15:03:56+00:00","dateModified":"2021-12-31T15:33:22+00:00","breadcrumb":{"@id":"https:\/\/www.acrobatesfilms.fr\/en\/produit\/le-choix-de-lafrique\/#breadcrumb"},"inLanguage":"en-US","potentialAction":[{"@type":"ReadAction","target":["https:\/\/www.acrobatesfilms.fr\/en\/produit\/le-choix-de-lafrique\/"]}]},{"@type":"BreadcrumbList","@id":"https:\/\/www.acrobatesfilms.fr\/en\/produit\/le-choix-de-lafrique\/#breadcrumb","itemListElement":[{"@type":"ListItem","position":1,"name":"Home","item":"https:\/\/www.acrobatesfilms.fr\/en\/acrobates-films-home-page\/"},{"@type":"ListItem","position":2,"name":"Shop","item":"https:\/\/www.acrobatesfilms.fr\/en\/shop\/"},{"@type":"ListItem","position":3,"name":"Le Choix de l&rsquo;Afrique"}]}]}},"_links":{"self":[{"href":"https:\/\/www.acrobatesfilms.fr\/en\/wp-json\/wp\/v2\/product\/4941"}],"collection":[{"href":"https:\/\/www.acrobatesfilms.fr\/en\/wp-json\/wp\/v2\/product"}],"about":[{"href":"https:\/\/www.acrobatesfilms.fr\/en\/wp-json\/wp\/v2\/types\/product"}],"replies":[{"embeddable":true,"href":"https:\/\/www.acrobatesfilms.fr\/en\/wp-json\/wp\/v2\/comments?post=4941"}],"wp:featuredmedia":[{"embeddable":true,"href":"https:\/\/www.acrobatesfilms.fr\/en\/wp-json\/wp\/v2\/media\/4942"}],"wp:attachment":[{"href":"https:\/\/www.acrobatesfilms.fr\/en\/wp-json\/wp\/v2\/media?parent=4941"}],"wp:term":[{"taxonomy":"product_cat","embeddable":true,"href":"https:\/\/www.acrobatesfilms.fr\/en\/wp-json\/wp\/v2\/product_cat?post=4941"},{"taxonomy":"product_tag","embeddable":true,"href":"https:\/\/www.acrobatesfilms.fr\/en\/wp-json\/wp\/v2\/product_tag?post=4941"}],"curies":[{"name":"wp","href":"https:\/\/api.w.org\/{rel}","templated":true}]}}