{"id":4945,"date":"2009-08-04T17:19:14","date_gmt":"2009-08-04T15:19:14","guid":{"rendered":"http:\/\/test.simonrautureau.fr\/acrobatesfilms\/?post_type=product&#038;p=4945"},"modified":"2021-12-31T16:39:19","modified_gmt":"2021-12-31T15:39:19","slug":"les-nuits-koteba","status":"publish","type":"product","link":"https:\/\/www.acrobatesfilms.fr\/en\/produit\/les-nuits-koteba\/","title":{"rendered":"<!--:fr-->Les Nuits Kot\u00e8ba<!--:-->"},"content":{"rendered":"<h3>Fiche technique<\/h3>\n<p>Documentaire \u2013 52\u2019 \u2013 2009<br \/>\nR\u00e9alisateur : Christian Lajoumard<\/p>\n","protected":false},"excerpt":{"rendered":"[embed]https:\/\/vimeo.com\/161927841[\/embed]\n<h3>Synopsis<\/h3>\n<p>Le Kot\u00e8ba est une forme de satire sociale jou\u00e9e sur le mode burlesque dans les villages de l\u2019aire mandingue au Mali. Une fois par an, les vices de la cit\u00e9 sont mis en spectacle et moqu\u00e9s sur la place publique. Cette tradition s\u00e9culaire existe toujours dans les campagnes mais de nombreuses \u00e9volutions ont vues le jour depuis les ann\u00e9es 1980. Un mouvement de com\u00e9diens l\u2019a transpos\u00e9e dans une probl\u00e9matique urbaine et son incroyable popularit\u00e9 a eu une grande influence sur la vie politique au Mali. Le Kot\u00e8ba th\u00e9rapeutique, le Kot\u00e8ba t\u00e9l\u00e9vis\u00e9, la publicit\u00e9 Kot\u00e8ba\u2026 Les Nuits Kot\u00e9ba pr\u00e9sente les diff\u00e9rents aspects et adaptations de ce mode d\u2019expression typiquement africain et profond\u00e9ment universel.<\/p>\n","protected":false},"featured_media":4946,"comment_status":"closed","ping_status":"closed","template":"","meta":[],"product_cat":[34],"product_tag":[],"yoast_head":"<!-- This site is optimized with the Yoast SEO plugin v19.3 - https:\/\/yoast.com\/wordpress\/plugins\/seo\/ -->\n<title>Les Nuits Kot\u00e8ba - AcrobatesFilms<\/title>\n<meta name=\"robots\" content=\"index, follow, max-snippet:-1, max-image-preview:large, max-video-preview:-1\" \/>\n<link rel=\"canonical\" href=\"https:\/\/www.acrobatesfilms.fr\/en\/produit\/les-nuits-koteba\/\" \/>\n<meta property=\"og:locale\" content=\"en_US\" \/>\n<meta property=\"og:type\" content=\"article\" \/>\n<meta property=\"og:title\" content=\"Les Nuits Kot\u00e8ba - AcrobatesFilms\" \/>\n<meta property=\"og:description\" content=\"Synopsis Le Kot\u00e8ba est une forme de satire sociale jou\u00e9e sur le mode burlesque dans les villages de l\u2019aire mandingue au Mali. Une fois par an, les vices de la cit\u00e9 sont mis en spectacle et moqu\u00e9s sur la place publique. Cette tradition s\u00e9culaire existe toujours dans les campagnes mais de nombreuses \u00e9volutions ont vues le jour depuis les ann\u00e9es 1980. Un mouvement de com\u00e9diens l\u2019a transpos\u00e9e dans une probl\u00e9matique urbaine et son incroyable popularit\u00e9 a eu une grande influence sur la vie politique au Mali. Le Kot\u00e8ba th\u00e9rapeutique, le Kot\u00e8ba t\u00e9l\u00e9vis\u00e9, la publicit\u00e9 Kot\u00e8ba\u2026 Les Nuits Kot\u00e9ba pr\u00e9sente les diff\u00e9rents aspects et adaptations de ce mode d\u2019expression typiquement africain et profond\u00e9ment universel.\" \/>\n<meta property=\"og:url\" content=\"https:\/\/www.acrobatesfilms.fr\/en\/produit\/les-nuits-koteba\/\" \/>\n<meta property=\"og:site_name\" content=\"AcrobatesFilms\" \/>\n<meta property=\"article:modified_time\" content=\"2021-12-31T15:39:19+00:00\" \/>\n<meta property=\"og:image\" content=\"https:\/\/www.acrobatesfilms.fr\/wp\/wp-content\/uploads\/2021\/08\/Koteba.png\" \/>\n\t<meta property=\"og:image:width\" content=\"798\" \/>\n\t<meta property=\"og:image:height\" content=\"1196\" \/>\n\t<meta property=\"og:image:type\" content=\"image\/png\" \/>\n<script type=\"application\/ld+json\" class=\"yoast-schema-graph\">{\"@context\":\"https:\/\/schema.org\",\"@graph\":[{\"@type\":\"Organization\",\"@id\":\"https:\/\/www.acrobatesfilms.fr\/#organization\",\"name\":\"AcrobatesFilms\",\"url\":\"https:\/\/www.acrobatesfilms.fr\/\",\"sameAs\":[],\"logo\":{\"@type\":\"ImageObject\",\"inLanguage\":\"en-US\",\"@id\":\"https:\/\/www.acrobatesfilms.fr\/#\/schema\/logo\/image\/\",\"url\":\"https:\/\/www.acrobatesfilms.fr\/wp\/wp-content\/uploads\/2021\/02\/acrobates_noir-700x362d.png\",\"contentUrl\":\"https:\/\/www.acrobatesfilms.fr\/wp\/wp-content\/uploads\/2021\/02\/acrobates_noir-700x362d.png\",\"width\":700,\"height\":362,\"caption\":\"AcrobatesFilms\"},\"image\":{\"@id\":\"https:\/\/www.acrobatesfilms.fr\/#\/schema\/logo\/image\/\"}},{\"@type\":\"WebSite\",\"@id\":\"https:\/\/www.acrobatesfilms.fr\/#website\",\"url\":\"https:\/\/www.acrobatesfilms.fr\/\",\"name\":\"AcrobatesFilms\",\"description\":\"Soci\u00e9t\u00e9 de productions de films\",\"publisher\":{\"@id\":\"https:\/\/www.acrobatesfilms.fr\/#organization\"},\"potentialAction\":[{\"@type\":\"SearchAction\",\"target\":{\"@type\":\"EntryPoint\",\"urlTemplate\":\"https:\/\/www.acrobatesfilms.fr\/?s={search_term_string}\"},\"query-input\":\"required name=search_term_string\"}],\"inLanguage\":\"en-US\"},{\"@type\":\"ImageObject\",\"inLanguage\":\"en-US\",\"@id\":\"https:\/\/www.acrobatesfilms.fr\/en\/produit\/les-nuits-koteba\/#primaryimage\",\"url\":\"https:\/\/www.acrobatesfilms.fr\/wp\/wp-content\/uploads\/2021\/08\/Koteba.png\",\"contentUrl\":\"https:\/\/www.acrobatesfilms.fr\/wp\/wp-content\/uploads\/2021\/08\/Koteba.png\",\"width\":798,\"height\":1196},{\"@type\":\"WebPage\",\"@id\":\"https:\/\/www.acrobatesfilms.fr\/en\/produit\/les-nuits-koteba\/\",\"url\":\"https:\/\/www.acrobatesfilms.fr\/en\/produit\/les-nuits-koteba\/\",\"name\":\"Les Nuits Kot\u00e8ba - AcrobatesFilms\",\"isPartOf\":{\"@id\":\"https:\/\/www.acrobatesfilms.fr\/#website\"},\"primaryImageOfPage\":{\"@id\":\"https:\/\/www.acrobatesfilms.fr\/en\/produit\/les-nuits-koteba\/#primaryimage\"},\"datePublished\":\"2009-08-04T15:19:14+00:00\",\"dateModified\":\"2021-12-31T15:39:19+00:00\",\"breadcrumb\":{\"@id\":\"https:\/\/www.acrobatesfilms.fr\/en\/produit\/les-nuits-koteba\/#breadcrumb\"},\"inLanguage\":\"en-US\",\"potentialAction\":[{\"@type\":\"ReadAction\",\"target\":[\"https:\/\/www.acrobatesfilms.fr\/en\/produit\/les-nuits-koteba\/\"]}]},{\"@type\":\"BreadcrumbList\",\"@id\":\"https:\/\/www.acrobatesfilms.fr\/en\/produit\/les-nuits-koteba\/#breadcrumb\",\"itemListElement\":[{\"@type\":\"ListItem\",\"position\":1,\"name\":\"Home\",\"item\":\"https:\/\/www.acrobatesfilms.fr\/en\/acrobates-films-home-page\/\"},{\"@type\":\"ListItem\",\"position\":2,\"name\":\"Shop\",\"item\":\"https:\/\/www.acrobatesfilms.fr\/en\/shop\/\"},{\"@type\":\"ListItem\",\"position\":3,\"name\":\"Les Nuits Kot\u00e8ba\"}]}]}<\/script>\n<!-- \/ Yoast SEO plugin. -->","yoast_head_json":{"title":"Les Nuits Kot\u00e8ba - AcrobatesFilms","robots":{"index":"index","follow":"follow","max-snippet":"max-snippet:-1","max-image-preview":"max-image-preview:large","max-video-preview":"max-video-preview:-1"},"canonical":"https:\/\/www.acrobatesfilms.fr\/en\/produit\/les-nuits-koteba\/","og_locale":"en_US","og_type":"article","og_title":"Les Nuits Kot\u00e8ba - AcrobatesFilms","og_description":"Synopsis Le Kot\u00e8ba est une forme de satire sociale jou\u00e9e sur le mode burlesque dans les villages de l\u2019aire mandingue au Mali. Une fois par an, les vices de la cit\u00e9 sont mis en spectacle et moqu\u00e9s sur la place publique. Cette tradition s\u00e9culaire existe toujours dans les campagnes mais de nombreuses \u00e9volutions ont vues le jour depuis les ann\u00e9es 1980. Un mouvement de com\u00e9diens l\u2019a transpos\u00e9e dans une probl\u00e9matique urbaine et son incroyable popularit\u00e9 a eu une grande influence sur la vie politique au Mali. Le Kot\u00e8ba th\u00e9rapeutique, le Kot\u00e8ba t\u00e9l\u00e9vis\u00e9, la publicit\u00e9 Kot\u00e8ba\u2026 Les Nuits Kot\u00e9ba pr\u00e9sente les diff\u00e9rents aspects et adaptations de ce mode d\u2019expression typiquement africain et profond\u00e9ment universel.","og_url":"https:\/\/www.acrobatesfilms.fr\/en\/produit\/les-nuits-koteba\/","og_site_name":"AcrobatesFilms","article_modified_time":"2021-12-31T15:39:19+00:00","og_image":[{"width":798,"height":1196,"url":"https:\/\/www.acrobatesfilms.fr\/wp\/wp-content\/uploads\/2021\/08\/Koteba.png","type":"image\/png"}],"schema":{"@context":"https:\/\/schema.org","@graph":[{"@type":"Organization","@id":"https:\/\/www.acrobatesfilms.fr\/#organization","name":"AcrobatesFilms","url":"https:\/\/www.acrobatesfilms.fr\/","sameAs":[],"logo":{"@type":"ImageObject","inLanguage":"en-US","@id":"https:\/\/www.acrobatesfilms.fr\/#\/schema\/logo\/image\/","url":"https:\/\/www.acrobatesfilms.fr\/wp\/wp-content\/uploads\/2021\/02\/acrobates_noir-700x362d.png","contentUrl":"https:\/\/www.acrobatesfilms.fr\/wp\/wp-content\/uploads\/2021\/02\/acrobates_noir-700x362d.png","width":700,"height":362,"caption":"AcrobatesFilms"},"image":{"@id":"https:\/\/www.acrobatesfilms.fr\/#\/schema\/logo\/image\/"}},{"@type":"WebSite","@id":"https:\/\/www.acrobatesfilms.fr\/#website","url":"https:\/\/www.acrobatesfilms.fr\/","name":"AcrobatesFilms","description":"Soci\u00e9t\u00e9 de productions de films","publisher":{"@id":"https:\/\/www.acrobatesfilms.fr\/#organization"},"potentialAction":[{"@type":"SearchAction","target":{"@type":"EntryPoint","urlTemplate":"https:\/\/www.acrobatesfilms.fr\/?s={search_term_string}"},"query-input":"required name=search_term_string"}],"inLanguage":"en-US"},{"@type":"ImageObject","inLanguage":"en-US","@id":"https:\/\/www.acrobatesfilms.fr\/en\/produit\/les-nuits-koteba\/#primaryimage","url":"https:\/\/www.acrobatesfilms.fr\/wp\/wp-content\/uploads\/2021\/08\/Koteba.png","contentUrl":"https:\/\/www.acrobatesfilms.fr\/wp\/wp-content\/uploads\/2021\/08\/Koteba.png","width":798,"height":1196},{"@type":"WebPage","@id":"https:\/\/www.acrobatesfilms.fr\/en\/produit\/les-nuits-koteba\/","url":"https:\/\/www.acrobatesfilms.fr\/en\/produit\/les-nuits-koteba\/","name":"Les Nuits Kot\u00e8ba - AcrobatesFilms","isPartOf":{"@id":"https:\/\/www.acrobatesfilms.fr\/#website"},"primaryImageOfPage":{"@id":"https:\/\/www.acrobatesfilms.fr\/en\/produit\/les-nuits-koteba\/#primaryimage"},"datePublished":"2009-08-04T15:19:14+00:00","dateModified":"2021-12-31T15:39:19+00:00","breadcrumb":{"@id":"https:\/\/www.acrobatesfilms.fr\/en\/produit\/les-nuits-koteba\/#breadcrumb"},"inLanguage":"en-US","potentialAction":[{"@type":"ReadAction","target":["https:\/\/www.acrobatesfilms.fr\/en\/produit\/les-nuits-koteba\/"]}]},{"@type":"BreadcrumbList","@id":"https:\/\/www.acrobatesfilms.fr\/en\/produit\/les-nuits-koteba\/#breadcrumb","itemListElement":[{"@type":"ListItem","position":1,"name":"Home","item":"https:\/\/www.acrobatesfilms.fr\/en\/acrobates-films-home-page\/"},{"@type":"ListItem","position":2,"name":"Shop","item":"https:\/\/www.acrobatesfilms.fr\/en\/shop\/"},{"@type":"ListItem","position":3,"name":"Les Nuits Kot\u00e8ba"}]}]}},"_links":{"self":[{"href":"https:\/\/www.acrobatesfilms.fr\/en\/wp-json\/wp\/v2\/product\/4945"}],"collection":[{"href":"https:\/\/www.acrobatesfilms.fr\/en\/wp-json\/wp\/v2\/product"}],"about":[{"href":"https:\/\/www.acrobatesfilms.fr\/en\/wp-json\/wp\/v2\/types\/product"}],"replies":[{"embeddable":true,"href":"https:\/\/www.acrobatesfilms.fr\/en\/wp-json\/wp\/v2\/comments?post=4945"}],"wp:featuredmedia":[{"embeddable":true,"href":"https:\/\/www.acrobatesfilms.fr\/en\/wp-json\/wp\/v2\/media\/4946"}],"wp:attachment":[{"href":"https:\/\/www.acrobatesfilms.fr\/en\/wp-json\/wp\/v2\/media?parent=4945"}],"wp:term":[{"taxonomy":"product_cat","embeddable":true,"href":"https:\/\/www.acrobatesfilms.fr\/en\/wp-json\/wp\/v2\/product_cat?post=4945"},{"taxonomy":"product_tag","embeddable":true,"href":"https:\/\/www.acrobatesfilms.fr\/en\/wp-json\/wp\/v2\/product_tag?post=4945"}],"curies":[{"name":"wp","href":"https:\/\/api.w.org\/{rel}","templated":true}]}}