{"id":4947,"date":"2013-08-04T17:20:30","date_gmt":"2013-08-04T15:20:30","guid":{"rendered":"http:\/\/test.simonrautureau.fr\/acrobatesfilms\/?post_type=product&#038;p=4947"},"modified":"2021-12-31T16:34:16","modified_gmt":"2021-12-31T15:34:16","slug":"les-vacances-des-fantomes","status":"publish","type":"product","link":"https:\/\/www.acrobatesfilms.fr\/en\/produit\/les-vacances-des-fantomes\/","title":{"rendered":"<!--:fr-->Les Vacances des Fant\u00f4mes<!--:-->"},"content":{"rendered":"<h3>Fiche technique<\/h3>\n<p>Documentaire \u2013 56\u2019 \u2013 2013<br \/>\nR\u00e9alisateur : Jean-Robert Thomann<\/p>\n","protected":false},"excerpt":{"rendered":"<p><!--:en--><\/p>\n[embed]https:\/\/vimeo.com\/109251249[\/embed]\n<h3>Synopsis<\/h3>\n<p>Chaque \u00e9t\u00e9 \u00e0 Taiwan, les portes du monde des fant\u00f4mes s\u2019ouvrent : les \u00e2mes errantes descendent sur terre, elles sont en vacances. Pendant un mois, rituels, offrandes et spectacles rythment le quotidien. \u201cLes vacances des fant\u00f4mes\u201d nous fait d\u00e9couvrir Huwei, petite ville du sud de l\u2019\u00eele o\u00f9 les habitants sacrifient au grand rituel du Zhongyuan Pudu afin de s\u2019assurer la bienveillance des fant\u00f4mes errants.<!--:--><!--:fr--><\/p>\n","protected":false},"featured_media":4977,"comment_status":"closed","ping_status":"closed","template":"","meta":[],"product_cat":[35],"product_tag":[],"yoast_head":"<!-- This site is optimized with the Yoast SEO plugin v19.3 - https:\/\/yoast.com\/wordpress\/plugins\/seo\/ -->\n<title>Les Vacances des Fant\u00f4mes - AcrobatesFilms<\/title>\n<meta name=\"robots\" content=\"index, follow, max-snippet:-1, max-image-preview:large, max-video-preview:-1\" \/>\n<link rel=\"canonical\" href=\"https:\/\/www.acrobatesfilms.fr\/en\/produit\/les-vacances-des-fantomes\/\" \/>\n<meta property=\"og:locale\" content=\"en_US\" \/>\n<meta property=\"og:type\" content=\"article\" \/>\n<meta property=\"og:title\" content=\"Les Vacances des Fant\u00f4mes - AcrobatesFilms\" \/>\n<meta property=\"og:description\" content=\"Synopsis Chaque \u00e9t\u00e9 \u00e0 Taiwan, les portes du monde des fant\u00f4mes s\u2019ouvrent : les \u00e2mes errantes descendent sur terre, elles sont en vacances. Pendant un mois, rituels, offrandes et spectacles rythment le quotidien. \u201cLes vacances des fant\u00f4mes\u201d nous fait d\u00e9couvrir Huwei, petite ville du sud de l\u2019\u00eele o\u00f9 les habitants sacrifient au grand rituel du Zhongyuan Pudu afin de s\u2019assurer la bienveillance des fant\u00f4mes errants.\" \/>\n<meta property=\"og:url\" content=\"https:\/\/www.acrobatesfilms.fr\/en\/produit\/les-vacances-des-fantomes\/\" \/>\n<meta property=\"og:site_name\" content=\"AcrobatesFilms\" \/>\n<meta property=\"article:modified_time\" content=\"2021-12-31T15:34:16+00:00\" \/>\n<meta property=\"og:image\" content=\"https:\/\/www.acrobatesfilms.fr\/wp\/wp-content\/uploads\/2021\/08\/Capture-de\u0301cran-2021-08-05-a\u0300-15.45.06.png\" \/>\n\t<meta property=\"og:image:width\" content=\"804\" \/>\n\t<meta property=\"og:image:height\" content=\"1190\" \/>\n\t<meta property=\"og:image:type\" content=\"image\/png\" \/>\n<script type=\"application\/ld+json\" class=\"yoast-schema-graph\">{\"@context\":\"https:\/\/schema.org\",\"@graph\":[{\"@type\":\"Organization\",\"@id\":\"https:\/\/www.acrobatesfilms.fr\/#organization\",\"name\":\"AcrobatesFilms\",\"url\":\"https:\/\/www.acrobatesfilms.fr\/\",\"sameAs\":[],\"logo\":{\"@type\":\"ImageObject\",\"inLanguage\":\"en-US\",\"@id\":\"https:\/\/www.acrobatesfilms.fr\/#\/schema\/logo\/image\/\",\"url\":\"https:\/\/www.acrobatesfilms.fr\/wp\/wp-content\/uploads\/2021\/02\/acrobates_noir-700x362d.png\",\"contentUrl\":\"https:\/\/www.acrobatesfilms.fr\/wp\/wp-content\/uploads\/2021\/02\/acrobates_noir-700x362d.png\",\"width\":700,\"height\":362,\"caption\":\"AcrobatesFilms\"},\"image\":{\"@id\":\"https:\/\/www.acrobatesfilms.fr\/#\/schema\/logo\/image\/\"}},{\"@type\":\"WebSite\",\"@id\":\"https:\/\/www.acrobatesfilms.fr\/#website\",\"url\":\"https:\/\/www.acrobatesfilms.fr\/\",\"name\":\"AcrobatesFilms\",\"description\":\"Soci\u00e9t\u00e9 de productions de films\",\"publisher\":{\"@id\":\"https:\/\/www.acrobatesfilms.fr\/#organization\"},\"potentialAction\":[{\"@type\":\"SearchAction\",\"target\":{\"@type\":\"EntryPoint\",\"urlTemplate\":\"https:\/\/www.acrobatesfilms.fr\/?s={search_term_string}\"},\"query-input\":\"required name=search_term_string\"}],\"inLanguage\":\"en-US\"},{\"@type\":\"ImageObject\",\"inLanguage\":\"en-US\",\"@id\":\"https:\/\/www.acrobatesfilms.fr\/en\/produit\/les-vacances-des-fantomes\/#primaryimage\",\"url\":\"https:\/\/www.acrobatesfilms.fr\/wp\/wp-content\/uploads\/2021\/08\/Capture-de\u0301cran-2021-08-05-a\u0300-15.45.06.png\",\"contentUrl\":\"https:\/\/www.acrobatesfilms.fr\/wp\/wp-content\/uploads\/2021\/08\/Capture-de\u0301cran-2021-08-05-a\u0300-15.45.06.png\",\"width\":804,\"height\":1190},{\"@type\":\"WebPage\",\"@id\":\"https:\/\/www.acrobatesfilms.fr\/en\/produit\/les-vacances-des-fantomes\/\",\"url\":\"https:\/\/www.acrobatesfilms.fr\/en\/produit\/les-vacances-des-fantomes\/\",\"name\":\"Les Vacances des Fant\u00f4mes - AcrobatesFilms\",\"isPartOf\":{\"@id\":\"https:\/\/www.acrobatesfilms.fr\/#website\"},\"primaryImageOfPage\":{\"@id\":\"https:\/\/www.acrobatesfilms.fr\/en\/produit\/les-vacances-des-fantomes\/#primaryimage\"},\"datePublished\":\"2013-08-04T15:20:30+00:00\",\"dateModified\":\"2021-12-31T15:34:16+00:00\",\"breadcrumb\":{\"@id\":\"https:\/\/www.acrobatesfilms.fr\/en\/produit\/les-vacances-des-fantomes\/#breadcrumb\"},\"inLanguage\":\"en-US\",\"potentialAction\":[{\"@type\":\"ReadAction\",\"target\":[\"https:\/\/www.acrobatesfilms.fr\/en\/produit\/les-vacances-des-fantomes\/\"]}]},{\"@type\":\"BreadcrumbList\",\"@id\":\"https:\/\/www.acrobatesfilms.fr\/en\/produit\/les-vacances-des-fantomes\/#breadcrumb\",\"itemListElement\":[{\"@type\":\"ListItem\",\"position\":1,\"name\":\"Home\",\"item\":\"https:\/\/www.acrobatesfilms.fr\/en\/acrobates-films-home-page\/\"},{\"@type\":\"ListItem\",\"position\":2,\"name\":\"Shop\",\"item\":\"https:\/\/www.acrobatesfilms.fr\/en\/shop\/\"},{\"@type\":\"ListItem\",\"position\":3,\"name\":\"&lt;!--:fr--&gt;Les Vacances des Fant\u00f4mes&lt;!--:--&gt;\"}]}]}<\/script>\n<!-- \/ Yoast SEO plugin. -->","yoast_head_json":{"title":"Les Vacances des Fant\u00f4mes - AcrobatesFilms","robots":{"index":"index","follow":"follow","max-snippet":"max-snippet:-1","max-image-preview":"max-image-preview:large","max-video-preview":"max-video-preview:-1"},"canonical":"https:\/\/www.acrobatesfilms.fr\/en\/produit\/les-vacances-des-fantomes\/","og_locale":"en_US","og_type":"article","og_title":"Les Vacances des Fant\u00f4mes - AcrobatesFilms","og_description":"Synopsis Chaque \u00e9t\u00e9 \u00e0 Taiwan, les portes du monde des fant\u00f4mes s\u2019ouvrent : les \u00e2mes errantes descendent sur terre, elles sont en vacances. Pendant un mois, rituels, offrandes et spectacles rythment le quotidien. \u201cLes vacances des fant\u00f4mes\u201d nous fait d\u00e9couvrir Huwei, petite ville du sud de l\u2019\u00eele o\u00f9 les habitants sacrifient au grand rituel du Zhongyuan Pudu afin de s\u2019assurer la bienveillance des fant\u00f4mes errants.","og_url":"https:\/\/www.acrobatesfilms.fr\/en\/produit\/les-vacances-des-fantomes\/","og_site_name":"AcrobatesFilms","article_modified_time":"2021-12-31T15:34:16+00:00","og_image":[{"width":804,"height":1190,"url":"https:\/\/www.acrobatesfilms.fr\/wp\/wp-content\/uploads\/2021\/08\/Capture-de\u0301cran-2021-08-05-a\u0300-15.45.06.png","type":"image\/png"}],"schema":{"@context":"https:\/\/schema.org","@graph":[{"@type":"Organization","@id":"https:\/\/www.acrobatesfilms.fr\/#organization","name":"AcrobatesFilms","url":"https:\/\/www.acrobatesfilms.fr\/","sameAs":[],"logo":{"@type":"ImageObject","inLanguage":"en-US","@id":"https:\/\/www.acrobatesfilms.fr\/#\/schema\/logo\/image\/","url":"https:\/\/www.acrobatesfilms.fr\/wp\/wp-content\/uploads\/2021\/02\/acrobates_noir-700x362d.png","contentUrl":"https:\/\/www.acrobatesfilms.fr\/wp\/wp-content\/uploads\/2021\/02\/acrobates_noir-700x362d.png","width":700,"height":362,"caption":"AcrobatesFilms"},"image":{"@id":"https:\/\/www.acrobatesfilms.fr\/#\/schema\/logo\/image\/"}},{"@type":"WebSite","@id":"https:\/\/www.acrobatesfilms.fr\/#website","url":"https:\/\/www.acrobatesfilms.fr\/","name":"AcrobatesFilms","description":"Soci\u00e9t\u00e9 de productions de films","publisher":{"@id":"https:\/\/www.acrobatesfilms.fr\/#organization"},"potentialAction":[{"@type":"SearchAction","target":{"@type":"EntryPoint","urlTemplate":"https:\/\/www.acrobatesfilms.fr\/?s={search_term_string}"},"query-input":"required name=search_term_string"}],"inLanguage":"en-US"},{"@type":"ImageObject","inLanguage":"en-US","@id":"https:\/\/www.acrobatesfilms.fr\/en\/produit\/les-vacances-des-fantomes\/#primaryimage","url":"https:\/\/www.acrobatesfilms.fr\/wp\/wp-content\/uploads\/2021\/08\/Capture-de\u0301cran-2021-08-05-a\u0300-15.45.06.png","contentUrl":"https:\/\/www.acrobatesfilms.fr\/wp\/wp-content\/uploads\/2021\/08\/Capture-de\u0301cran-2021-08-05-a\u0300-15.45.06.png","width":804,"height":1190},{"@type":"WebPage","@id":"https:\/\/www.acrobatesfilms.fr\/en\/produit\/les-vacances-des-fantomes\/","url":"https:\/\/www.acrobatesfilms.fr\/en\/produit\/les-vacances-des-fantomes\/","name":"Les Vacances des Fant\u00f4mes - AcrobatesFilms","isPartOf":{"@id":"https:\/\/www.acrobatesfilms.fr\/#website"},"primaryImageOfPage":{"@id":"https:\/\/www.acrobatesfilms.fr\/en\/produit\/les-vacances-des-fantomes\/#primaryimage"},"datePublished":"2013-08-04T15:20:30+00:00","dateModified":"2021-12-31T15:34:16+00:00","breadcrumb":{"@id":"https:\/\/www.acrobatesfilms.fr\/en\/produit\/les-vacances-des-fantomes\/#breadcrumb"},"inLanguage":"en-US","potentialAction":[{"@type":"ReadAction","target":["https:\/\/www.acrobatesfilms.fr\/en\/produit\/les-vacances-des-fantomes\/"]}]},{"@type":"BreadcrumbList","@id":"https:\/\/www.acrobatesfilms.fr\/en\/produit\/les-vacances-des-fantomes\/#breadcrumb","itemListElement":[{"@type":"ListItem","position":1,"name":"Home","item":"https:\/\/www.acrobatesfilms.fr\/en\/acrobates-films-home-page\/"},{"@type":"ListItem","position":2,"name":"Shop","item":"https:\/\/www.acrobatesfilms.fr\/en\/shop\/"},{"@type":"ListItem","position":3,"name":"&lt;!--:fr--&gt;Les Vacances des Fant\u00f4mes&lt;!--:--&gt;"}]}]}},"_links":{"self":[{"href":"https:\/\/www.acrobatesfilms.fr\/en\/wp-json\/wp\/v2\/product\/4947"}],"collection":[{"href":"https:\/\/www.acrobatesfilms.fr\/en\/wp-json\/wp\/v2\/product"}],"about":[{"href":"https:\/\/www.acrobatesfilms.fr\/en\/wp-json\/wp\/v2\/types\/product"}],"replies":[{"embeddable":true,"href":"https:\/\/www.acrobatesfilms.fr\/en\/wp-json\/wp\/v2\/comments?post=4947"}],"wp:featuredmedia":[{"embeddable":true,"href":"https:\/\/www.acrobatesfilms.fr\/en\/wp-json\/wp\/v2\/media\/4977"}],"wp:attachment":[{"href":"https:\/\/www.acrobatesfilms.fr\/en\/wp-json\/wp\/v2\/media?parent=4947"}],"wp:term":[{"taxonomy":"product_cat","embeddable":true,"href":"https:\/\/www.acrobatesfilms.fr\/en\/wp-json\/wp\/v2\/product_cat?post=4947"},{"taxonomy":"product_tag","embeddable":true,"href":"https:\/\/www.acrobatesfilms.fr\/en\/wp-json\/wp\/v2\/product_tag?post=4947"}],"curies":[{"name":"wp","href":"https:\/\/api.w.org\/{rel}","templated":true}]}}