{"id":4951,"date":"2016-08-05T15:01:53","date_gmt":"2016-08-05T13:01:53","guid":{"rendered":"http:\/\/test.simonrautureau.fr\/acrobatesfilms\/?post_type=product&#038;p=4951"},"modified":"2022-06-02T12:23:21","modified_gmt":"2022-06-02T10:23:21","slug":"paradis-fragile","status":"publish","type":"product","link":"https:\/\/www.acrobatesfilms.fr\/en\/produit\/paradis-fragile\/","title":{"rendered":"<!--:fr-->Paradis Fragile<!--:-->"},"content":{"rendered":"<h3>Fiche technique<\/h3>\n<p>Documentaire \u2013 74\u2019 \u2013 2016<br \/>\nR\u00e9alisateur : Christian Lajoumard<\/p>\n","protected":false},"excerpt":{"rendered":"<p><!--:fr--><\/p>\n[embed]https:\/\/vimeo.com\/669463486[\/embed]\n<h3>Synopsis<\/h3>\n<p style=\"text-align: justify;\">L\u2019\u00eele vietnamienne de Phu Quoc est situ\u00e9e dans le Sud Vietnam. Proche des c\u00f4tes cambodgiennes elle a longtemps \u00e9t\u00e9 source de conflit entre les deux pays. Terre rude aux activit\u00e9s tourn\u00e9es vers la mer, longtemps isol\u00e9e, l\u2019\u00eele s\u2019ouvre depuis quelques ann\u00e9es au tourisme de masse. Les paysages et notamment la c\u00f4te se transforment \u00e0 vitesse grand V.<\/p>\n<p style=\"text-align: justify;\">Paradis Fragile n\u2019est pas le constat pol\u00e9miste de la brutalit\u00e9 des changements dans un lieu longtemps pr\u00e9serv\u00e9, mais plut\u00f4t le portrait m\u00e9lancolique de ce qui existe encore \u00e0 l\u2019aube d\u2019un grand bouleversement.<\/p>\n<p><!--:--><\/p>\n","protected":false},"featured_media":4969,"comment_status":"closed","ping_status":"closed","template":"","meta":[],"product_cat":[35],"product_tag":[],"yoast_head":"<!-- This site is optimized with the Yoast SEO plugin v19.3 - https:\/\/yoast.com\/wordpress\/plugins\/seo\/ -->\n<title>Paradis Fragile - AcrobatesFilms<\/title>\n<meta name=\"robots\" content=\"index, follow, max-snippet:-1, max-image-preview:large, max-video-preview:-1\" \/>\n<link rel=\"canonical\" href=\"https:\/\/www.acrobatesfilms.fr\/en\/produit\/paradis-fragile\/\" \/>\n<meta property=\"og:locale\" content=\"en_US\" \/>\n<meta property=\"og:type\" content=\"article\" \/>\n<meta property=\"og:title\" content=\"Paradis Fragile - AcrobatesFilms\" \/>\n<meta property=\"og:description\" content=\"Synopsis L\u2019\u00eele vietnamienne de Phu Quoc est situ\u00e9e dans le Sud Vietnam. Proche des c\u00f4tes cambodgiennes elle a longtemps \u00e9t\u00e9 source de conflit entre les deux pays. Terre rude aux activit\u00e9s tourn\u00e9es vers la mer, longtemps isol\u00e9e, l\u2019\u00eele s\u2019ouvre depuis quelques ann\u00e9es au tourisme de masse. Les paysages et notamment la c\u00f4te se transforment \u00e0 vitesse grand V. Paradis Fragile n\u2019est pas le constat pol\u00e9miste de la brutalit\u00e9 des changements dans un lieu longtemps pr\u00e9serv\u00e9, mais plut\u00f4t le portrait m\u00e9lancolique de ce qui existe encore \u00e0 l\u2019aube d\u2019un grand bouleversement.\" \/>\n<meta property=\"og:url\" content=\"https:\/\/www.acrobatesfilms.fr\/en\/produit\/paradis-fragile\/\" \/>\n<meta property=\"og:site_name\" content=\"AcrobatesFilms\" \/>\n<meta property=\"article:modified_time\" content=\"2022-06-02T10:23:21+00:00\" \/>\n<meta property=\"og:image\" content=\"https:\/\/www.acrobatesfilms.fr\/wp\/wp-content\/uploads\/2021\/08\/Capture-de\u0301cran-2021-08-05-a\u0300-15.41.32.png\" \/>\n\t<meta property=\"og:image:width\" content=\"830\" \/>\n\t<meta property=\"og:image:height\" content=\"1232\" \/>\n\t<meta property=\"og:image:type\" content=\"image\/png\" \/>\n<script type=\"application\/ld+json\" class=\"yoast-schema-graph\">{\"@context\":\"https:\/\/schema.org\",\"@graph\":[{\"@type\":\"Organization\",\"@id\":\"https:\/\/www.acrobatesfilms.fr\/#organization\",\"name\":\"AcrobatesFilms\",\"url\":\"https:\/\/www.acrobatesfilms.fr\/\",\"sameAs\":[],\"logo\":{\"@type\":\"ImageObject\",\"inLanguage\":\"en-US\",\"@id\":\"https:\/\/www.acrobatesfilms.fr\/#\/schema\/logo\/image\/\",\"url\":\"https:\/\/www.acrobatesfilms.fr\/wp\/wp-content\/uploads\/2021\/02\/acrobates_noir-700x362d.png\",\"contentUrl\":\"https:\/\/www.acrobatesfilms.fr\/wp\/wp-content\/uploads\/2021\/02\/acrobates_noir-700x362d.png\",\"width\":700,\"height\":362,\"caption\":\"AcrobatesFilms\"},\"image\":{\"@id\":\"https:\/\/www.acrobatesfilms.fr\/#\/schema\/logo\/image\/\"}},{\"@type\":\"WebSite\",\"@id\":\"https:\/\/www.acrobatesfilms.fr\/#website\",\"url\":\"https:\/\/www.acrobatesfilms.fr\/\",\"name\":\"AcrobatesFilms\",\"description\":\"Soci\u00e9t\u00e9 de productions de films\",\"publisher\":{\"@id\":\"https:\/\/www.acrobatesfilms.fr\/#organization\"},\"potentialAction\":[{\"@type\":\"SearchAction\",\"target\":{\"@type\":\"EntryPoint\",\"urlTemplate\":\"https:\/\/www.acrobatesfilms.fr\/?s={search_term_string}\"},\"query-input\":\"required name=search_term_string\"}],\"inLanguage\":\"en-US\"},{\"@type\":\"ImageObject\",\"inLanguage\":\"en-US\",\"@id\":\"https:\/\/www.acrobatesfilms.fr\/en\/produit\/paradis-fragile\/#primaryimage\",\"url\":\"https:\/\/www.acrobatesfilms.fr\/wp\/wp-content\/uploads\/2021\/08\/Capture-de\u0301cran-2021-08-05-a\u0300-15.41.32.png\",\"contentUrl\":\"https:\/\/www.acrobatesfilms.fr\/wp\/wp-content\/uploads\/2021\/08\/Capture-de\u0301cran-2021-08-05-a\u0300-15.41.32.png\",\"width\":830,\"height\":1232},{\"@type\":\"WebPage\",\"@id\":\"https:\/\/www.acrobatesfilms.fr\/en\/produit\/paradis-fragile\/\",\"url\":\"https:\/\/www.acrobatesfilms.fr\/en\/produit\/paradis-fragile\/\",\"name\":\"Paradis Fragile - AcrobatesFilms\",\"isPartOf\":{\"@id\":\"https:\/\/www.acrobatesfilms.fr\/#website\"},\"primaryImageOfPage\":{\"@id\":\"https:\/\/www.acrobatesfilms.fr\/en\/produit\/paradis-fragile\/#primaryimage\"},\"datePublished\":\"2016-08-05T13:01:53+00:00\",\"dateModified\":\"2022-06-02T10:23:21+00:00\",\"breadcrumb\":{\"@id\":\"https:\/\/www.acrobatesfilms.fr\/en\/produit\/paradis-fragile\/#breadcrumb\"},\"inLanguage\":\"en-US\",\"potentialAction\":[{\"@type\":\"ReadAction\",\"target\":[\"https:\/\/www.acrobatesfilms.fr\/en\/produit\/paradis-fragile\/\"]}]},{\"@type\":\"BreadcrumbList\",\"@id\":\"https:\/\/www.acrobatesfilms.fr\/en\/produit\/paradis-fragile\/#breadcrumb\",\"itemListElement\":[{\"@type\":\"ListItem\",\"position\":1,\"name\":\"Home\",\"item\":\"https:\/\/www.acrobatesfilms.fr\/en\/acrobates-films-home-page\/\"},{\"@type\":\"ListItem\",\"position\":2,\"name\":\"Shop\",\"item\":\"https:\/\/www.acrobatesfilms.fr\/en\/shop\/\"},{\"@type\":\"ListItem\",\"position\":3,\"name\":\"Paradis Fragile\"}]}]}<\/script>\n<!-- \/ Yoast SEO plugin. -->","yoast_head_json":{"title":"Paradis Fragile - AcrobatesFilms","robots":{"index":"index","follow":"follow","max-snippet":"max-snippet:-1","max-image-preview":"max-image-preview:large","max-video-preview":"max-video-preview:-1"},"canonical":"https:\/\/www.acrobatesfilms.fr\/en\/produit\/paradis-fragile\/","og_locale":"en_US","og_type":"article","og_title":"Paradis Fragile - AcrobatesFilms","og_description":"Synopsis L\u2019\u00eele vietnamienne de Phu Quoc est situ\u00e9e dans le Sud Vietnam. Proche des c\u00f4tes cambodgiennes elle a longtemps \u00e9t\u00e9 source de conflit entre les deux pays. Terre rude aux activit\u00e9s tourn\u00e9es vers la mer, longtemps isol\u00e9e, l\u2019\u00eele s\u2019ouvre depuis quelques ann\u00e9es au tourisme de masse. Les paysages et notamment la c\u00f4te se transforment \u00e0 vitesse grand V. Paradis Fragile n\u2019est pas le constat pol\u00e9miste de la brutalit\u00e9 des changements dans un lieu longtemps pr\u00e9serv\u00e9, mais plut\u00f4t le portrait m\u00e9lancolique de ce qui existe encore \u00e0 l\u2019aube d\u2019un grand bouleversement.","og_url":"https:\/\/www.acrobatesfilms.fr\/en\/produit\/paradis-fragile\/","og_site_name":"AcrobatesFilms","article_modified_time":"2022-06-02T10:23:21+00:00","og_image":[{"width":830,"height":1232,"url":"https:\/\/www.acrobatesfilms.fr\/wp\/wp-content\/uploads\/2021\/08\/Capture-de\u0301cran-2021-08-05-a\u0300-15.41.32.png","type":"image\/png"}],"schema":{"@context":"https:\/\/schema.org","@graph":[{"@type":"Organization","@id":"https:\/\/www.acrobatesfilms.fr\/#organization","name":"AcrobatesFilms","url":"https:\/\/www.acrobatesfilms.fr\/","sameAs":[],"logo":{"@type":"ImageObject","inLanguage":"en-US","@id":"https:\/\/www.acrobatesfilms.fr\/#\/schema\/logo\/image\/","url":"https:\/\/www.acrobatesfilms.fr\/wp\/wp-content\/uploads\/2021\/02\/acrobates_noir-700x362d.png","contentUrl":"https:\/\/www.acrobatesfilms.fr\/wp\/wp-content\/uploads\/2021\/02\/acrobates_noir-700x362d.png","width":700,"height":362,"caption":"AcrobatesFilms"},"image":{"@id":"https:\/\/www.acrobatesfilms.fr\/#\/schema\/logo\/image\/"}},{"@type":"WebSite","@id":"https:\/\/www.acrobatesfilms.fr\/#website","url":"https:\/\/www.acrobatesfilms.fr\/","name":"AcrobatesFilms","description":"Soci\u00e9t\u00e9 de productions de films","publisher":{"@id":"https:\/\/www.acrobatesfilms.fr\/#organization"},"potentialAction":[{"@type":"SearchAction","target":{"@type":"EntryPoint","urlTemplate":"https:\/\/www.acrobatesfilms.fr\/?s={search_term_string}"},"query-input":"required name=search_term_string"}],"inLanguage":"en-US"},{"@type":"ImageObject","inLanguage":"en-US","@id":"https:\/\/www.acrobatesfilms.fr\/en\/produit\/paradis-fragile\/#primaryimage","url":"https:\/\/www.acrobatesfilms.fr\/wp\/wp-content\/uploads\/2021\/08\/Capture-de\u0301cran-2021-08-05-a\u0300-15.41.32.png","contentUrl":"https:\/\/www.acrobatesfilms.fr\/wp\/wp-content\/uploads\/2021\/08\/Capture-de\u0301cran-2021-08-05-a\u0300-15.41.32.png","width":830,"height":1232},{"@type":"WebPage","@id":"https:\/\/www.acrobatesfilms.fr\/en\/produit\/paradis-fragile\/","url":"https:\/\/www.acrobatesfilms.fr\/en\/produit\/paradis-fragile\/","name":"Paradis Fragile - AcrobatesFilms","isPartOf":{"@id":"https:\/\/www.acrobatesfilms.fr\/#website"},"primaryImageOfPage":{"@id":"https:\/\/www.acrobatesfilms.fr\/en\/produit\/paradis-fragile\/#primaryimage"},"datePublished":"2016-08-05T13:01:53+00:00","dateModified":"2022-06-02T10:23:21+00:00","breadcrumb":{"@id":"https:\/\/www.acrobatesfilms.fr\/en\/produit\/paradis-fragile\/#breadcrumb"},"inLanguage":"en-US","potentialAction":[{"@type":"ReadAction","target":["https:\/\/www.acrobatesfilms.fr\/en\/produit\/paradis-fragile\/"]}]},{"@type":"BreadcrumbList","@id":"https:\/\/www.acrobatesfilms.fr\/en\/produit\/paradis-fragile\/#breadcrumb","itemListElement":[{"@type":"ListItem","position":1,"name":"Home","item":"https:\/\/www.acrobatesfilms.fr\/en\/acrobates-films-home-page\/"},{"@type":"ListItem","position":2,"name":"Shop","item":"https:\/\/www.acrobatesfilms.fr\/en\/shop\/"},{"@type":"ListItem","position":3,"name":"Paradis Fragile"}]}]}},"_links":{"self":[{"href":"https:\/\/www.acrobatesfilms.fr\/en\/wp-json\/wp\/v2\/product\/4951"}],"collection":[{"href":"https:\/\/www.acrobatesfilms.fr\/en\/wp-json\/wp\/v2\/product"}],"about":[{"href":"https:\/\/www.acrobatesfilms.fr\/en\/wp-json\/wp\/v2\/types\/product"}],"replies":[{"embeddable":true,"href":"https:\/\/www.acrobatesfilms.fr\/en\/wp-json\/wp\/v2\/comments?post=4951"}],"wp:featuredmedia":[{"embeddable":true,"href":"https:\/\/www.acrobatesfilms.fr\/en\/wp-json\/wp\/v2\/media\/4969"}],"wp:attachment":[{"href":"https:\/\/www.acrobatesfilms.fr\/en\/wp-json\/wp\/v2\/media?parent=4951"}],"wp:term":[{"taxonomy":"product_cat","embeddable":true,"href":"https:\/\/www.acrobatesfilms.fr\/en\/wp-json\/wp\/v2\/product_cat?post=4951"},{"taxonomy":"product_tag","embeddable":true,"href":"https:\/\/www.acrobatesfilms.fr\/en\/wp-json\/wp\/v2\/product_tag?post=4951"}],"curies":[{"name":"wp","href":"https:\/\/api.w.org\/{rel}","templated":true}]}}