{"id":4952,"date":"2009-08-05T15:02:54","date_gmt":"2009-08-05T13:02:54","guid":{"rendered":"http:\/\/test.simonrautureau.fr\/acrobatesfilms\/?post_type=product&#038;p=4952"},"modified":"2021-12-31T16:38:00","modified_gmt":"2021-12-31T15:38:00","slug":"paysans-de-la-mer","status":"publish","type":"product","link":"https:\/\/www.acrobatesfilms.fr\/en\/produit\/paysans-de-la-mer\/","title":{"rendered":"<!--:fr-->Les Paysans de la Mer<!--:-->"},"content":{"rendered":"<h3>Fiche technique<\/h3>\n<p>Documentaire \u2013 74\u2019 \u2013 2009<br \/>\nR\u00e9alisateur : Christian Lajoumard<\/p>\n","protected":false},"excerpt":{"rendered":"<p><!--:en--><\/p>\n[embed]https:\/\/vimeo.com\/73863327[\/embed]\n<h3>Synopsis<\/h3>\n<p>Sur l\u2019\u00eele d\u2019Ol\u00e9ron, au fil des saisons, le travail des paysans de la mer : sauniers, ostr\u00e9iculteurs, p\u00eacheurs. Bouscul\u00e9s par le vent, les embruns, la pluie, ces hommes et ces femmes sont les h\u00e9ros d\u2019un quotidien o\u00f9 l\u2019homme est encore d\u00e9pendant de la g\u00e9n\u00e9rosit\u00e9 de la nature et de ses sautes d\u2019humeur.<!--:--><!--:fr--><\/p>\n","protected":false},"featured_media":4974,"comment_status":"closed","ping_status":"closed","template":"","meta":[],"product_cat":[35],"product_tag":[],"yoast_head":"<!-- This site is optimized with the Yoast SEO plugin v19.3 - https:\/\/yoast.com\/wordpress\/plugins\/seo\/ -->\n<title>Les Paysans de la Mer - AcrobatesFilms<\/title>\n<meta name=\"robots\" content=\"index, follow, max-snippet:-1, max-image-preview:large, max-video-preview:-1\" \/>\n<link rel=\"canonical\" href=\"https:\/\/www.acrobatesfilms.fr\/en\/produit\/paysans-de-la-mer\/\" \/>\n<meta property=\"og:locale\" content=\"en_US\" \/>\n<meta property=\"og:type\" content=\"article\" \/>\n<meta property=\"og:title\" content=\"Les Paysans de la Mer - AcrobatesFilms\" \/>\n<meta property=\"og:description\" content=\"Synopsis Sur l\u2019\u00eele d\u2019Ol\u00e9ron, au fil des saisons, le travail des paysans de la mer : sauniers, ostr\u00e9iculteurs, p\u00eacheurs. Bouscul\u00e9s par le vent, les embruns, la pluie, ces hommes et ces femmes sont les h\u00e9ros d\u2019un quotidien o\u00f9 l\u2019homme est encore d\u00e9pendant de la g\u00e9n\u00e9rosit\u00e9 de la nature et de ses sautes d\u2019humeur.\" \/>\n<meta property=\"og:url\" content=\"https:\/\/www.acrobatesfilms.fr\/en\/produit\/paysans-de-la-mer\/\" \/>\n<meta property=\"og:site_name\" content=\"AcrobatesFilms\" \/>\n<meta property=\"article:modified_time\" content=\"2021-12-31T15:38:00+00:00\" \/>\n<meta property=\"og:image\" content=\"https:\/\/www.acrobatesfilms.fr\/wp\/wp-content\/uploads\/2021\/08\/Capture-de\u0301cran-2021-08-05-a\u0300-15.43.04.png\" \/>\n\t<meta property=\"og:image:width\" content=\"954\" \/>\n\t<meta property=\"og:image:height\" content=\"1354\" \/>\n\t<meta property=\"og:image:type\" content=\"image\/png\" \/>\n<script type=\"application\/ld+json\" class=\"yoast-schema-graph\">{\"@context\":\"https:\/\/schema.org\",\"@graph\":[{\"@type\":\"Organization\",\"@id\":\"https:\/\/www.acrobatesfilms.fr\/#organization\",\"name\":\"AcrobatesFilms\",\"url\":\"https:\/\/www.acrobatesfilms.fr\/\",\"sameAs\":[],\"logo\":{\"@type\":\"ImageObject\",\"inLanguage\":\"en-US\",\"@id\":\"https:\/\/www.acrobatesfilms.fr\/#\/schema\/logo\/image\/\",\"url\":\"https:\/\/www.acrobatesfilms.fr\/wp\/wp-content\/uploads\/2021\/02\/acrobates_noir-700x362d.png\",\"contentUrl\":\"https:\/\/www.acrobatesfilms.fr\/wp\/wp-content\/uploads\/2021\/02\/acrobates_noir-700x362d.png\",\"width\":700,\"height\":362,\"caption\":\"AcrobatesFilms\"},\"image\":{\"@id\":\"https:\/\/www.acrobatesfilms.fr\/#\/schema\/logo\/image\/\"}},{\"@type\":\"WebSite\",\"@id\":\"https:\/\/www.acrobatesfilms.fr\/#website\",\"url\":\"https:\/\/www.acrobatesfilms.fr\/\",\"name\":\"AcrobatesFilms\",\"description\":\"Soci\u00e9t\u00e9 de productions de films\",\"publisher\":{\"@id\":\"https:\/\/www.acrobatesfilms.fr\/#organization\"},\"potentialAction\":[{\"@type\":\"SearchAction\",\"target\":{\"@type\":\"EntryPoint\",\"urlTemplate\":\"https:\/\/www.acrobatesfilms.fr\/?s={search_term_string}\"},\"query-input\":\"required name=search_term_string\"}],\"inLanguage\":\"en-US\"},{\"@type\":\"ImageObject\",\"inLanguage\":\"en-US\",\"@id\":\"https:\/\/www.acrobatesfilms.fr\/en\/produit\/paysans-de-la-mer\/#primaryimage\",\"url\":\"https:\/\/www.acrobatesfilms.fr\/wp\/wp-content\/uploads\/2021\/08\/Capture-de\u0301cran-2021-08-05-a\u0300-15.43.04.png\",\"contentUrl\":\"https:\/\/www.acrobatesfilms.fr\/wp\/wp-content\/uploads\/2021\/08\/Capture-de\u0301cran-2021-08-05-a\u0300-15.43.04.png\",\"width\":954,\"height\":1354},{\"@type\":\"WebPage\",\"@id\":\"https:\/\/www.acrobatesfilms.fr\/en\/produit\/paysans-de-la-mer\/\",\"url\":\"https:\/\/www.acrobatesfilms.fr\/en\/produit\/paysans-de-la-mer\/\",\"name\":\"Les Paysans de la Mer - AcrobatesFilms\",\"isPartOf\":{\"@id\":\"https:\/\/www.acrobatesfilms.fr\/#website\"},\"primaryImageOfPage\":{\"@id\":\"https:\/\/www.acrobatesfilms.fr\/en\/produit\/paysans-de-la-mer\/#primaryimage\"},\"datePublished\":\"2009-08-05T13:02:54+00:00\",\"dateModified\":\"2021-12-31T15:38:00+00:00\",\"breadcrumb\":{\"@id\":\"https:\/\/www.acrobatesfilms.fr\/en\/produit\/paysans-de-la-mer\/#breadcrumb\"},\"inLanguage\":\"en-US\",\"potentialAction\":[{\"@type\":\"ReadAction\",\"target\":[\"https:\/\/www.acrobatesfilms.fr\/en\/produit\/paysans-de-la-mer\/\"]}]},{\"@type\":\"BreadcrumbList\",\"@id\":\"https:\/\/www.acrobatesfilms.fr\/en\/produit\/paysans-de-la-mer\/#breadcrumb\",\"itemListElement\":[{\"@type\":\"ListItem\",\"position\":1,\"name\":\"Home\",\"item\":\"https:\/\/www.acrobatesfilms.fr\/en\/acrobates-films-home-page\/\"},{\"@type\":\"ListItem\",\"position\":2,\"name\":\"Shop\",\"item\":\"https:\/\/www.acrobatesfilms.fr\/en\/shop\/\"},{\"@type\":\"ListItem\",\"position\":3,\"name\":\"Les Paysans de la Mer\"}]}]}<\/script>\n<!-- \/ Yoast SEO plugin. -->","yoast_head_json":{"title":"Les Paysans de la Mer - AcrobatesFilms","robots":{"index":"index","follow":"follow","max-snippet":"max-snippet:-1","max-image-preview":"max-image-preview:large","max-video-preview":"max-video-preview:-1"},"canonical":"https:\/\/www.acrobatesfilms.fr\/en\/produit\/paysans-de-la-mer\/","og_locale":"en_US","og_type":"article","og_title":"Les Paysans de la Mer - AcrobatesFilms","og_description":"Synopsis Sur l\u2019\u00eele d\u2019Ol\u00e9ron, au fil des saisons, le travail des paysans de la mer : sauniers, ostr\u00e9iculteurs, p\u00eacheurs. Bouscul\u00e9s par le vent, les embruns, la pluie, ces hommes et ces femmes sont les h\u00e9ros d\u2019un quotidien o\u00f9 l\u2019homme est encore d\u00e9pendant de la g\u00e9n\u00e9rosit\u00e9 de la nature et de ses sautes d\u2019humeur.","og_url":"https:\/\/www.acrobatesfilms.fr\/en\/produit\/paysans-de-la-mer\/","og_site_name":"AcrobatesFilms","article_modified_time":"2021-12-31T15:38:00+00:00","og_image":[{"width":954,"height":1354,"url":"https:\/\/www.acrobatesfilms.fr\/wp\/wp-content\/uploads\/2021\/08\/Capture-de\u0301cran-2021-08-05-a\u0300-15.43.04.png","type":"image\/png"}],"schema":{"@context":"https:\/\/schema.org","@graph":[{"@type":"Organization","@id":"https:\/\/www.acrobatesfilms.fr\/#organization","name":"AcrobatesFilms","url":"https:\/\/www.acrobatesfilms.fr\/","sameAs":[],"logo":{"@type":"ImageObject","inLanguage":"en-US","@id":"https:\/\/www.acrobatesfilms.fr\/#\/schema\/logo\/image\/","url":"https:\/\/www.acrobatesfilms.fr\/wp\/wp-content\/uploads\/2021\/02\/acrobates_noir-700x362d.png","contentUrl":"https:\/\/www.acrobatesfilms.fr\/wp\/wp-content\/uploads\/2021\/02\/acrobates_noir-700x362d.png","width":700,"height":362,"caption":"AcrobatesFilms"},"image":{"@id":"https:\/\/www.acrobatesfilms.fr\/#\/schema\/logo\/image\/"}},{"@type":"WebSite","@id":"https:\/\/www.acrobatesfilms.fr\/#website","url":"https:\/\/www.acrobatesfilms.fr\/","name":"AcrobatesFilms","description":"Soci\u00e9t\u00e9 de productions de films","publisher":{"@id":"https:\/\/www.acrobatesfilms.fr\/#organization"},"potentialAction":[{"@type":"SearchAction","target":{"@type":"EntryPoint","urlTemplate":"https:\/\/www.acrobatesfilms.fr\/?s={search_term_string}"},"query-input":"required name=search_term_string"}],"inLanguage":"en-US"},{"@type":"ImageObject","inLanguage":"en-US","@id":"https:\/\/www.acrobatesfilms.fr\/en\/produit\/paysans-de-la-mer\/#primaryimage","url":"https:\/\/www.acrobatesfilms.fr\/wp\/wp-content\/uploads\/2021\/08\/Capture-de\u0301cran-2021-08-05-a\u0300-15.43.04.png","contentUrl":"https:\/\/www.acrobatesfilms.fr\/wp\/wp-content\/uploads\/2021\/08\/Capture-de\u0301cran-2021-08-05-a\u0300-15.43.04.png","width":954,"height":1354},{"@type":"WebPage","@id":"https:\/\/www.acrobatesfilms.fr\/en\/produit\/paysans-de-la-mer\/","url":"https:\/\/www.acrobatesfilms.fr\/en\/produit\/paysans-de-la-mer\/","name":"Les Paysans de la Mer - AcrobatesFilms","isPartOf":{"@id":"https:\/\/www.acrobatesfilms.fr\/#website"},"primaryImageOfPage":{"@id":"https:\/\/www.acrobatesfilms.fr\/en\/produit\/paysans-de-la-mer\/#primaryimage"},"datePublished":"2009-08-05T13:02:54+00:00","dateModified":"2021-12-31T15:38:00+00:00","breadcrumb":{"@id":"https:\/\/www.acrobatesfilms.fr\/en\/produit\/paysans-de-la-mer\/#breadcrumb"},"inLanguage":"en-US","potentialAction":[{"@type":"ReadAction","target":["https:\/\/www.acrobatesfilms.fr\/en\/produit\/paysans-de-la-mer\/"]}]},{"@type":"BreadcrumbList","@id":"https:\/\/www.acrobatesfilms.fr\/en\/produit\/paysans-de-la-mer\/#breadcrumb","itemListElement":[{"@type":"ListItem","position":1,"name":"Home","item":"https:\/\/www.acrobatesfilms.fr\/en\/acrobates-films-home-page\/"},{"@type":"ListItem","position":2,"name":"Shop","item":"https:\/\/www.acrobatesfilms.fr\/en\/shop\/"},{"@type":"ListItem","position":3,"name":"Les Paysans de la Mer"}]}]}},"_links":{"self":[{"href":"https:\/\/www.acrobatesfilms.fr\/en\/wp-json\/wp\/v2\/product\/4952"}],"collection":[{"href":"https:\/\/www.acrobatesfilms.fr\/en\/wp-json\/wp\/v2\/product"}],"about":[{"href":"https:\/\/www.acrobatesfilms.fr\/en\/wp-json\/wp\/v2\/types\/product"}],"replies":[{"embeddable":true,"href":"https:\/\/www.acrobatesfilms.fr\/en\/wp-json\/wp\/v2\/comments?post=4952"}],"wp:featuredmedia":[{"embeddable":true,"href":"https:\/\/www.acrobatesfilms.fr\/en\/wp-json\/wp\/v2\/media\/4974"}],"wp:attachment":[{"href":"https:\/\/www.acrobatesfilms.fr\/en\/wp-json\/wp\/v2\/media?parent=4952"}],"wp:term":[{"taxonomy":"product_cat","embeddable":true,"href":"https:\/\/www.acrobatesfilms.fr\/en\/wp-json\/wp\/v2\/product_cat?post=4952"},{"taxonomy":"product_tag","embeddable":true,"href":"https:\/\/www.acrobatesfilms.fr\/en\/wp-json\/wp\/v2\/product_tag?post=4952"}],"curies":[{"name":"wp","href":"https:\/\/api.w.org\/{rel}","templated":true}]}}