{"id":4955,"date":"2004-08-05T15:05:52","date_gmt":"2004-08-05T13:05:52","guid":{"rendered":"http:\/\/test.simonrautureau.fr\/acrobatesfilms\/?post_type=product&#038;p=4955"},"modified":"2022-06-02T15:03:48","modified_gmt":"2022-06-02T13:03:48","slug":"sequences-corses","status":"publish","type":"product","link":"https:\/\/www.acrobatesfilms.fr\/en\/produit\/sequences-corses\/","title":{"rendered":"<!--:fr-->S\u00e9quences Corses<!--:-->"},"content":{"rendered":"<h3>Fiche technique<\/h3>\n<p>Documentaire \u2013 52\u2019 \u2013 2004<br \/>\nR\u00e9alisateur : Christian Lajoumard<\/p>\n","protected":false},"excerpt":{"rendered":"[embed]https:\/\/vimeo.com\/161975442[\/embed]\n<h3>Synopsis<\/h3>\n<p style=\"text-align: justify;\">La Corse est souvent expos\u00e9e de fa\u00e7on caricaturale dans la glorification permanente de l\u2019\u00eele de beaut\u00e9 ou dans la pr\u00e9sentation des conflits qui la secouent.<\/p>\n<p style=\"text-align: justify;\">Ce rocher dans la mer est pourtant sous bien des aspects et malgr\u00e9 les innombrables films qui lui sont consacr\u00e9s, bien plus complexe et riche qu\u2019il n\u2019y parait. Les femmes et les hommes de Corses sont \u00e0 mille lieux de l\u2019image d\u2019\u00c9pinal attach\u00e9s aux m\u00e9diterran\u00e9ens : la parole est rare et les sentiments cach\u00e9s. Profond\u00e9ment attach\u00e9s \u00e0 leur terre et \u00e0 leurs traditions ils vivent une relation forte avec leur univers, en symbiose avec la nature superbe et violente.<\/p>\n<p style=\"text-align: justify;\">C\u2019est ce lien entre l\u2019homme et son environnement que le film expose en tissant la toile d\u2019un monde o\u00f9 paroles, sentiments, activit\u00e9s et \u00e9l\u00e9ments naturels composent le tableau vivant d\u2019une \u00eele riche de son pass\u00e9 et tourn\u00e9e vers l\u2019avenir. Comme le dit l\u2019un des personnages : \u201cIci, nous avons peut-\u00eatre g\u00e2ch\u00e9 moins de chances pour la, ou les, soci\u00e9t\u00e9s de demain.\u201d<\/p>\n","protected":false},"featured_media":4956,"comment_status":"closed","ping_status":"closed","template":"","meta":[],"product_cat":[35],"product_tag":[],"yoast_head":"<!-- This site is optimized with the Yoast SEO plugin v19.3 - https:\/\/yoast.com\/wordpress\/plugins\/seo\/ -->\n<title>S\u00e9quences Corses - AcrobatesFilms<\/title>\n<meta name=\"robots\" content=\"index, follow, max-snippet:-1, max-image-preview:large, max-video-preview:-1\" \/>\n<link rel=\"canonical\" href=\"https:\/\/www.acrobatesfilms.fr\/en\/produit\/sequences-corses\/\" \/>\n<meta property=\"og:locale\" content=\"en_US\" \/>\n<meta property=\"og:type\" content=\"article\" \/>\n<meta property=\"og:title\" content=\"S\u00e9quences Corses - AcrobatesFilms\" \/>\n<meta property=\"og:description\" content=\"Synopsis La Corse est souvent expos\u00e9e de fa\u00e7on caricaturale dans la glorification permanente de l\u2019\u00eele de beaut\u00e9 ou dans la pr\u00e9sentation des conflits qui la secouent. Ce rocher dans la mer est pourtant sous bien des aspects et malgr\u00e9 les innombrables films qui lui sont consacr\u00e9s, bien plus complexe et riche qu\u2019il n\u2019y parait. Les femmes et les hommes de Corses sont \u00e0 mille lieux de l\u2019image d\u2019\u00c9pinal attach\u00e9s aux m\u00e9diterran\u00e9ens : la parole est rare et les sentiments cach\u00e9s. Profond\u00e9ment attach\u00e9s \u00e0 leur terre et \u00e0 leurs traditions ils vivent une relation forte avec leur univers, en symbiose avec la nature superbe et violente. C\u2019est ce lien entre l\u2019homme et son environnement que le film expose en tissant la toile d\u2019un monde o\u00f9 paroles, sentiments, activit\u00e9s et \u00e9l\u00e9ments naturels composent le tableau vivant d\u2019une \u00eele riche de son pass\u00e9 et tourn\u00e9e vers l\u2019avenir. Comme le dit l\u2019un des personnages : \u201cIci, nous avons peut-\u00eatre g\u00e2ch\u00e9 moins de chances pour la, ou les, soci\u00e9t\u00e9s de demain.\u201d\" \/>\n<meta property=\"og:url\" content=\"https:\/\/www.acrobatesfilms.fr\/en\/produit\/sequences-corses\/\" \/>\n<meta property=\"og:site_name\" content=\"AcrobatesFilms\" \/>\n<meta property=\"article:modified_time\" content=\"2022-06-02T13:03:48+00:00\" \/>\n<meta property=\"og:image\" content=\"https:\/\/www.acrobatesfilms.fr\/wp\/wp-content\/uploads\/2021\/08\/Se\u0301quences-Corses.png\" \/>\n\t<meta property=\"og:image:width\" content=\"792\" \/>\n\t<meta property=\"og:image:height\" content=\"1196\" \/>\n\t<meta property=\"og:image:type\" content=\"image\/png\" \/>\n<script type=\"application\/ld+json\" class=\"yoast-schema-graph\">{\"@context\":\"https:\/\/schema.org\",\"@graph\":[{\"@type\":\"Organization\",\"@id\":\"https:\/\/www.acrobatesfilms.fr\/#organization\",\"name\":\"AcrobatesFilms\",\"url\":\"https:\/\/www.acrobatesfilms.fr\/\",\"sameAs\":[],\"logo\":{\"@type\":\"ImageObject\",\"inLanguage\":\"en-US\",\"@id\":\"https:\/\/www.acrobatesfilms.fr\/#\/schema\/logo\/image\/\",\"url\":\"https:\/\/www.acrobatesfilms.fr\/wp\/wp-content\/uploads\/2021\/02\/acrobates_noir-700x362d.png\",\"contentUrl\":\"https:\/\/www.acrobatesfilms.fr\/wp\/wp-content\/uploads\/2021\/02\/acrobates_noir-700x362d.png\",\"width\":700,\"height\":362,\"caption\":\"AcrobatesFilms\"},\"image\":{\"@id\":\"https:\/\/www.acrobatesfilms.fr\/#\/schema\/logo\/image\/\"}},{\"@type\":\"WebSite\",\"@id\":\"https:\/\/www.acrobatesfilms.fr\/#website\",\"url\":\"https:\/\/www.acrobatesfilms.fr\/\",\"name\":\"AcrobatesFilms\",\"description\":\"Soci\u00e9t\u00e9 de productions de films\",\"publisher\":{\"@id\":\"https:\/\/www.acrobatesfilms.fr\/#organization\"},\"potentialAction\":[{\"@type\":\"SearchAction\",\"target\":{\"@type\":\"EntryPoint\",\"urlTemplate\":\"https:\/\/www.acrobatesfilms.fr\/?s={search_term_string}\"},\"query-input\":\"required name=search_term_string\"}],\"inLanguage\":\"en-US\"},{\"@type\":\"ImageObject\",\"inLanguage\":\"en-US\",\"@id\":\"https:\/\/www.acrobatesfilms.fr\/en\/produit\/sequences-corses\/#primaryimage\",\"url\":\"https:\/\/www.acrobatesfilms.fr\/wp\/wp-content\/uploads\/2021\/08\/Se\u0301quences-Corses.png\",\"contentUrl\":\"https:\/\/www.acrobatesfilms.fr\/wp\/wp-content\/uploads\/2021\/08\/Se\u0301quences-Corses.png\",\"width\":792,\"height\":1196},{\"@type\":\"WebPage\",\"@id\":\"https:\/\/www.acrobatesfilms.fr\/en\/produit\/sequences-corses\/\",\"url\":\"https:\/\/www.acrobatesfilms.fr\/en\/produit\/sequences-corses\/\",\"name\":\"S\u00e9quences Corses - AcrobatesFilms\",\"isPartOf\":{\"@id\":\"https:\/\/www.acrobatesfilms.fr\/#website\"},\"primaryImageOfPage\":{\"@id\":\"https:\/\/www.acrobatesfilms.fr\/en\/produit\/sequences-corses\/#primaryimage\"},\"datePublished\":\"2004-08-05T13:05:52+00:00\",\"dateModified\":\"2022-06-02T13:03:48+00:00\",\"breadcrumb\":{\"@id\":\"https:\/\/www.acrobatesfilms.fr\/en\/produit\/sequences-corses\/#breadcrumb\"},\"inLanguage\":\"en-US\",\"potentialAction\":[{\"@type\":\"ReadAction\",\"target\":[\"https:\/\/www.acrobatesfilms.fr\/en\/produit\/sequences-corses\/\"]}]},{\"@type\":\"BreadcrumbList\",\"@id\":\"https:\/\/www.acrobatesfilms.fr\/en\/produit\/sequences-corses\/#breadcrumb\",\"itemListElement\":[{\"@type\":\"ListItem\",\"position\":1,\"name\":\"Home\",\"item\":\"https:\/\/www.acrobatesfilms.fr\/en\/acrobates-films-home-page\/\"},{\"@type\":\"ListItem\",\"position\":2,\"name\":\"Shop\",\"item\":\"https:\/\/www.acrobatesfilms.fr\/en\/shop\/\"},{\"@type\":\"ListItem\",\"position\":3,\"name\":\"S\u00e9quences Corses\"}]}]}<\/script>\n<!-- \/ Yoast SEO plugin. -->","yoast_head_json":{"title":"S\u00e9quences Corses - AcrobatesFilms","robots":{"index":"index","follow":"follow","max-snippet":"max-snippet:-1","max-image-preview":"max-image-preview:large","max-video-preview":"max-video-preview:-1"},"canonical":"https:\/\/www.acrobatesfilms.fr\/en\/produit\/sequences-corses\/","og_locale":"en_US","og_type":"article","og_title":"S\u00e9quences Corses - AcrobatesFilms","og_description":"Synopsis La Corse est souvent expos\u00e9e de fa\u00e7on caricaturale dans la glorification permanente de l\u2019\u00eele de beaut\u00e9 ou dans la pr\u00e9sentation des conflits qui la secouent. Ce rocher dans la mer est pourtant sous bien des aspects et malgr\u00e9 les innombrables films qui lui sont consacr\u00e9s, bien plus complexe et riche qu\u2019il n\u2019y parait. Les femmes et les hommes de Corses sont \u00e0 mille lieux de l\u2019image d\u2019\u00c9pinal attach\u00e9s aux m\u00e9diterran\u00e9ens : la parole est rare et les sentiments cach\u00e9s. Profond\u00e9ment attach\u00e9s \u00e0 leur terre et \u00e0 leurs traditions ils vivent une relation forte avec leur univers, en symbiose avec la nature superbe et violente. C\u2019est ce lien entre l\u2019homme et son environnement que le film expose en tissant la toile d\u2019un monde o\u00f9 paroles, sentiments, activit\u00e9s et \u00e9l\u00e9ments naturels composent le tableau vivant d\u2019une \u00eele riche de son pass\u00e9 et tourn\u00e9e vers l\u2019avenir. Comme le dit l\u2019un des personnages : \u201cIci, nous avons peut-\u00eatre g\u00e2ch\u00e9 moins de chances pour la, ou les, soci\u00e9t\u00e9s de demain.\u201d","og_url":"https:\/\/www.acrobatesfilms.fr\/en\/produit\/sequences-corses\/","og_site_name":"AcrobatesFilms","article_modified_time":"2022-06-02T13:03:48+00:00","og_image":[{"width":792,"height":1196,"url":"https:\/\/www.acrobatesfilms.fr\/wp\/wp-content\/uploads\/2021\/08\/Se\u0301quences-Corses.png","type":"image\/png"}],"schema":{"@context":"https:\/\/schema.org","@graph":[{"@type":"Organization","@id":"https:\/\/www.acrobatesfilms.fr\/#organization","name":"AcrobatesFilms","url":"https:\/\/www.acrobatesfilms.fr\/","sameAs":[],"logo":{"@type":"ImageObject","inLanguage":"en-US","@id":"https:\/\/www.acrobatesfilms.fr\/#\/schema\/logo\/image\/","url":"https:\/\/www.acrobatesfilms.fr\/wp\/wp-content\/uploads\/2021\/02\/acrobates_noir-700x362d.png","contentUrl":"https:\/\/www.acrobatesfilms.fr\/wp\/wp-content\/uploads\/2021\/02\/acrobates_noir-700x362d.png","width":700,"height":362,"caption":"AcrobatesFilms"},"image":{"@id":"https:\/\/www.acrobatesfilms.fr\/#\/schema\/logo\/image\/"}},{"@type":"WebSite","@id":"https:\/\/www.acrobatesfilms.fr\/#website","url":"https:\/\/www.acrobatesfilms.fr\/","name":"AcrobatesFilms","description":"Soci\u00e9t\u00e9 de productions de films","publisher":{"@id":"https:\/\/www.acrobatesfilms.fr\/#organization"},"potentialAction":[{"@type":"SearchAction","target":{"@type":"EntryPoint","urlTemplate":"https:\/\/www.acrobatesfilms.fr\/?s={search_term_string}"},"query-input":"required name=search_term_string"}],"inLanguage":"en-US"},{"@type":"ImageObject","inLanguage":"en-US","@id":"https:\/\/www.acrobatesfilms.fr\/en\/produit\/sequences-corses\/#primaryimage","url":"https:\/\/www.acrobatesfilms.fr\/wp\/wp-content\/uploads\/2021\/08\/Se\u0301quences-Corses.png","contentUrl":"https:\/\/www.acrobatesfilms.fr\/wp\/wp-content\/uploads\/2021\/08\/Se\u0301quences-Corses.png","width":792,"height":1196},{"@type":"WebPage","@id":"https:\/\/www.acrobatesfilms.fr\/en\/produit\/sequences-corses\/","url":"https:\/\/www.acrobatesfilms.fr\/en\/produit\/sequences-corses\/","name":"S\u00e9quences Corses - AcrobatesFilms","isPartOf":{"@id":"https:\/\/www.acrobatesfilms.fr\/#website"},"primaryImageOfPage":{"@id":"https:\/\/www.acrobatesfilms.fr\/en\/produit\/sequences-corses\/#primaryimage"},"datePublished":"2004-08-05T13:05:52+00:00","dateModified":"2022-06-02T13:03:48+00:00","breadcrumb":{"@id":"https:\/\/www.acrobatesfilms.fr\/en\/produit\/sequences-corses\/#breadcrumb"},"inLanguage":"en-US","potentialAction":[{"@type":"ReadAction","target":["https:\/\/www.acrobatesfilms.fr\/en\/produit\/sequences-corses\/"]}]},{"@type":"BreadcrumbList","@id":"https:\/\/www.acrobatesfilms.fr\/en\/produit\/sequences-corses\/#breadcrumb","itemListElement":[{"@type":"ListItem","position":1,"name":"Home","item":"https:\/\/www.acrobatesfilms.fr\/en\/acrobates-films-home-page\/"},{"@type":"ListItem","position":2,"name":"Shop","item":"https:\/\/www.acrobatesfilms.fr\/en\/shop\/"},{"@type":"ListItem","position":3,"name":"S\u00e9quences Corses"}]}]}},"_links":{"self":[{"href":"https:\/\/www.acrobatesfilms.fr\/en\/wp-json\/wp\/v2\/product\/4955"}],"collection":[{"href":"https:\/\/www.acrobatesfilms.fr\/en\/wp-json\/wp\/v2\/product"}],"about":[{"href":"https:\/\/www.acrobatesfilms.fr\/en\/wp-json\/wp\/v2\/types\/product"}],"replies":[{"embeddable":true,"href":"https:\/\/www.acrobatesfilms.fr\/en\/wp-json\/wp\/v2\/comments?post=4955"}],"wp:featuredmedia":[{"embeddable":true,"href":"https:\/\/www.acrobatesfilms.fr\/en\/wp-json\/wp\/v2\/media\/4956"}],"wp:attachment":[{"href":"https:\/\/www.acrobatesfilms.fr\/en\/wp-json\/wp\/v2\/media?parent=4955"}],"wp:term":[{"taxonomy":"product_cat","embeddable":true,"href":"https:\/\/www.acrobatesfilms.fr\/en\/wp-json\/wp\/v2\/product_cat?post=4955"},{"taxonomy":"product_tag","embeddable":true,"href":"https:\/\/www.acrobatesfilms.fr\/en\/wp-json\/wp\/v2\/product_tag?post=4955"}],"curies":[{"name":"wp","href":"https:\/\/api.w.org\/{rel}","templated":true}]}}