{"id":4959,"date":"2004-08-05T15:06:58","date_gmt":"2004-08-05T13:06:58","guid":{"rendered":"http:\/\/test.simonrautureau.fr\/acrobatesfilms\/?post_type=product&#038;p=4959"},"modified":"2022-06-02T14:59:28","modified_gmt":"2022-06-02T12:59:28","slug":"taiwan-portraits-choisis","status":"publish","type":"product","link":"https:\/\/www.acrobatesfilms.fr\/en\/produit\/taiwan-portraits-choisis\/","title":{"rendered":"<!--:fr-->Ta\u00efwan Portraits Choisis<!--:-->"},"content":{"rendered":"<h3>Fiche technique<\/h3>\n<p>Documentaire \u2013 78\u2019 \u2013 2004<br \/>\nR\u00e9alisateur : Jean-Robert Thomann<\/p>\n","protected":false},"excerpt":{"rendered":"[embed]https:\/\/vimeo.com\/84603928[\/embed]\n<h3>Synopsis<\/h3>\n<p style=\"text-align: justify;\">On entend sporadiquement parler de Ta\u00efwan dans les m\u00e9dias : les col\u00e8res de la Chine vis-\u00e0-vis de l\u2019\u00eele, l\u2019affaire des fr\u00e9gates\u2026 Outre ces quelques \u00e9l\u00e9ments, la plupart des europ\u00e9ens ne peuvent caract\u00e9riser l\u2019\u00eele que dans la formule grav\u00e9e dans toutes les m\u00e9moires : \u201cMade in Ta\u00efwan\u201d. Peupl\u00e9 \u00e0 la suite de vagues de migrations forc\u00e9es, Ta\u00efwan est aujourd\u2019hui, un pays m\u00e9tiss\u00e9 o\u00f9 la question identitaire est au coeur du d\u00e9bat social et politique. Au travers du portrait de trois membres des diff\u00e9rentes communaut\u00e9s qui peuplent l\u2019\u00eele, le film aborde l\u2019histoire complexe de cette terre qui, au-del\u00e0 du miracle \u00e9conomique, essaie de trouver sa place et son identit\u00e9 face \u00e0 la grande Chine Continentale.<\/p>\n","protected":false},"featured_media":4957,"comment_status":"closed","ping_status":"closed","template":"","meta":[],"product_cat":[35],"product_tag":[],"yoast_head":"<!-- This site is optimized with the Yoast SEO plugin v19.3 - https:\/\/yoast.com\/wordpress\/plugins\/seo\/ -->\n<title>Ta\u00efwan Portraits Choisis - AcrobatesFilms<\/title>\n<meta name=\"robots\" content=\"index, follow, max-snippet:-1, max-image-preview:large, max-video-preview:-1\" \/>\n<link rel=\"canonical\" href=\"https:\/\/www.acrobatesfilms.fr\/en\/produit\/taiwan-portraits-choisis\/\" \/>\n<meta property=\"og:locale\" content=\"en_US\" \/>\n<meta property=\"og:type\" content=\"article\" \/>\n<meta property=\"og:title\" content=\"Ta\u00efwan Portraits Choisis - AcrobatesFilms\" \/>\n<meta property=\"og:description\" content=\"Synopsis On entend sporadiquement parler de Ta\u00efwan dans les m\u00e9dias : les col\u00e8res de la Chine vis-\u00e0-vis de l\u2019\u00eele, l\u2019affaire des fr\u00e9gates\u2026 Outre ces quelques \u00e9l\u00e9ments, la plupart des europ\u00e9ens ne peuvent caract\u00e9riser l\u2019\u00eele que dans la formule grav\u00e9e dans toutes les m\u00e9moires : \u201cMade in Ta\u00efwan\u201d. Peupl\u00e9 \u00e0 la suite de vagues de migrations forc\u00e9es, Ta\u00efwan est aujourd\u2019hui, un pays m\u00e9tiss\u00e9 o\u00f9 la question identitaire est au coeur du d\u00e9bat social et politique. Au travers du portrait de trois membres des diff\u00e9rentes communaut\u00e9s qui peuplent l\u2019\u00eele, le film aborde l\u2019histoire complexe de cette terre qui, au-del\u00e0 du miracle \u00e9conomique, essaie de trouver sa place et son identit\u00e9 face \u00e0 la grande Chine Continentale.\" \/>\n<meta property=\"og:url\" content=\"https:\/\/www.acrobatesfilms.fr\/en\/produit\/taiwan-portraits-choisis\/\" \/>\n<meta property=\"og:site_name\" content=\"AcrobatesFilms\" \/>\n<meta property=\"article:modified_time\" content=\"2022-06-02T12:59:28+00:00\" \/>\n<meta property=\"og:image\" content=\"https:\/\/www.acrobatesfilms.fr\/wp\/wp-content\/uploads\/2021\/08\/Taiwan.png\" \/>\n\t<meta property=\"og:image:width\" content=\"806\" \/>\n\t<meta property=\"og:image:height\" content=\"1194\" \/>\n\t<meta property=\"og:image:type\" content=\"image\/png\" \/>\n<script type=\"application\/ld+json\" class=\"yoast-schema-graph\">{\"@context\":\"https:\/\/schema.org\",\"@graph\":[{\"@type\":\"Organization\",\"@id\":\"https:\/\/www.acrobatesfilms.fr\/#organization\",\"name\":\"AcrobatesFilms\",\"url\":\"https:\/\/www.acrobatesfilms.fr\/\",\"sameAs\":[],\"logo\":{\"@type\":\"ImageObject\",\"inLanguage\":\"en-US\",\"@id\":\"https:\/\/www.acrobatesfilms.fr\/#\/schema\/logo\/image\/\",\"url\":\"https:\/\/www.acrobatesfilms.fr\/wp\/wp-content\/uploads\/2021\/02\/acrobates_noir-700x362d.png\",\"contentUrl\":\"https:\/\/www.acrobatesfilms.fr\/wp\/wp-content\/uploads\/2021\/02\/acrobates_noir-700x362d.png\",\"width\":700,\"height\":362,\"caption\":\"AcrobatesFilms\"},\"image\":{\"@id\":\"https:\/\/www.acrobatesfilms.fr\/#\/schema\/logo\/image\/\"}},{\"@type\":\"WebSite\",\"@id\":\"https:\/\/www.acrobatesfilms.fr\/#website\",\"url\":\"https:\/\/www.acrobatesfilms.fr\/\",\"name\":\"AcrobatesFilms\",\"description\":\"Soci\u00e9t\u00e9 de productions de films\",\"publisher\":{\"@id\":\"https:\/\/www.acrobatesfilms.fr\/#organization\"},\"potentialAction\":[{\"@type\":\"SearchAction\",\"target\":{\"@type\":\"EntryPoint\",\"urlTemplate\":\"https:\/\/www.acrobatesfilms.fr\/?s={search_term_string}\"},\"query-input\":\"required name=search_term_string\"}],\"inLanguage\":\"en-US\"},{\"@type\":\"ImageObject\",\"inLanguage\":\"en-US\",\"@id\":\"https:\/\/www.acrobatesfilms.fr\/en\/produit\/taiwan-portraits-choisis\/#primaryimage\",\"url\":\"https:\/\/www.acrobatesfilms.fr\/wp\/wp-content\/uploads\/2021\/08\/Taiwan.png\",\"contentUrl\":\"https:\/\/www.acrobatesfilms.fr\/wp\/wp-content\/uploads\/2021\/08\/Taiwan.png\",\"width\":806,\"height\":1194},{\"@type\":\"WebPage\",\"@id\":\"https:\/\/www.acrobatesfilms.fr\/en\/produit\/taiwan-portraits-choisis\/\",\"url\":\"https:\/\/www.acrobatesfilms.fr\/en\/produit\/taiwan-portraits-choisis\/\",\"name\":\"Ta\u00efwan Portraits Choisis - AcrobatesFilms\",\"isPartOf\":{\"@id\":\"https:\/\/www.acrobatesfilms.fr\/#website\"},\"primaryImageOfPage\":{\"@id\":\"https:\/\/www.acrobatesfilms.fr\/en\/produit\/taiwan-portraits-choisis\/#primaryimage\"},\"datePublished\":\"2004-08-05T13:06:58+00:00\",\"dateModified\":\"2022-06-02T12:59:28+00:00\",\"breadcrumb\":{\"@id\":\"https:\/\/www.acrobatesfilms.fr\/en\/produit\/taiwan-portraits-choisis\/#breadcrumb\"},\"inLanguage\":\"en-US\",\"potentialAction\":[{\"@type\":\"ReadAction\",\"target\":[\"https:\/\/www.acrobatesfilms.fr\/en\/produit\/taiwan-portraits-choisis\/\"]}]},{\"@type\":\"BreadcrumbList\",\"@id\":\"https:\/\/www.acrobatesfilms.fr\/en\/produit\/taiwan-portraits-choisis\/#breadcrumb\",\"itemListElement\":[{\"@type\":\"ListItem\",\"position\":1,\"name\":\"Home\",\"item\":\"https:\/\/www.acrobatesfilms.fr\/en\/acrobates-films-home-page\/\"},{\"@type\":\"ListItem\",\"position\":2,\"name\":\"Shop\",\"item\":\"https:\/\/www.acrobatesfilms.fr\/en\/shop\/\"},{\"@type\":\"ListItem\",\"position\":3,\"name\":\"Ta\u00efwan Portraits Choisis\"}]}]}<\/script>\n<!-- \/ Yoast SEO plugin. -->","yoast_head_json":{"title":"Ta\u00efwan Portraits Choisis - AcrobatesFilms","robots":{"index":"index","follow":"follow","max-snippet":"max-snippet:-1","max-image-preview":"max-image-preview:large","max-video-preview":"max-video-preview:-1"},"canonical":"https:\/\/www.acrobatesfilms.fr\/en\/produit\/taiwan-portraits-choisis\/","og_locale":"en_US","og_type":"article","og_title":"Ta\u00efwan Portraits Choisis - AcrobatesFilms","og_description":"Synopsis On entend sporadiquement parler de Ta\u00efwan dans les m\u00e9dias : les col\u00e8res de la Chine vis-\u00e0-vis de l\u2019\u00eele, l\u2019affaire des fr\u00e9gates\u2026 Outre ces quelques \u00e9l\u00e9ments, la plupart des europ\u00e9ens ne peuvent caract\u00e9riser l\u2019\u00eele que dans la formule grav\u00e9e dans toutes les m\u00e9moires : \u201cMade in Ta\u00efwan\u201d. Peupl\u00e9 \u00e0 la suite de vagues de migrations forc\u00e9es, Ta\u00efwan est aujourd\u2019hui, un pays m\u00e9tiss\u00e9 o\u00f9 la question identitaire est au coeur du d\u00e9bat social et politique. Au travers du portrait de trois membres des diff\u00e9rentes communaut\u00e9s qui peuplent l\u2019\u00eele, le film aborde l\u2019histoire complexe de cette terre qui, au-del\u00e0 du miracle \u00e9conomique, essaie de trouver sa place et son identit\u00e9 face \u00e0 la grande Chine Continentale.","og_url":"https:\/\/www.acrobatesfilms.fr\/en\/produit\/taiwan-portraits-choisis\/","og_site_name":"AcrobatesFilms","article_modified_time":"2022-06-02T12:59:28+00:00","og_image":[{"width":806,"height":1194,"url":"https:\/\/www.acrobatesfilms.fr\/wp\/wp-content\/uploads\/2021\/08\/Taiwan.png","type":"image\/png"}],"schema":{"@context":"https:\/\/schema.org","@graph":[{"@type":"Organization","@id":"https:\/\/www.acrobatesfilms.fr\/#organization","name":"AcrobatesFilms","url":"https:\/\/www.acrobatesfilms.fr\/","sameAs":[],"logo":{"@type":"ImageObject","inLanguage":"en-US","@id":"https:\/\/www.acrobatesfilms.fr\/#\/schema\/logo\/image\/","url":"https:\/\/www.acrobatesfilms.fr\/wp\/wp-content\/uploads\/2021\/02\/acrobates_noir-700x362d.png","contentUrl":"https:\/\/www.acrobatesfilms.fr\/wp\/wp-content\/uploads\/2021\/02\/acrobates_noir-700x362d.png","width":700,"height":362,"caption":"AcrobatesFilms"},"image":{"@id":"https:\/\/www.acrobatesfilms.fr\/#\/schema\/logo\/image\/"}},{"@type":"WebSite","@id":"https:\/\/www.acrobatesfilms.fr\/#website","url":"https:\/\/www.acrobatesfilms.fr\/","name":"AcrobatesFilms","description":"Soci\u00e9t\u00e9 de productions de films","publisher":{"@id":"https:\/\/www.acrobatesfilms.fr\/#organization"},"potentialAction":[{"@type":"SearchAction","target":{"@type":"EntryPoint","urlTemplate":"https:\/\/www.acrobatesfilms.fr\/?s={search_term_string}"},"query-input":"required name=search_term_string"}],"inLanguage":"en-US"},{"@type":"ImageObject","inLanguage":"en-US","@id":"https:\/\/www.acrobatesfilms.fr\/en\/produit\/taiwan-portraits-choisis\/#primaryimage","url":"https:\/\/www.acrobatesfilms.fr\/wp\/wp-content\/uploads\/2021\/08\/Taiwan.png","contentUrl":"https:\/\/www.acrobatesfilms.fr\/wp\/wp-content\/uploads\/2021\/08\/Taiwan.png","width":806,"height":1194},{"@type":"WebPage","@id":"https:\/\/www.acrobatesfilms.fr\/en\/produit\/taiwan-portraits-choisis\/","url":"https:\/\/www.acrobatesfilms.fr\/en\/produit\/taiwan-portraits-choisis\/","name":"Ta\u00efwan Portraits Choisis - AcrobatesFilms","isPartOf":{"@id":"https:\/\/www.acrobatesfilms.fr\/#website"},"primaryImageOfPage":{"@id":"https:\/\/www.acrobatesfilms.fr\/en\/produit\/taiwan-portraits-choisis\/#primaryimage"},"datePublished":"2004-08-05T13:06:58+00:00","dateModified":"2022-06-02T12:59:28+00:00","breadcrumb":{"@id":"https:\/\/www.acrobatesfilms.fr\/en\/produit\/taiwan-portraits-choisis\/#breadcrumb"},"inLanguage":"en-US","potentialAction":[{"@type":"ReadAction","target":["https:\/\/www.acrobatesfilms.fr\/en\/produit\/taiwan-portraits-choisis\/"]}]},{"@type":"BreadcrumbList","@id":"https:\/\/www.acrobatesfilms.fr\/en\/produit\/taiwan-portraits-choisis\/#breadcrumb","itemListElement":[{"@type":"ListItem","position":1,"name":"Home","item":"https:\/\/www.acrobatesfilms.fr\/en\/acrobates-films-home-page\/"},{"@type":"ListItem","position":2,"name":"Shop","item":"https:\/\/www.acrobatesfilms.fr\/en\/shop\/"},{"@type":"ListItem","position":3,"name":"Ta\u00efwan Portraits Choisis"}]}]}},"_links":{"self":[{"href":"https:\/\/www.acrobatesfilms.fr\/en\/wp-json\/wp\/v2\/product\/4959"}],"collection":[{"href":"https:\/\/www.acrobatesfilms.fr\/en\/wp-json\/wp\/v2\/product"}],"about":[{"href":"https:\/\/www.acrobatesfilms.fr\/en\/wp-json\/wp\/v2\/types\/product"}],"replies":[{"embeddable":true,"href":"https:\/\/www.acrobatesfilms.fr\/en\/wp-json\/wp\/v2\/comments?post=4959"}],"wp:featuredmedia":[{"embeddable":true,"href":"https:\/\/www.acrobatesfilms.fr\/en\/wp-json\/wp\/v2\/media\/4957"}],"wp:attachment":[{"href":"https:\/\/www.acrobatesfilms.fr\/en\/wp-json\/wp\/v2\/media?parent=4959"}],"wp:term":[{"taxonomy":"product_cat","embeddable":true,"href":"https:\/\/www.acrobatesfilms.fr\/en\/wp-json\/wp\/v2\/product_cat?post=4959"},{"taxonomy":"product_tag","embeddable":true,"href":"https:\/\/www.acrobatesfilms.fr\/en\/wp-json\/wp\/v2\/product_tag?post=4959"}],"curies":[{"name":"wp","href":"https:\/\/api.w.org\/{rel}","templated":true}]}}