{"id":4960,"date":"2008-08-05T15:12:16","date_gmt":"2008-08-05T13:12:16","guid":{"rendered":"http:\/\/test.simonrautureau.fr\/acrobatesfilms\/?post_type=product&#038;p=4960"},"modified":"2022-06-02T14:46:25","modified_gmt":"2022-06-02T12:46:25","slug":"u-b","status":"publish","type":"product","link":"https:\/\/www.acrobatesfilms.fr\/en\/produit\/u-b\/","title":{"rendered":"<!--:fr-->U.B.<!--:-->"},"content":{"rendered":"<h3>Fiche technique<\/h3>\n<p>Documentaire \u2013 52\u2019 \u2013 2008<br \/>\nR\u00e9alisateur : Christian Lajoumard<\/p>\n","protected":false},"excerpt":{"rendered":"[embed]https:\/\/vimeo.com\/79202709[\/embed]\n<h3 style=\"text-align: justify;\">Synopsis<\/h3>\n<p style=\"text-align: justify;\">Dans les conf\u00e9rences internationales consacr\u00e9es \u00e0 la m\u00e9decine, les initiales U.B. cachent, sous une apparence anodine un des pires fl\u00e9aux de la plan\u00e8te : l\u2019Ulc\u00e8re de Buruli.<\/p>\n<p style=\"text-align: justify;\">On sait encore peu de chose sur les facteurs de propagation de ce dernier mais, comme c\u2019est une maladie en pleine expansion, elle est devenue une priorit\u00e9 pour des organismes tels que l\u2019OMS (Organisation Mondiale pour la Sant\u00e9). L\u2019Ulc\u00e8re de Buruli touche de fa\u00e7on massive les enfants et se caract\u00e9rise par une destruction du derme sur une surface plus ou moins importante. S\u2019il n\u2019entra\u00eene que tr\u00e8s rarement la mort, les s\u00e9quelles sont tr\u00e8s invalidantes et aboutissent notamment \u00e0 une totale incapacit\u00e9 \u00e0 travailler.<\/p>\n<p style=\"text-align: justify;\">Ce film expose le travail des m\u00e9decins, infirmiers, physioth\u00e9rapeutes qui luttent contre cette maladie en C\u00f4te d\u2019Ivoire.<\/p>\n<p>&nbsp;<\/p>\n","protected":false},"featured_media":4958,"comment_status":"closed","ping_status":"closed","template":"","meta":[],"product_cat":[35],"product_tag":[],"yoast_head":"<!-- This site is optimized with the Yoast SEO plugin v19.3 - https:\/\/yoast.com\/wordpress\/plugins\/seo\/ -->\n<title>U.B. - AcrobatesFilms<\/title>\n<meta name=\"robots\" content=\"index, follow, max-snippet:-1, max-image-preview:large, max-video-preview:-1\" \/>\n<link rel=\"canonical\" href=\"https:\/\/www.acrobatesfilms.fr\/en\/produit\/u-b\/\" \/>\n<meta property=\"og:locale\" content=\"en_US\" \/>\n<meta property=\"og:type\" content=\"article\" \/>\n<meta property=\"og:title\" content=\"U.B. - AcrobatesFilms\" \/>\n<meta property=\"og:description\" content=\"Synopsis Dans les conf\u00e9rences internationales consacr\u00e9es \u00e0 la m\u00e9decine, les initiales U.B. cachent, sous une apparence anodine un des pires fl\u00e9aux de la plan\u00e8te : l\u2019Ulc\u00e8re de Buruli. On sait encore peu de chose sur les facteurs de propagation de ce dernier mais, comme c\u2019est une maladie en pleine expansion, elle est devenue une priorit\u00e9 pour des organismes tels que l\u2019OMS (Organisation Mondiale pour la Sant\u00e9). L\u2019Ulc\u00e8re de Buruli touche de fa\u00e7on massive les enfants et se caract\u00e9rise par une destruction du derme sur une surface plus ou moins importante. S\u2019il n\u2019entra\u00eene que tr\u00e8s rarement la mort, les s\u00e9quelles sont tr\u00e8s invalidantes et aboutissent notamment \u00e0 une totale incapacit\u00e9 \u00e0 travailler. Ce film expose le travail des m\u00e9decins, infirmiers, physioth\u00e9rapeutes qui luttent contre cette maladie en C\u00f4te d\u2019Ivoire. &nbsp;\" \/>\n<meta property=\"og:url\" content=\"https:\/\/www.acrobatesfilms.fr\/en\/produit\/u-b\/\" \/>\n<meta property=\"og:site_name\" content=\"AcrobatesFilms\" \/>\n<meta property=\"article:modified_time\" content=\"2022-06-02T12:46:25+00:00\" \/>\n<meta property=\"og:image\" content=\"https:\/\/www.acrobatesfilms.fr\/wp\/wp-content\/uploads\/2021\/08\/U.B..png\" \/>\n\t<meta property=\"og:image:width\" content=\"798\" \/>\n\t<meta property=\"og:image:height\" content=\"1198\" \/>\n\t<meta property=\"og:image:type\" content=\"image\/png\" \/>\n<script type=\"application\/ld+json\" class=\"yoast-schema-graph\">{\"@context\":\"https:\/\/schema.org\",\"@graph\":[{\"@type\":\"Organization\",\"@id\":\"https:\/\/www.acrobatesfilms.fr\/#organization\",\"name\":\"AcrobatesFilms\",\"url\":\"https:\/\/www.acrobatesfilms.fr\/\",\"sameAs\":[],\"logo\":{\"@type\":\"ImageObject\",\"inLanguage\":\"en-US\",\"@id\":\"https:\/\/www.acrobatesfilms.fr\/#\/schema\/logo\/image\/\",\"url\":\"https:\/\/www.acrobatesfilms.fr\/wp\/wp-content\/uploads\/2021\/02\/acrobates_noir-700x362d.png\",\"contentUrl\":\"https:\/\/www.acrobatesfilms.fr\/wp\/wp-content\/uploads\/2021\/02\/acrobates_noir-700x362d.png\",\"width\":700,\"height\":362,\"caption\":\"AcrobatesFilms\"},\"image\":{\"@id\":\"https:\/\/www.acrobatesfilms.fr\/#\/schema\/logo\/image\/\"}},{\"@type\":\"WebSite\",\"@id\":\"https:\/\/www.acrobatesfilms.fr\/#website\",\"url\":\"https:\/\/www.acrobatesfilms.fr\/\",\"name\":\"AcrobatesFilms\",\"description\":\"Soci\u00e9t\u00e9 de productions de films\",\"publisher\":{\"@id\":\"https:\/\/www.acrobatesfilms.fr\/#organization\"},\"potentialAction\":[{\"@type\":\"SearchAction\",\"target\":{\"@type\":\"EntryPoint\",\"urlTemplate\":\"https:\/\/www.acrobatesfilms.fr\/?s={search_term_string}\"},\"query-input\":\"required name=search_term_string\"}],\"inLanguage\":\"en-US\"},{\"@type\":\"ImageObject\",\"inLanguage\":\"en-US\",\"@id\":\"https:\/\/www.acrobatesfilms.fr\/en\/produit\/u-b\/#primaryimage\",\"url\":\"https:\/\/www.acrobatesfilms.fr\/wp\/wp-content\/uploads\/2021\/08\/U.B..png\",\"contentUrl\":\"https:\/\/www.acrobatesfilms.fr\/wp\/wp-content\/uploads\/2021\/08\/U.B..png\",\"width\":798,\"height\":1198},{\"@type\":\"WebPage\",\"@id\":\"https:\/\/www.acrobatesfilms.fr\/en\/produit\/u-b\/\",\"url\":\"https:\/\/www.acrobatesfilms.fr\/en\/produit\/u-b\/\",\"name\":\"U.B. - AcrobatesFilms\",\"isPartOf\":{\"@id\":\"https:\/\/www.acrobatesfilms.fr\/#website\"},\"primaryImageOfPage\":{\"@id\":\"https:\/\/www.acrobatesfilms.fr\/en\/produit\/u-b\/#primaryimage\"},\"datePublished\":\"2008-08-05T13:12:16+00:00\",\"dateModified\":\"2022-06-02T12:46:25+00:00\",\"breadcrumb\":{\"@id\":\"https:\/\/www.acrobatesfilms.fr\/en\/produit\/u-b\/#breadcrumb\"},\"inLanguage\":\"en-US\",\"potentialAction\":[{\"@type\":\"ReadAction\",\"target\":[\"https:\/\/www.acrobatesfilms.fr\/en\/produit\/u-b\/\"]}]},{\"@type\":\"BreadcrumbList\",\"@id\":\"https:\/\/www.acrobatesfilms.fr\/en\/produit\/u-b\/#breadcrumb\",\"itemListElement\":[{\"@type\":\"ListItem\",\"position\":1,\"name\":\"Home\",\"item\":\"https:\/\/www.acrobatesfilms.fr\/en\/acrobates-films-home-page\/\"},{\"@type\":\"ListItem\",\"position\":2,\"name\":\"Shop\",\"item\":\"https:\/\/www.acrobatesfilms.fr\/en\/shop\/\"},{\"@type\":\"ListItem\",\"position\":3,\"name\":\"U.B.\"}]}]}<\/script>\n<!-- \/ Yoast SEO plugin. -->","yoast_head_json":{"title":"U.B. - AcrobatesFilms","robots":{"index":"index","follow":"follow","max-snippet":"max-snippet:-1","max-image-preview":"max-image-preview:large","max-video-preview":"max-video-preview:-1"},"canonical":"https:\/\/www.acrobatesfilms.fr\/en\/produit\/u-b\/","og_locale":"en_US","og_type":"article","og_title":"U.B. - AcrobatesFilms","og_description":"Synopsis Dans les conf\u00e9rences internationales consacr\u00e9es \u00e0 la m\u00e9decine, les initiales U.B. cachent, sous une apparence anodine un des pires fl\u00e9aux de la plan\u00e8te : l\u2019Ulc\u00e8re de Buruli. On sait encore peu de chose sur les facteurs de propagation de ce dernier mais, comme c\u2019est une maladie en pleine expansion, elle est devenue une priorit\u00e9 pour des organismes tels que l\u2019OMS (Organisation Mondiale pour la Sant\u00e9). L\u2019Ulc\u00e8re de Buruli touche de fa\u00e7on massive les enfants et se caract\u00e9rise par une destruction du derme sur une surface plus ou moins importante. S\u2019il n\u2019entra\u00eene que tr\u00e8s rarement la mort, les s\u00e9quelles sont tr\u00e8s invalidantes et aboutissent notamment \u00e0 une totale incapacit\u00e9 \u00e0 travailler. Ce film expose le travail des m\u00e9decins, infirmiers, physioth\u00e9rapeutes qui luttent contre cette maladie en C\u00f4te d\u2019Ivoire. &nbsp;","og_url":"https:\/\/www.acrobatesfilms.fr\/en\/produit\/u-b\/","og_site_name":"AcrobatesFilms","article_modified_time":"2022-06-02T12:46:25+00:00","og_image":[{"width":798,"height":1198,"url":"https:\/\/www.acrobatesfilms.fr\/wp\/wp-content\/uploads\/2021\/08\/U.B..png","type":"image\/png"}],"schema":{"@context":"https:\/\/schema.org","@graph":[{"@type":"Organization","@id":"https:\/\/www.acrobatesfilms.fr\/#organization","name":"AcrobatesFilms","url":"https:\/\/www.acrobatesfilms.fr\/","sameAs":[],"logo":{"@type":"ImageObject","inLanguage":"en-US","@id":"https:\/\/www.acrobatesfilms.fr\/#\/schema\/logo\/image\/","url":"https:\/\/www.acrobatesfilms.fr\/wp\/wp-content\/uploads\/2021\/02\/acrobates_noir-700x362d.png","contentUrl":"https:\/\/www.acrobatesfilms.fr\/wp\/wp-content\/uploads\/2021\/02\/acrobates_noir-700x362d.png","width":700,"height":362,"caption":"AcrobatesFilms"},"image":{"@id":"https:\/\/www.acrobatesfilms.fr\/#\/schema\/logo\/image\/"}},{"@type":"WebSite","@id":"https:\/\/www.acrobatesfilms.fr\/#website","url":"https:\/\/www.acrobatesfilms.fr\/","name":"AcrobatesFilms","description":"Soci\u00e9t\u00e9 de productions de films","publisher":{"@id":"https:\/\/www.acrobatesfilms.fr\/#organization"},"potentialAction":[{"@type":"SearchAction","target":{"@type":"EntryPoint","urlTemplate":"https:\/\/www.acrobatesfilms.fr\/?s={search_term_string}"},"query-input":"required name=search_term_string"}],"inLanguage":"en-US"},{"@type":"ImageObject","inLanguage":"en-US","@id":"https:\/\/www.acrobatesfilms.fr\/en\/produit\/u-b\/#primaryimage","url":"https:\/\/www.acrobatesfilms.fr\/wp\/wp-content\/uploads\/2021\/08\/U.B..png","contentUrl":"https:\/\/www.acrobatesfilms.fr\/wp\/wp-content\/uploads\/2021\/08\/U.B..png","width":798,"height":1198},{"@type":"WebPage","@id":"https:\/\/www.acrobatesfilms.fr\/en\/produit\/u-b\/","url":"https:\/\/www.acrobatesfilms.fr\/en\/produit\/u-b\/","name":"U.B. - AcrobatesFilms","isPartOf":{"@id":"https:\/\/www.acrobatesfilms.fr\/#website"},"primaryImageOfPage":{"@id":"https:\/\/www.acrobatesfilms.fr\/en\/produit\/u-b\/#primaryimage"},"datePublished":"2008-08-05T13:12:16+00:00","dateModified":"2022-06-02T12:46:25+00:00","breadcrumb":{"@id":"https:\/\/www.acrobatesfilms.fr\/en\/produit\/u-b\/#breadcrumb"},"inLanguage":"en-US","potentialAction":[{"@type":"ReadAction","target":["https:\/\/www.acrobatesfilms.fr\/en\/produit\/u-b\/"]}]},{"@type":"BreadcrumbList","@id":"https:\/\/www.acrobatesfilms.fr\/en\/produit\/u-b\/#breadcrumb","itemListElement":[{"@type":"ListItem","position":1,"name":"Home","item":"https:\/\/www.acrobatesfilms.fr\/en\/acrobates-films-home-page\/"},{"@type":"ListItem","position":2,"name":"Shop","item":"https:\/\/www.acrobatesfilms.fr\/en\/shop\/"},{"@type":"ListItem","position":3,"name":"U.B."}]}]}},"_links":{"self":[{"href":"https:\/\/www.acrobatesfilms.fr\/en\/wp-json\/wp\/v2\/product\/4960"}],"collection":[{"href":"https:\/\/www.acrobatesfilms.fr\/en\/wp-json\/wp\/v2\/product"}],"about":[{"href":"https:\/\/www.acrobatesfilms.fr\/en\/wp-json\/wp\/v2\/types\/product"}],"replies":[{"embeddable":true,"href":"https:\/\/www.acrobatesfilms.fr\/en\/wp-json\/wp\/v2\/comments?post=4960"}],"wp:featuredmedia":[{"embeddable":true,"href":"https:\/\/www.acrobatesfilms.fr\/en\/wp-json\/wp\/v2\/media\/4958"}],"wp:attachment":[{"href":"https:\/\/www.acrobatesfilms.fr\/en\/wp-json\/wp\/v2\/media?parent=4960"}],"wp:term":[{"taxonomy":"product_cat","embeddable":true,"href":"https:\/\/www.acrobatesfilms.fr\/en\/wp-json\/wp\/v2\/product_cat?post=4960"},{"taxonomy":"product_tag","embeddable":true,"href":"https:\/\/www.acrobatesfilms.fr\/en\/wp-json\/wp\/v2\/product_tag?post=4960"}],"curies":[{"name":"wp","href":"https:\/\/api.w.org\/{rel}","templated":true}]}}