{"id":4962,"date":"2012-08-05T15:15:04","date_gmt":"2012-08-05T13:15:04","guid":{"rendered":"http:\/\/test.simonrautureau.fr\/acrobatesfilms\/?post_type=product&#038;p=4962"},"modified":"2022-06-02T16:09:51","modified_gmt":"2022-06-02T14:09:51","slug":"lopera-dei-pupi-de-palerme","status":"publish","type":"product","link":"https:\/\/www.acrobatesfilms.fr\/en\/produit\/lopera-dei-pupi-de-palerme\/","title":{"rendered":"<!--:fr-->L&#8217;Opera dei Pupi de Palerme<!--:-->"},"content":{"rendered":"<h3>Fiche technique<\/h3>\n<p>Documentaire \u2013 52\u2019 \u2013 2012<br \/>\nR\u00e9alisateurs : Marie-Laure D\u00e9sid\u00e9ri et Christian Argentino<\/p>\n","protected":false},"excerpt":{"rendered":"[embed]https:\/\/vimeo.com\/69875984[\/embed]\n<h3>Synopsis<\/h3>\n<p style=\"text-align: justify;\">Les \u201cPupi\u201d sont des marionnettes \u00e0 tringles qui connurent un succ\u00e8s consid\u00e9rable en Sicile \u00e0 partir du XIX\u00e8me si\u00e8cle. Les spectacles s\u2019inspirent des chansons de geste m\u00e9di\u00e9vales. Impression \u00e9trange, \u00e0 Palerme, d\u2019entendre parler de Charlemagne et de la Belle Ang\u00e9lique ! Mimmo Cuticchio et sa compagnie Figli d\u2019Arte sont les h\u00e9ritiers d\u2019une tradition familiale, les derniers virtuoses d\u2019un art puissamment populaire.<\/p>\n","protected":false},"featured_media":4993,"comment_status":"closed","ping_status":"closed","template":"","meta":[],"product_cat":[35,37],"product_tag":[],"yoast_head":"<!-- This site is optimized with the Yoast SEO plugin v19.3 - https:\/\/yoast.com\/wordpress\/plugins\/seo\/ -->\n<title>L&#039;Opera dei Pupi de Palerme - AcrobatesFilms<\/title>\n<meta name=\"robots\" content=\"index, follow, max-snippet:-1, max-image-preview:large, max-video-preview:-1\" \/>\n<link rel=\"canonical\" href=\"https:\/\/www.acrobatesfilms.fr\/en\/produit\/lopera-dei-pupi-de-palerme\/\" \/>\n<meta property=\"og:locale\" content=\"en_US\" \/>\n<meta property=\"og:type\" content=\"article\" \/>\n<meta property=\"og:title\" content=\"L&#039;Opera dei Pupi de Palerme - AcrobatesFilms\" \/>\n<meta property=\"og:description\" content=\"Synopsis Les \u201cPupi\u201d sont des marionnettes \u00e0 tringles qui connurent un succ\u00e8s consid\u00e9rable en Sicile \u00e0 partir du XIX\u00e8me si\u00e8cle. Les spectacles s\u2019inspirent des chansons de geste m\u00e9di\u00e9vales. Impression \u00e9trange, \u00e0 Palerme, d\u2019entendre parler de Charlemagne et de la Belle Ang\u00e9lique ! Mimmo Cuticchio et sa compagnie Figli d\u2019Arte sont les h\u00e9ritiers d\u2019une tradition familiale, les derniers virtuoses d\u2019un art puissamment populaire.\" \/>\n<meta property=\"og:url\" content=\"https:\/\/www.acrobatesfilms.fr\/en\/produit\/lopera-dei-pupi-de-palerme\/\" \/>\n<meta property=\"og:site_name\" content=\"AcrobatesFilms\" \/>\n<meta property=\"article:modified_time\" content=\"2022-06-02T14:09:51+00:00\" \/>\n<meta property=\"og:image\" content=\"https:\/\/www.acrobatesfilms.fr\/wp\/wp-content\/uploads\/2021\/08\/Marionnettes-SICILE.jpg\" \/>\n\t<meta property=\"og:image:width\" content=\"708\" \/>\n\t<meta property=\"og:image:height\" content=\"1000\" \/>\n\t<meta property=\"og:image:type\" content=\"image\/jpeg\" \/>\n<script type=\"application\/ld+json\" class=\"yoast-schema-graph\">{\"@context\":\"https:\/\/schema.org\",\"@graph\":[{\"@type\":\"Organization\",\"@id\":\"https:\/\/www.acrobatesfilms.fr\/#organization\",\"name\":\"AcrobatesFilms\",\"url\":\"https:\/\/www.acrobatesfilms.fr\/\",\"sameAs\":[],\"logo\":{\"@type\":\"ImageObject\",\"inLanguage\":\"en-US\",\"@id\":\"https:\/\/www.acrobatesfilms.fr\/#\/schema\/logo\/image\/\",\"url\":\"https:\/\/www.acrobatesfilms.fr\/wp\/wp-content\/uploads\/2021\/02\/acrobates_noir-700x362d.png\",\"contentUrl\":\"https:\/\/www.acrobatesfilms.fr\/wp\/wp-content\/uploads\/2021\/02\/acrobates_noir-700x362d.png\",\"width\":700,\"height\":362,\"caption\":\"AcrobatesFilms\"},\"image\":{\"@id\":\"https:\/\/www.acrobatesfilms.fr\/#\/schema\/logo\/image\/\"}},{\"@type\":\"WebSite\",\"@id\":\"https:\/\/www.acrobatesfilms.fr\/#website\",\"url\":\"https:\/\/www.acrobatesfilms.fr\/\",\"name\":\"AcrobatesFilms\",\"description\":\"Soci\u00e9t\u00e9 de productions de films\",\"publisher\":{\"@id\":\"https:\/\/www.acrobatesfilms.fr\/#organization\"},\"potentialAction\":[{\"@type\":\"SearchAction\",\"target\":{\"@type\":\"EntryPoint\",\"urlTemplate\":\"https:\/\/www.acrobatesfilms.fr\/?s={search_term_string}\"},\"query-input\":\"required name=search_term_string\"}],\"inLanguage\":\"en-US\"},{\"@type\":\"ImageObject\",\"inLanguage\":\"en-US\",\"@id\":\"https:\/\/www.acrobatesfilms.fr\/en\/produit\/lopera-dei-pupi-de-palerme\/#primaryimage\",\"url\":\"https:\/\/www.acrobatesfilms.fr\/wp\/wp-content\/uploads\/2021\/08\/Marionnettes-SICILE.jpg\",\"contentUrl\":\"https:\/\/www.acrobatesfilms.fr\/wp\/wp-content\/uploads\/2021\/08\/Marionnettes-SICILE.jpg\",\"width\":708,\"height\":1000},{\"@type\":\"WebPage\",\"@id\":\"https:\/\/www.acrobatesfilms.fr\/en\/produit\/lopera-dei-pupi-de-palerme\/\",\"url\":\"https:\/\/www.acrobatesfilms.fr\/en\/produit\/lopera-dei-pupi-de-palerme\/\",\"name\":\"L'Opera dei Pupi de Palerme - AcrobatesFilms\",\"isPartOf\":{\"@id\":\"https:\/\/www.acrobatesfilms.fr\/#website\"},\"primaryImageOfPage\":{\"@id\":\"https:\/\/www.acrobatesfilms.fr\/en\/produit\/lopera-dei-pupi-de-palerme\/#primaryimage\"},\"datePublished\":\"2012-08-05T13:15:04+00:00\",\"dateModified\":\"2022-06-02T14:09:51+00:00\",\"breadcrumb\":{\"@id\":\"https:\/\/www.acrobatesfilms.fr\/en\/produit\/lopera-dei-pupi-de-palerme\/#breadcrumb\"},\"inLanguage\":\"en-US\",\"potentialAction\":[{\"@type\":\"ReadAction\",\"target\":[\"https:\/\/www.acrobatesfilms.fr\/en\/produit\/lopera-dei-pupi-de-palerme\/\"]}]},{\"@type\":\"BreadcrumbList\",\"@id\":\"https:\/\/www.acrobatesfilms.fr\/en\/produit\/lopera-dei-pupi-de-palerme\/#breadcrumb\",\"itemListElement\":[{\"@type\":\"ListItem\",\"position\":1,\"name\":\"Home\",\"item\":\"https:\/\/www.acrobatesfilms.fr\/en\/acrobates-films-home-page\/\"},{\"@type\":\"ListItem\",\"position\":2,\"name\":\"Shop\",\"item\":\"https:\/\/www.acrobatesfilms.fr\/en\/shop\/\"},{\"@type\":\"ListItem\",\"position\":3,\"name\":\"L&rsquo;Opera dei Pupi de Palerme\"}]}]}<\/script>\n<!-- \/ Yoast SEO plugin. -->","yoast_head_json":{"title":"L'Opera dei Pupi de Palerme - AcrobatesFilms","robots":{"index":"index","follow":"follow","max-snippet":"max-snippet:-1","max-image-preview":"max-image-preview:large","max-video-preview":"max-video-preview:-1"},"canonical":"https:\/\/www.acrobatesfilms.fr\/en\/produit\/lopera-dei-pupi-de-palerme\/","og_locale":"en_US","og_type":"article","og_title":"L'Opera dei Pupi de Palerme - AcrobatesFilms","og_description":"Synopsis Les \u201cPupi\u201d sont des marionnettes \u00e0 tringles qui connurent un succ\u00e8s consid\u00e9rable en Sicile \u00e0 partir du XIX\u00e8me si\u00e8cle. Les spectacles s\u2019inspirent des chansons de geste m\u00e9di\u00e9vales. Impression \u00e9trange, \u00e0 Palerme, d\u2019entendre parler de Charlemagne et de la Belle Ang\u00e9lique ! Mimmo Cuticchio et sa compagnie Figli d\u2019Arte sont les h\u00e9ritiers d\u2019une tradition familiale, les derniers virtuoses d\u2019un art puissamment populaire.","og_url":"https:\/\/www.acrobatesfilms.fr\/en\/produit\/lopera-dei-pupi-de-palerme\/","og_site_name":"AcrobatesFilms","article_modified_time":"2022-06-02T14:09:51+00:00","og_image":[{"width":708,"height":1000,"url":"https:\/\/www.acrobatesfilms.fr\/wp\/wp-content\/uploads\/2021\/08\/Marionnettes-SICILE.jpg","type":"image\/jpeg"}],"schema":{"@context":"https:\/\/schema.org","@graph":[{"@type":"Organization","@id":"https:\/\/www.acrobatesfilms.fr\/#organization","name":"AcrobatesFilms","url":"https:\/\/www.acrobatesfilms.fr\/","sameAs":[],"logo":{"@type":"ImageObject","inLanguage":"en-US","@id":"https:\/\/www.acrobatesfilms.fr\/#\/schema\/logo\/image\/","url":"https:\/\/www.acrobatesfilms.fr\/wp\/wp-content\/uploads\/2021\/02\/acrobates_noir-700x362d.png","contentUrl":"https:\/\/www.acrobatesfilms.fr\/wp\/wp-content\/uploads\/2021\/02\/acrobates_noir-700x362d.png","width":700,"height":362,"caption":"AcrobatesFilms"},"image":{"@id":"https:\/\/www.acrobatesfilms.fr\/#\/schema\/logo\/image\/"}},{"@type":"WebSite","@id":"https:\/\/www.acrobatesfilms.fr\/#website","url":"https:\/\/www.acrobatesfilms.fr\/","name":"AcrobatesFilms","description":"Soci\u00e9t\u00e9 de productions de films","publisher":{"@id":"https:\/\/www.acrobatesfilms.fr\/#organization"},"potentialAction":[{"@type":"SearchAction","target":{"@type":"EntryPoint","urlTemplate":"https:\/\/www.acrobatesfilms.fr\/?s={search_term_string}"},"query-input":"required name=search_term_string"}],"inLanguage":"en-US"},{"@type":"ImageObject","inLanguage":"en-US","@id":"https:\/\/www.acrobatesfilms.fr\/en\/produit\/lopera-dei-pupi-de-palerme\/#primaryimage","url":"https:\/\/www.acrobatesfilms.fr\/wp\/wp-content\/uploads\/2021\/08\/Marionnettes-SICILE.jpg","contentUrl":"https:\/\/www.acrobatesfilms.fr\/wp\/wp-content\/uploads\/2021\/08\/Marionnettes-SICILE.jpg","width":708,"height":1000},{"@type":"WebPage","@id":"https:\/\/www.acrobatesfilms.fr\/en\/produit\/lopera-dei-pupi-de-palerme\/","url":"https:\/\/www.acrobatesfilms.fr\/en\/produit\/lopera-dei-pupi-de-palerme\/","name":"L'Opera dei Pupi de Palerme - AcrobatesFilms","isPartOf":{"@id":"https:\/\/www.acrobatesfilms.fr\/#website"},"primaryImageOfPage":{"@id":"https:\/\/www.acrobatesfilms.fr\/en\/produit\/lopera-dei-pupi-de-palerme\/#primaryimage"},"datePublished":"2012-08-05T13:15:04+00:00","dateModified":"2022-06-02T14:09:51+00:00","breadcrumb":{"@id":"https:\/\/www.acrobatesfilms.fr\/en\/produit\/lopera-dei-pupi-de-palerme\/#breadcrumb"},"inLanguage":"en-US","potentialAction":[{"@type":"ReadAction","target":["https:\/\/www.acrobatesfilms.fr\/en\/produit\/lopera-dei-pupi-de-palerme\/"]}]},{"@type":"BreadcrumbList","@id":"https:\/\/www.acrobatesfilms.fr\/en\/produit\/lopera-dei-pupi-de-palerme\/#breadcrumb","itemListElement":[{"@type":"ListItem","position":1,"name":"Home","item":"https:\/\/www.acrobatesfilms.fr\/en\/acrobates-films-home-page\/"},{"@type":"ListItem","position":2,"name":"Shop","item":"https:\/\/www.acrobatesfilms.fr\/en\/shop\/"},{"@type":"ListItem","position":3,"name":"L&rsquo;Opera dei Pupi de Palerme"}]}]}},"_links":{"self":[{"href":"https:\/\/www.acrobatesfilms.fr\/en\/wp-json\/wp\/v2\/product\/4962"}],"collection":[{"href":"https:\/\/www.acrobatesfilms.fr\/en\/wp-json\/wp\/v2\/product"}],"about":[{"href":"https:\/\/www.acrobatesfilms.fr\/en\/wp-json\/wp\/v2\/types\/product"}],"replies":[{"embeddable":true,"href":"https:\/\/www.acrobatesfilms.fr\/en\/wp-json\/wp\/v2\/comments?post=4962"}],"wp:featuredmedia":[{"embeddable":true,"href":"https:\/\/www.acrobatesfilms.fr\/en\/wp-json\/wp\/v2\/media\/4993"}],"wp:attachment":[{"href":"https:\/\/www.acrobatesfilms.fr\/en\/wp-json\/wp\/v2\/media?parent=4962"}],"wp:term":[{"taxonomy":"product_cat","embeddable":true,"href":"https:\/\/www.acrobatesfilms.fr\/en\/wp-json\/wp\/v2\/product_cat?post=4962"},{"taxonomy":"product_tag","embeddable":true,"href":"https:\/\/www.acrobatesfilms.fr\/en\/wp-json\/wp\/v2\/product_tag?post=4962"}],"curies":[{"name":"wp","href":"https:\/\/api.w.org\/{rel}","templated":true}]}}