{"id":4964,"date":"2012-08-05T15:17:18","date_gmt":"2012-08-05T13:17:18","guid":{"rendered":"http:\/\/test.simonrautureau.fr\/acrobatesfilms\/?post_type=product&#038;p=4964"},"modified":"2022-06-02T16:13:35","modified_gmt":"2022-06-02T14:13:35","slug":"pologne-histoire-de-marionnettes","status":"publish","type":"product","link":"https:\/\/www.acrobatesfilms.fr\/en\/produit\/pologne-histoire-de-marionnettes\/","title":{"rendered":"<!--:fr-->Pologne, Histoire de Marionnettes<!--:-->"},"content":{"rendered":"<h3>Fiche technique<\/h3>\n<p>Documentaire \u2013 52\u2019 \u2013 2012<br \/>\nR\u00e9alisateurs : Marie-Laure D\u00e9sid\u00e9ri et Christian Argentino<\/p>\n","protected":false},"excerpt":{"rendered":"[embed]https:\/\/vimeo.com\/69876868[\/embed]\n<h3>Synopsis<\/h3>\n<p style=\"text-align: justify;\">Les marionnettes ont toujours accompagn\u00e9 l\u2019histoire mouvement\u00e9e de la Pologne. Autrefois symbole de la r\u00e9sistance \u00e0 l\u2019envahisseur, puis outil de propagande, cet art est aujourd\u2019hui \u00e0 la pointe de la modernit\u00e9. Au travers des artistes les plus cr\u00e9atifs, nous partons \u00e0 la d\u00e9couverte des lieux embl\u00e9matiques de cet univers : th\u00e9\u00e2tre Baj de Varsovie, Acad\u00e9mie Nationale de Bialystock, Th\u00e9\u00e2tre Pinokio de Lodz\u2026 Un voyage dans le temps qui au travers de spectacles magiques et d\u2019auteurs tels que Bruno Shulz ou Ignacy Karpowicz nous projette dans un univers d\u2019une magistrale po\u00e9sie.<\/p>\n","protected":false},"featured_media":4992,"comment_status":"closed","ping_status":"closed","template":"","meta":[],"product_cat":[35,37],"product_tag":[],"yoast_head":"<!-- This site is optimized with the Yoast SEO plugin v19.3 - https:\/\/yoast.com\/wordpress\/plugins\/seo\/ -->\n<title>Pologne, Histoire de Marionnettes - AcrobatesFilms<\/title>\n<meta name=\"robots\" content=\"index, follow, max-snippet:-1, max-image-preview:large, max-video-preview:-1\" \/>\n<link rel=\"canonical\" href=\"https:\/\/www.acrobatesfilms.fr\/en\/produit\/pologne-histoire-de-marionnettes\/\" \/>\n<meta property=\"og:locale\" content=\"en_US\" \/>\n<meta property=\"og:type\" content=\"article\" \/>\n<meta property=\"og:title\" content=\"Pologne, Histoire de Marionnettes - AcrobatesFilms\" \/>\n<meta property=\"og:description\" content=\"Synopsis Les marionnettes ont toujours accompagn\u00e9 l\u2019histoire mouvement\u00e9e de la Pologne. Autrefois symbole de la r\u00e9sistance \u00e0 l\u2019envahisseur, puis outil de propagande, cet art est aujourd\u2019hui \u00e0 la pointe de la modernit\u00e9. Au travers des artistes les plus cr\u00e9atifs, nous partons \u00e0 la d\u00e9couverte des lieux embl\u00e9matiques de cet univers : th\u00e9\u00e2tre Baj de Varsovie, Acad\u00e9mie Nationale de Bialystock, Th\u00e9\u00e2tre Pinokio de Lodz\u2026 Un voyage dans le temps qui au travers de spectacles magiques et d\u2019auteurs tels que Bruno Shulz ou Ignacy Karpowicz nous projette dans un univers d\u2019une magistrale po\u00e9sie.\" \/>\n<meta property=\"og:url\" content=\"https:\/\/www.acrobatesfilms.fr\/en\/produit\/pologne-histoire-de-marionnettes\/\" \/>\n<meta property=\"og:site_name\" content=\"AcrobatesFilms\" \/>\n<meta property=\"article:modified_time\" content=\"2022-06-02T14:13:35+00:00\" \/>\n<meta property=\"og:image\" content=\"https:\/\/www.acrobatesfilms.fr\/wp\/wp-content\/uploads\/2021\/08\/Marionnettes-POLOGNE.jpg\" \/>\n\t<meta property=\"og:image:width\" content=\"709\" \/>\n\t<meta property=\"og:image:height\" content=\"996\" \/>\n\t<meta property=\"og:image:type\" content=\"image\/jpeg\" \/>\n<script type=\"application\/ld+json\" class=\"yoast-schema-graph\">{\"@context\":\"https:\/\/schema.org\",\"@graph\":[{\"@type\":\"Organization\",\"@id\":\"https:\/\/www.acrobatesfilms.fr\/#organization\",\"name\":\"AcrobatesFilms\",\"url\":\"https:\/\/www.acrobatesfilms.fr\/\",\"sameAs\":[],\"logo\":{\"@type\":\"ImageObject\",\"inLanguage\":\"en-US\",\"@id\":\"https:\/\/www.acrobatesfilms.fr\/#\/schema\/logo\/image\/\",\"url\":\"https:\/\/www.acrobatesfilms.fr\/wp\/wp-content\/uploads\/2021\/02\/acrobates_noir-700x362d.png\",\"contentUrl\":\"https:\/\/www.acrobatesfilms.fr\/wp\/wp-content\/uploads\/2021\/02\/acrobates_noir-700x362d.png\",\"width\":700,\"height\":362,\"caption\":\"AcrobatesFilms\"},\"image\":{\"@id\":\"https:\/\/www.acrobatesfilms.fr\/#\/schema\/logo\/image\/\"}},{\"@type\":\"WebSite\",\"@id\":\"https:\/\/www.acrobatesfilms.fr\/#website\",\"url\":\"https:\/\/www.acrobatesfilms.fr\/\",\"name\":\"AcrobatesFilms\",\"description\":\"Soci\u00e9t\u00e9 de productions de films\",\"publisher\":{\"@id\":\"https:\/\/www.acrobatesfilms.fr\/#organization\"},\"potentialAction\":[{\"@type\":\"SearchAction\",\"target\":{\"@type\":\"EntryPoint\",\"urlTemplate\":\"https:\/\/www.acrobatesfilms.fr\/?s={search_term_string}\"},\"query-input\":\"required name=search_term_string\"}],\"inLanguage\":\"en-US\"},{\"@type\":\"ImageObject\",\"inLanguage\":\"en-US\",\"@id\":\"https:\/\/www.acrobatesfilms.fr\/en\/produit\/pologne-histoire-de-marionnettes\/#primaryimage\",\"url\":\"https:\/\/www.acrobatesfilms.fr\/wp\/wp-content\/uploads\/2021\/08\/Marionnettes-POLOGNE.jpg\",\"contentUrl\":\"https:\/\/www.acrobatesfilms.fr\/wp\/wp-content\/uploads\/2021\/08\/Marionnettes-POLOGNE.jpg\",\"width\":709,\"height\":996},{\"@type\":\"WebPage\",\"@id\":\"https:\/\/www.acrobatesfilms.fr\/en\/produit\/pologne-histoire-de-marionnettes\/\",\"url\":\"https:\/\/www.acrobatesfilms.fr\/en\/produit\/pologne-histoire-de-marionnettes\/\",\"name\":\"Pologne, Histoire de Marionnettes - AcrobatesFilms\",\"isPartOf\":{\"@id\":\"https:\/\/www.acrobatesfilms.fr\/#website\"},\"primaryImageOfPage\":{\"@id\":\"https:\/\/www.acrobatesfilms.fr\/en\/produit\/pologne-histoire-de-marionnettes\/#primaryimage\"},\"datePublished\":\"2012-08-05T13:17:18+00:00\",\"dateModified\":\"2022-06-02T14:13:35+00:00\",\"breadcrumb\":{\"@id\":\"https:\/\/www.acrobatesfilms.fr\/en\/produit\/pologne-histoire-de-marionnettes\/#breadcrumb\"},\"inLanguage\":\"en-US\",\"potentialAction\":[{\"@type\":\"ReadAction\",\"target\":[\"https:\/\/www.acrobatesfilms.fr\/en\/produit\/pologne-histoire-de-marionnettes\/\"]}]},{\"@type\":\"BreadcrumbList\",\"@id\":\"https:\/\/www.acrobatesfilms.fr\/en\/produit\/pologne-histoire-de-marionnettes\/#breadcrumb\",\"itemListElement\":[{\"@type\":\"ListItem\",\"position\":1,\"name\":\"Home\",\"item\":\"https:\/\/www.acrobatesfilms.fr\/en\/acrobates-films-home-page\/\"},{\"@type\":\"ListItem\",\"position\":2,\"name\":\"Shop\",\"item\":\"https:\/\/www.acrobatesfilms.fr\/en\/shop\/\"},{\"@type\":\"ListItem\",\"position\":3,\"name\":\"Pologne, Histoire de Marionnettes\"}]}]}<\/script>\n<!-- \/ Yoast SEO plugin. -->","yoast_head_json":{"title":"Pologne, Histoire de Marionnettes - AcrobatesFilms","robots":{"index":"index","follow":"follow","max-snippet":"max-snippet:-1","max-image-preview":"max-image-preview:large","max-video-preview":"max-video-preview:-1"},"canonical":"https:\/\/www.acrobatesfilms.fr\/en\/produit\/pologne-histoire-de-marionnettes\/","og_locale":"en_US","og_type":"article","og_title":"Pologne, Histoire de Marionnettes - AcrobatesFilms","og_description":"Synopsis Les marionnettes ont toujours accompagn\u00e9 l\u2019histoire mouvement\u00e9e de la Pologne. Autrefois symbole de la r\u00e9sistance \u00e0 l\u2019envahisseur, puis outil de propagande, cet art est aujourd\u2019hui \u00e0 la pointe de la modernit\u00e9. Au travers des artistes les plus cr\u00e9atifs, nous partons \u00e0 la d\u00e9couverte des lieux embl\u00e9matiques de cet univers : th\u00e9\u00e2tre Baj de Varsovie, Acad\u00e9mie Nationale de Bialystock, Th\u00e9\u00e2tre Pinokio de Lodz\u2026 Un voyage dans le temps qui au travers de spectacles magiques et d\u2019auteurs tels que Bruno Shulz ou Ignacy Karpowicz nous projette dans un univers d\u2019une magistrale po\u00e9sie.","og_url":"https:\/\/www.acrobatesfilms.fr\/en\/produit\/pologne-histoire-de-marionnettes\/","og_site_name":"AcrobatesFilms","article_modified_time":"2022-06-02T14:13:35+00:00","og_image":[{"width":709,"height":996,"url":"https:\/\/www.acrobatesfilms.fr\/wp\/wp-content\/uploads\/2021\/08\/Marionnettes-POLOGNE.jpg","type":"image\/jpeg"}],"schema":{"@context":"https:\/\/schema.org","@graph":[{"@type":"Organization","@id":"https:\/\/www.acrobatesfilms.fr\/#organization","name":"AcrobatesFilms","url":"https:\/\/www.acrobatesfilms.fr\/","sameAs":[],"logo":{"@type":"ImageObject","inLanguage":"en-US","@id":"https:\/\/www.acrobatesfilms.fr\/#\/schema\/logo\/image\/","url":"https:\/\/www.acrobatesfilms.fr\/wp\/wp-content\/uploads\/2021\/02\/acrobates_noir-700x362d.png","contentUrl":"https:\/\/www.acrobatesfilms.fr\/wp\/wp-content\/uploads\/2021\/02\/acrobates_noir-700x362d.png","width":700,"height":362,"caption":"AcrobatesFilms"},"image":{"@id":"https:\/\/www.acrobatesfilms.fr\/#\/schema\/logo\/image\/"}},{"@type":"WebSite","@id":"https:\/\/www.acrobatesfilms.fr\/#website","url":"https:\/\/www.acrobatesfilms.fr\/","name":"AcrobatesFilms","description":"Soci\u00e9t\u00e9 de productions de films","publisher":{"@id":"https:\/\/www.acrobatesfilms.fr\/#organization"},"potentialAction":[{"@type":"SearchAction","target":{"@type":"EntryPoint","urlTemplate":"https:\/\/www.acrobatesfilms.fr\/?s={search_term_string}"},"query-input":"required name=search_term_string"}],"inLanguage":"en-US"},{"@type":"ImageObject","inLanguage":"en-US","@id":"https:\/\/www.acrobatesfilms.fr\/en\/produit\/pologne-histoire-de-marionnettes\/#primaryimage","url":"https:\/\/www.acrobatesfilms.fr\/wp\/wp-content\/uploads\/2021\/08\/Marionnettes-POLOGNE.jpg","contentUrl":"https:\/\/www.acrobatesfilms.fr\/wp\/wp-content\/uploads\/2021\/08\/Marionnettes-POLOGNE.jpg","width":709,"height":996},{"@type":"WebPage","@id":"https:\/\/www.acrobatesfilms.fr\/en\/produit\/pologne-histoire-de-marionnettes\/","url":"https:\/\/www.acrobatesfilms.fr\/en\/produit\/pologne-histoire-de-marionnettes\/","name":"Pologne, Histoire de Marionnettes - AcrobatesFilms","isPartOf":{"@id":"https:\/\/www.acrobatesfilms.fr\/#website"},"primaryImageOfPage":{"@id":"https:\/\/www.acrobatesfilms.fr\/en\/produit\/pologne-histoire-de-marionnettes\/#primaryimage"},"datePublished":"2012-08-05T13:17:18+00:00","dateModified":"2022-06-02T14:13:35+00:00","breadcrumb":{"@id":"https:\/\/www.acrobatesfilms.fr\/en\/produit\/pologne-histoire-de-marionnettes\/#breadcrumb"},"inLanguage":"en-US","potentialAction":[{"@type":"ReadAction","target":["https:\/\/www.acrobatesfilms.fr\/en\/produit\/pologne-histoire-de-marionnettes\/"]}]},{"@type":"BreadcrumbList","@id":"https:\/\/www.acrobatesfilms.fr\/en\/produit\/pologne-histoire-de-marionnettes\/#breadcrumb","itemListElement":[{"@type":"ListItem","position":1,"name":"Home","item":"https:\/\/www.acrobatesfilms.fr\/en\/acrobates-films-home-page\/"},{"@type":"ListItem","position":2,"name":"Shop","item":"https:\/\/www.acrobatesfilms.fr\/en\/shop\/"},{"@type":"ListItem","position":3,"name":"Pologne, Histoire de Marionnettes"}]}]}},"_links":{"self":[{"href":"https:\/\/www.acrobatesfilms.fr\/en\/wp-json\/wp\/v2\/product\/4964"}],"collection":[{"href":"https:\/\/www.acrobatesfilms.fr\/en\/wp-json\/wp\/v2\/product"}],"about":[{"href":"https:\/\/www.acrobatesfilms.fr\/en\/wp-json\/wp\/v2\/types\/product"}],"replies":[{"embeddable":true,"href":"https:\/\/www.acrobatesfilms.fr\/en\/wp-json\/wp\/v2\/comments?post=4964"}],"wp:featuredmedia":[{"embeddable":true,"href":"https:\/\/www.acrobatesfilms.fr\/en\/wp-json\/wp\/v2\/media\/4992"}],"wp:attachment":[{"href":"https:\/\/www.acrobatesfilms.fr\/en\/wp-json\/wp\/v2\/media?parent=4964"}],"wp:term":[{"taxonomy":"product_cat","embeddable":true,"href":"https:\/\/www.acrobatesfilms.fr\/en\/wp-json\/wp\/v2\/product_cat?post=4964"},{"taxonomy":"product_tag","embeddable":true,"href":"https:\/\/www.acrobatesfilms.fr\/en\/wp-json\/wp\/v2\/product_tag?post=4964"}],"curies":[{"name":"wp","href":"https:\/\/api.w.org\/{rel}","templated":true}]}}