{"id":4966,"date":"2012-08-05T15:19:18","date_gmt":"2012-08-05T13:19:18","guid":{"rendered":"http:\/\/test.simonrautureau.fr\/acrobatesfilms\/?post_type=product&#038;p=4966"},"modified":"2022-06-02T16:17:10","modified_gmt":"2022-06-02T14:17:10","slug":"togo-le-maitre-de-marionnettes-et-ses-enfants","status":"publish","type":"product","link":"https:\/\/www.acrobatesfilms.fr\/en\/produit\/togo-le-maitre-de-marionnettes-et-ses-enfants\/","title":{"rendered":"<!--:fr-->Togo le Ma\u00eetre de Marionnettes et ses Enfants<!--:-->"},"content":{"rendered":"<h3>Fiche technique<\/h3>\n<p>Documentaire \u2013 52\u2019 \u2013 2012<br \/>\nR\u00e9alisateur : Christian Lajoumard<\/p>\n<p>Inclus : Bonus &#8220;Temps Flou &#8211; Togo Lom\u00e9 Devant la maison de Danaye&#8221;<\/p>\n","protected":false},"excerpt":{"rendered":"<p><!--:en--><\/p>\n[embed]https:\/\/vimeo.com\/76318153[\/embed]\n<h3>Synopsis<\/h3>\n<p style=\"text-align: justify;\">Dans un quartier p\u00e9riph\u00e9rique de Lom\u00e9, la capitale du Togo, Danaye Kanlanfei a cr\u00e9\u00e9 au coeur m\u00eame de sa maison, un lieu d\u00e9di\u00e9 aux marionnettes. Des marionnettes qu\u2019il a cr\u00e9\u00e9es au fil des ans et qui se partagent tout l\u2019espace avec les enfants du voisinage. Danaye, qui a \u00e9t\u00e9 le directeur du Th\u00e9\u00e2tre National de Marionnettes du Togo, passe le plus clair de son temps dans cette maison. Il continue \u00e0 cr\u00e9er et r\u00e9p\u00e9ter ses spectacles, \u00e0 construire de nouvelles marionnettes, \u00e0 vivre au jour le jour une passion qui l\u2019habite depuis sa jeunesse. De Lom\u00e9 \u00e0 Dapaong (sa ville d\u2019origine au nord du Togo), le quotidien, les cr\u00e9ations et les spectacles d\u2019un des derniers ma\u00eetres de marionnettes africain.<!--:--><!--:fr--><\/p>\n","protected":false},"featured_media":4995,"comment_status":"closed","ping_status":"closed","template":"","meta":[],"product_cat":[35,37],"product_tag":[],"yoast_head":"<!-- This site is optimized with the Yoast SEO plugin v19.3 - https:\/\/yoast.com\/wordpress\/plugins\/seo\/ -->\n<title>Togo le Ma\u00eetre de Marionnettes et ses Enfants - AcrobatesFilms<\/title>\n<meta name=\"robots\" content=\"index, follow, max-snippet:-1, max-image-preview:large, max-video-preview:-1\" \/>\n<link rel=\"canonical\" href=\"https:\/\/www.acrobatesfilms.fr\/en\/produit\/togo-le-maitre-de-marionnettes-et-ses-enfants\/\" \/>\n<meta property=\"og:locale\" content=\"en_US\" \/>\n<meta property=\"og:type\" content=\"article\" \/>\n<meta property=\"og:title\" content=\"Togo le Ma\u00eetre de Marionnettes et ses Enfants - AcrobatesFilms\" \/>\n<meta property=\"og:description\" content=\"Synopsis Dans un quartier p\u00e9riph\u00e9rique de Lom\u00e9, la capitale du Togo, Danaye Kanlanfei a cr\u00e9\u00e9 au coeur m\u00eame de sa maison, un lieu d\u00e9di\u00e9 aux marionnettes. Des marionnettes qu\u2019il a cr\u00e9\u00e9es au fil des ans et qui se partagent tout l\u2019espace avec les enfants du voisinage. Danaye, qui a \u00e9t\u00e9 le directeur du Th\u00e9\u00e2tre National de Marionnettes du Togo, passe le plus clair de son temps dans cette maison. Il continue \u00e0 cr\u00e9er et r\u00e9p\u00e9ter ses spectacles, \u00e0 construire de nouvelles marionnettes, \u00e0 vivre au jour le jour une passion qui l\u2019habite depuis sa jeunesse. De Lom\u00e9 \u00e0 Dapaong (sa ville d\u2019origine au nord du Togo), le quotidien, les cr\u00e9ations et les spectacles d\u2019un des derniers ma\u00eetres de marionnettes africain.\" \/>\n<meta property=\"og:url\" content=\"https:\/\/www.acrobatesfilms.fr\/en\/produit\/togo-le-maitre-de-marionnettes-et-ses-enfants\/\" \/>\n<meta property=\"og:site_name\" content=\"AcrobatesFilms\" \/>\n<meta property=\"article:modified_time\" content=\"2022-06-02T14:17:10+00:00\" \/>\n<meta property=\"og:image\" content=\"https:\/\/www.acrobatesfilms.fr\/wp\/wp-content\/uploads\/2021\/08\/Marionnettes-TOGO.jpg\" \/>\n\t<meta property=\"og:image:width\" content=\"708\" \/>\n\t<meta property=\"og:image:height\" content=\"1000\" \/>\n\t<meta property=\"og:image:type\" content=\"image\/jpeg\" \/>\n<script type=\"application\/ld+json\" class=\"yoast-schema-graph\">{\"@context\":\"https:\/\/schema.org\",\"@graph\":[{\"@type\":\"Organization\",\"@id\":\"https:\/\/www.acrobatesfilms.fr\/#organization\",\"name\":\"AcrobatesFilms\",\"url\":\"https:\/\/www.acrobatesfilms.fr\/\",\"sameAs\":[],\"logo\":{\"@type\":\"ImageObject\",\"inLanguage\":\"en-US\",\"@id\":\"https:\/\/www.acrobatesfilms.fr\/#\/schema\/logo\/image\/\",\"url\":\"https:\/\/www.acrobatesfilms.fr\/wp\/wp-content\/uploads\/2021\/02\/acrobates_noir-700x362d.png\",\"contentUrl\":\"https:\/\/www.acrobatesfilms.fr\/wp\/wp-content\/uploads\/2021\/02\/acrobates_noir-700x362d.png\",\"width\":700,\"height\":362,\"caption\":\"AcrobatesFilms\"},\"image\":{\"@id\":\"https:\/\/www.acrobatesfilms.fr\/#\/schema\/logo\/image\/\"}},{\"@type\":\"WebSite\",\"@id\":\"https:\/\/www.acrobatesfilms.fr\/#website\",\"url\":\"https:\/\/www.acrobatesfilms.fr\/\",\"name\":\"AcrobatesFilms\",\"description\":\"Soci\u00e9t\u00e9 de productions de films\",\"publisher\":{\"@id\":\"https:\/\/www.acrobatesfilms.fr\/#organization\"},\"potentialAction\":[{\"@type\":\"SearchAction\",\"target\":{\"@type\":\"EntryPoint\",\"urlTemplate\":\"https:\/\/www.acrobatesfilms.fr\/?s={search_term_string}\"},\"query-input\":\"required name=search_term_string\"}],\"inLanguage\":\"en-US\"},{\"@type\":\"ImageObject\",\"inLanguage\":\"en-US\",\"@id\":\"https:\/\/www.acrobatesfilms.fr\/en\/produit\/togo-le-maitre-de-marionnettes-et-ses-enfants\/#primaryimage\",\"url\":\"https:\/\/www.acrobatesfilms.fr\/wp\/wp-content\/uploads\/2021\/08\/Marionnettes-TOGO.jpg\",\"contentUrl\":\"https:\/\/www.acrobatesfilms.fr\/wp\/wp-content\/uploads\/2021\/08\/Marionnettes-TOGO.jpg\",\"width\":708,\"height\":1000},{\"@type\":\"WebPage\",\"@id\":\"https:\/\/www.acrobatesfilms.fr\/en\/produit\/togo-le-maitre-de-marionnettes-et-ses-enfants\/\",\"url\":\"https:\/\/www.acrobatesfilms.fr\/en\/produit\/togo-le-maitre-de-marionnettes-et-ses-enfants\/\",\"name\":\"Togo le Ma\u00eetre de Marionnettes et ses Enfants - AcrobatesFilms\",\"isPartOf\":{\"@id\":\"https:\/\/www.acrobatesfilms.fr\/#website\"},\"primaryImageOfPage\":{\"@id\":\"https:\/\/www.acrobatesfilms.fr\/en\/produit\/togo-le-maitre-de-marionnettes-et-ses-enfants\/#primaryimage\"},\"datePublished\":\"2012-08-05T13:19:18+00:00\",\"dateModified\":\"2022-06-02T14:17:10+00:00\",\"breadcrumb\":{\"@id\":\"https:\/\/www.acrobatesfilms.fr\/en\/produit\/togo-le-maitre-de-marionnettes-et-ses-enfants\/#breadcrumb\"},\"inLanguage\":\"en-US\",\"potentialAction\":[{\"@type\":\"ReadAction\",\"target\":[\"https:\/\/www.acrobatesfilms.fr\/en\/produit\/togo-le-maitre-de-marionnettes-et-ses-enfants\/\"]}]},{\"@type\":\"BreadcrumbList\",\"@id\":\"https:\/\/www.acrobatesfilms.fr\/en\/produit\/togo-le-maitre-de-marionnettes-et-ses-enfants\/#breadcrumb\",\"itemListElement\":[{\"@type\":\"ListItem\",\"position\":1,\"name\":\"Home\",\"item\":\"https:\/\/www.acrobatesfilms.fr\/en\/acrobates-films-home-page\/\"},{\"@type\":\"ListItem\",\"position\":2,\"name\":\"Shop\",\"item\":\"https:\/\/www.acrobatesfilms.fr\/en\/shop\/\"},{\"@type\":\"ListItem\",\"position\":3,\"name\":\"Togo le Ma\u00eetre de Marionnettes et ses Enfants\"}]}]}<\/script>\n<!-- \/ Yoast SEO plugin. -->","yoast_head_json":{"title":"Togo le Ma\u00eetre de Marionnettes et ses Enfants - AcrobatesFilms","robots":{"index":"index","follow":"follow","max-snippet":"max-snippet:-1","max-image-preview":"max-image-preview:large","max-video-preview":"max-video-preview:-1"},"canonical":"https:\/\/www.acrobatesfilms.fr\/en\/produit\/togo-le-maitre-de-marionnettes-et-ses-enfants\/","og_locale":"en_US","og_type":"article","og_title":"Togo le Ma\u00eetre de Marionnettes et ses Enfants - AcrobatesFilms","og_description":"Synopsis Dans un quartier p\u00e9riph\u00e9rique de Lom\u00e9, la capitale du Togo, Danaye Kanlanfei a cr\u00e9\u00e9 au coeur m\u00eame de sa maison, un lieu d\u00e9di\u00e9 aux marionnettes. Des marionnettes qu\u2019il a cr\u00e9\u00e9es au fil des ans et qui se partagent tout l\u2019espace avec les enfants du voisinage. Danaye, qui a \u00e9t\u00e9 le directeur du Th\u00e9\u00e2tre National de Marionnettes du Togo, passe le plus clair de son temps dans cette maison. Il continue \u00e0 cr\u00e9er et r\u00e9p\u00e9ter ses spectacles, \u00e0 construire de nouvelles marionnettes, \u00e0 vivre au jour le jour une passion qui l\u2019habite depuis sa jeunesse. De Lom\u00e9 \u00e0 Dapaong (sa ville d\u2019origine au nord du Togo), le quotidien, les cr\u00e9ations et les spectacles d\u2019un des derniers ma\u00eetres de marionnettes africain.","og_url":"https:\/\/www.acrobatesfilms.fr\/en\/produit\/togo-le-maitre-de-marionnettes-et-ses-enfants\/","og_site_name":"AcrobatesFilms","article_modified_time":"2022-06-02T14:17:10+00:00","og_image":[{"width":708,"height":1000,"url":"https:\/\/www.acrobatesfilms.fr\/wp\/wp-content\/uploads\/2021\/08\/Marionnettes-TOGO.jpg","type":"image\/jpeg"}],"schema":{"@context":"https:\/\/schema.org","@graph":[{"@type":"Organization","@id":"https:\/\/www.acrobatesfilms.fr\/#organization","name":"AcrobatesFilms","url":"https:\/\/www.acrobatesfilms.fr\/","sameAs":[],"logo":{"@type":"ImageObject","inLanguage":"en-US","@id":"https:\/\/www.acrobatesfilms.fr\/#\/schema\/logo\/image\/","url":"https:\/\/www.acrobatesfilms.fr\/wp\/wp-content\/uploads\/2021\/02\/acrobates_noir-700x362d.png","contentUrl":"https:\/\/www.acrobatesfilms.fr\/wp\/wp-content\/uploads\/2021\/02\/acrobates_noir-700x362d.png","width":700,"height":362,"caption":"AcrobatesFilms"},"image":{"@id":"https:\/\/www.acrobatesfilms.fr\/#\/schema\/logo\/image\/"}},{"@type":"WebSite","@id":"https:\/\/www.acrobatesfilms.fr\/#website","url":"https:\/\/www.acrobatesfilms.fr\/","name":"AcrobatesFilms","description":"Soci\u00e9t\u00e9 de productions de films","publisher":{"@id":"https:\/\/www.acrobatesfilms.fr\/#organization"},"potentialAction":[{"@type":"SearchAction","target":{"@type":"EntryPoint","urlTemplate":"https:\/\/www.acrobatesfilms.fr\/?s={search_term_string}"},"query-input":"required name=search_term_string"}],"inLanguage":"en-US"},{"@type":"ImageObject","inLanguage":"en-US","@id":"https:\/\/www.acrobatesfilms.fr\/en\/produit\/togo-le-maitre-de-marionnettes-et-ses-enfants\/#primaryimage","url":"https:\/\/www.acrobatesfilms.fr\/wp\/wp-content\/uploads\/2021\/08\/Marionnettes-TOGO.jpg","contentUrl":"https:\/\/www.acrobatesfilms.fr\/wp\/wp-content\/uploads\/2021\/08\/Marionnettes-TOGO.jpg","width":708,"height":1000},{"@type":"WebPage","@id":"https:\/\/www.acrobatesfilms.fr\/en\/produit\/togo-le-maitre-de-marionnettes-et-ses-enfants\/","url":"https:\/\/www.acrobatesfilms.fr\/en\/produit\/togo-le-maitre-de-marionnettes-et-ses-enfants\/","name":"Togo le Ma\u00eetre de Marionnettes et ses Enfants - AcrobatesFilms","isPartOf":{"@id":"https:\/\/www.acrobatesfilms.fr\/#website"},"primaryImageOfPage":{"@id":"https:\/\/www.acrobatesfilms.fr\/en\/produit\/togo-le-maitre-de-marionnettes-et-ses-enfants\/#primaryimage"},"datePublished":"2012-08-05T13:19:18+00:00","dateModified":"2022-06-02T14:17:10+00:00","breadcrumb":{"@id":"https:\/\/www.acrobatesfilms.fr\/en\/produit\/togo-le-maitre-de-marionnettes-et-ses-enfants\/#breadcrumb"},"inLanguage":"en-US","potentialAction":[{"@type":"ReadAction","target":["https:\/\/www.acrobatesfilms.fr\/en\/produit\/togo-le-maitre-de-marionnettes-et-ses-enfants\/"]}]},{"@type":"BreadcrumbList","@id":"https:\/\/www.acrobatesfilms.fr\/en\/produit\/togo-le-maitre-de-marionnettes-et-ses-enfants\/#breadcrumb","itemListElement":[{"@type":"ListItem","position":1,"name":"Home","item":"https:\/\/www.acrobatesfilms.fr\/en\/acrobates-films-home-page\/"},{"@type":"ListItem","position":2,"name":"Shop","item":"https:\/\/www.acrobatesfilms.fr\/en\/shop\/"},{"@type":"ListItem","position":3,"name":"Togo le Ma\u00eetre de Marionnettes et ses Enfants"}]}]}},"_links":{"self":[{"href":"https:\/\/www.acrobatesfilms.fr\/en\/wp-json\/wp\/v2\/product\/4966"}],"collection":[{"href":"https:\/\/www.acrobatesfilms.fr\/en\/wp-json\/wp\/v2\/product"}],"about":[{"href":"https:\/\/www.acrobatesfilms.fr\/en\/wp-json\/wp\/v2\/types\/product"}],"replies":[{"embeddable":true,"href":"https:\/\/www.acrobatesfilms.fr\/en\/wp-json\/wp\/v2\/comments?post=4966"}],"wp:featuredmedia":[{"embeddable":true,"href":"https:\/\/www.acrobatesfilms.fr\/en\/wp-json\/wp\/v2\/media\/4995"}],"wp:attachment":[{"href":"https:\/\/www.acrobatesfilms.fr\/en\/wp-json\/wp\/v2\/media?parent=4966"}],"wp:term":[{"taxonomy":"product_cat","embeddable":true,"href":"https:\/\/www.acrobatesfilms.fr\/en\/wp-json\/wp\/v2\/product_cat?post=4966"},{"taxonomy":"product_tag","embeddable":true,"href":"https:\/\/www.acrobatesfilms.fr\/en\/wp-json\/wp\/v2\/product_tag?post=4966"}],"curies":[{"name":"wp","href":"https:\/\/api.w.org\/{rel}","templated":true}]}}