{"id":5977,"date":"2004-01-17T14:54:28","date_gmt":"2004-01-17T13:54:28","guid":{"rendered":"https:\/\/www.acrobatesfilms.fr\/?post_type=product&#038;p=5977"},"modified":"2022-06-02T12:49:25","modified_gmt":"2022-06-02T10:49:25","slug":"le-havre-la-porte-oceane","status":"publish","type":"product","link":"https:\/\/www.acrobatesfilms.fr\/en\/produit\/le-havre-la-porte-oceane\/","title":{"rendered":"Le Havre, la Porte Oc\u00e9ane"},"content":{"rendered":"<h3>Fiche technique<\/h3>\n<p>Documentaire \u2013 26\u2019 \u2013 2004<br \/>\nR\u00e9alisateur : Christian Lajoumard<\/p>\n","protected":false},"excerpt":{"rendered":"<p><!--:fr--><\/p>\n[embed]https:\/\/vimeo.com\/76325095[\/embed]\n<h2><strong>Synopsis<\/strong><\/h2>\n<p style=\"text-align: justify;\">Le Havre : une ville \u00e0 l&#8217;architecture totalement remodel\u00e9e apr\u00e8s la guerre, reconstruite en vingt ans sur les d\u00e9combres et les ruines laiss\u00e9s par les bombardements. Le Havre : un vaste ensemble portuaire qui en fait le plus grand port de France. Port de commerce, port industriel, port de transports&#8230; Une t\u00eate de pont avec l&#8217;Angleterre, amis surtout depuis la premi\u00e8re \u00e9tape du voyage transatlantique, une porte ouverte sur les oc\u00e9ans et les terres d&#8217;au-del\u00e0 des mers.<\/p>\n<p style=\"text-align: justify;\">&#8220;Le Havre, la porte oc\u00e9ane&#8221; est un film sur l&#8217;univers portuaire de cette m\u00e9tropole r\u00e9gionale au travers des composantes de sa culture : les pierres, les bateaux, les hommes&#8230; L&#8217;histoire commune de la ville et de la mer.<!--:--><!--:en--><\/p>\n<p><!--:--><\/p>\n","protected":false},"featured_media":5981,"comment_status":"closed","ping_status":"closed","template":"","meta":[],"product_cat":[35],"product_tag":[],"yoast_head":"<!-- This site is optimized with the Yoast SEO plugin v19.3 - https:\/\/yoast.com\/wordpress\/plugins\/seo\/ -->\n<title>Le Havre, la Porte Oc\u00e9ane - AcrobatesFilms<\/title>\n<meta name=\"robots\" content=\"index, follow, max-snippet:-1, max-image-preview:large, max-video-preview:-1\" \/>\n<link rel=\"canonical\" href=\"https:\/\/www.acrobatesfilms.fr\/en\/produit\/le-havre-la-porte-oceane\/\" \/>\n<meta property=\"og:locale\" content=\"en_US\" \/>\n<meta property=\"og:type\" content=\"article\" \/>\n<meta property=\"og:title\" content=\"Le Havre, la Porte Oc\u00e9ane - AcrobatesFilms\" \/>\n<meta property=\"og:description\" content=\"Synopsis Le Havre : une ville \u00e0 l&#039;architecture totalement remodel\u00e9e apr\u00e8s la guerre, reconstruite en vingt ans sur les d\u00e9combres et les ruines laiss\u00e9s par les bombardements. Le Havre : un vaste ensemble portuaire qui en fait le plus grand port de France. Port de commerce, port industriel, port de transports... Une t\u00eate de pont avec l&#039;Angleterre, amis surtout depuis la premi\u00e8re \u00e9tape du voyage transatlantique, une porte ouverte sur les oc\u00e9ans et les terres d&#039;au-del\u00e0 des mers. &quot;Le Havre, la porte oc\u00e9ane&quot; est un film sur l&#039;univers portuaire de cette m\u00e9tropole r\u00e9gionale au travers des composantes de sa culture : les pierres, les bateaux, les hommes... L&#039;histoire commune de la ville et de la mer.\" \/>\n<meta property=\"og:url\" content=\"https:\/\/www.acrobatesfilms.fr\/en\/produit\/le-havre-la-porte-oceane\/\" \/>\n<meta property=\"og:site_name\" content=\"AcrobatesFilms\" \/>\n<meta property=\"article:modified_time\" content=\"2022-06-02T10:49:25+00:00\" \/>\n<meta property=\"og:image\" content=\"https:\/\/www.acrobatesfilms.fr\/wp\/wp-content\/uploads\/2004\/01\/Capture-de\u0301cran-2022-01-17-a\u0300-15.08.16.png\" \/>\n\t<meta property=\"og:image:width\" content=\"636\" \/>\n\t<meta property=\"og:image:height\" content=\"760\" \/>\n\t<meta property=\"og:image:type\" content=\"image\/png\" \/>\n<script type=\"application\/ld+json\" class=\"yoast-schema-graph\">{\"@context\":\"https:\/\/schema.org\",\"@graph\":[{\"@type\":\"Organization\",\"@id\":\"https:\/\/www.acrobatesfilms.fr\/#organization\",\"name\":\"AcrobatesFilms\",\"url\":\"https:\/\/www.acrobatesfilms.fr\/\",\"sameAs\":[],\"logo\":{\"@type\":\"ImageObject\",\"inLanguage\":\"en-US\",\"@id\":\"https:\/\/www.acrobatesfilms.fr\/#\/schema\/logo\/image\/\",\"url\":\"https:\/\/www.acrobatesfilms.fr\/wp\/wp-content\/uploads\/2021\/02\/acrobates_noir-700x362d.png\",\"contentUrl\":\"https:\/\/www.acrobatesfilms.fr\/wp\/wp-content\/uploads\/2021\/02\/acrobates_noir-700x362d.png\",\"width\":700,\"height\":362,\"caption\":\"AcrobatesFilms\"},\"image\":{\"@id\":\"https:\/\/www.acrobatesfilms.fr\/#\/schema\/logo\/image\/\"}},{\"@type\":\"WebSite\",\"@id\":\"https:\/\/www.acrobatesfilms.fr\/#website\",\"url\":\"https:\/\/www.acrobatesfilms.fr\/\",\"name\":\"AcrobatesFilms\",\"description\":\"Soci\u00e9t\u00e9 de productions de films\",\"publisher\":{\"@id\":\"https:\/\/www.acrobatesfilms.fr\/#organization\"},\"potentialAction\":[{\"@type\":\"SearchAction\",\"target\":{\"@type\":\"EntryPoint\",\"urlTemplate\":\"https:\/\/www.acrobatesfilms.fr\/?s={search_term_string}\"},\"query-input\":\"required name=search_term_string\"}],\"inLanguage\":\"en-US\"},{\"@type\":\"ImageObject\",\"inLanguage\":\"en-US\",\"@id\":\"https:\/\/www.acrobatesfilms.fr\/en\/produit\/le-havre-la-porte-oceane\/#primaryimage\",\"url\":\"https:\/\/www.acrobatesfilms.fr\/wp\/wp-content\/uploads\/2004\/01\/Capture-de\u0301cran-2022-01-17-a\u0300-15.08.16.png\",\"contentUrl\":\"https:\/\/www.acrobatesfilms.fr\/wp\/wp-content\/uploads\/2004\/01\/Capture-de\u0301cran-2022-01-17-a\u0300-15.08.16.png\",\"width\":636,\"height\":760},{\"@type\":\"WebPage\",\"@id\":\"https:\/\/www.acrobatesfilms.fr\/en\/produit\/le-havre-la-porte-oceane\/\",\"url\":\"https:\/\/www.acrobatesfilms.fr\/en\/produit\/le-havre-la-porte-oceane\/\",\"name\":\"Le Havre, la Porte Oc\u00e9ane - AcrobatesFilms\",\"isPartOf\":{\"@id\":\"https:\/\/www.acrobatesfilms.fr\/#website\"},\"primaryImageOfPage\":{\"@id\":\"https:\/\/www.acrobatesfilms.fr\/en\/produit\/le-havre-la-porte-oceane\/#primaryimage\"},\"datePublished\":\"2004-01-17T13:54:28+00:00\",\"dateModified\":\"2022-06-02T10:49:25+00:00\",\"breadcrumb\":{\"@id\":\"https:\/\/www.acrobatesfilms.fr\/en\/produit\/le-havre-la-porte-oceane\/#breadcrumb\"},\"inLanguage\":\"en-US\",\"potentialAction\":[{\"@type\":\"ReadAction\",\"target\":[\"https:\/\/www.acrobatesfilms.fr\/en\/produit\/le-havre-la-porte-oceane\/\"]}]},{\"@type\":\"BreadcrumbList\",\"@id\":\"https:\/\/www.acrobatesfilms.fr\/en\/produit\/le-havre-la-porte-oceane\/#breadcrumb\",\"itemListElement\":[{\"@type\":\"ListItem\",\"position\":1,\"name\":\"Home\",\"item\":\"https:\/\/www.acrobatesfilms.fr\/en\/acrobates-films-home-page\/\"},{\"@type\":\"ListItem\",\"position\":2,\"name\":\"Shop\",\"item\":\"https:\/\/www.acrobatesfilms.fr\/en\/shop\/\"},{\"@type\":\"ListItem\",\"position\":3,\"name\":\"Le Havre, la Porte Oc\u00e9ane\"}]}]}<\/script>\n<!-- \/ Yoast SEO plugin. -->","yoast_head_json":{"title":"Le Havre, la Porte Oc\u00e9ane - AcrobatesFilms","robots":{"index":"index","follow":"follow","max-snippet":"max-snippet:-1","max-image-preview":"max-image-preview:large","max-video-preview":"max-video-preview:-1"},"canonical":"https:\/\/www.acrobatesfilms.fr\/en\/produit\/le-havre-la-porte-oceane\/","og_locale":"en_US","og_type":"article","og_title":"Le Havre, la Porte Oc\u00e9ane - AcrobatesFilms","og_description":"Synopsis Le Havre : une ville \u00e0 l'architecture totalement remodel\u00e9e apr\u00e8s la guerre, reconstruite en vingt ans sur les d\u00e9combres et les ruines laiss\u00e9s par les bombardements. Le Havre : un vaste ensemble portuaire qui en fait le plus grand port de France. Port de commerce, port industriel, port de transports... Une t\u00eate de pont avec l'Angleterre, amis surtout depuis la premi\u00e8re \u00e9tape du voyage transatlantique, une porte ouverte sur les oc\u00e9ans et les terres d'au-del\u00e0 des mers. \"Le Havre, la porte oc\u00e9ane\" est un film sur l'univers portuaire de cette m\u00e9tropole r\u00e9gionale au travers des composantes de sa culture : les pierres, les bateaux, les hommes... L'histoire commune de la ville et de la mer.","og_url":"https:\/\/www.acrobatesfilms.fr\/en\/produit\/le-havre-la-porte-oceane\/","og_site_name":"AcrobatesFilms","article_modified_time":"2022-06-02T10:49:25+00:00","og_image":[{"width":636,"height":760,"url":"https:\/\/www.acrobatesfilms.fr\/wp\/wp-content\/uploads\/2004\/01\/Capture-de\u0301cran-2022-01-17-a\u0300-15.08.16.png","type":"image\/png"}],"schema":{"@context":"https:\/\/schema.org","@graph":[{"@type":"Organization","@id":"https:\/\/www.acrobatesfilms.fr\/#organization","name":"AcrobatesFilms","url":"https:\/\/www.acrobatesfilms.fr\/","sameAs":[],"logo":{"@type":"ImageObject","inLanguage":"en-US","@id":"https:\/\/www.acrobatesfilms.fr\/#\/schema\/logo\/image\/","url":"https:\/\/www.acrobatesfilms.fr\/wp\/wp-content\/uploads\/2021\/02\/acrobates_noir-700x362d.png","contentUrl":"https:\/\/www.acrobatesfilms.fr\/wp\/wp-content\/uploads\/2021\/02\/acrobates_noir-700x362d.png","width":700,"height":362,"caption":"AcrobatesFilms"},"image":{"@id":"https:\/\/www.acrobatesfilms.fr\/#\/schema\/logo\/image\/"}},{"@type":"WebSite","@id":"https:\/\/www.acrobatesfilms.fr\/#website","url":"https:\/\/www.acrobatesfilms.fr\/","name":"AcrobatesFilms","description":"Soci\u00e9t\u00e9 de productions de films","publisher":{"@id":"https:\/\/www.acrobatesfilms.fr\/#organization"},"potentialAction":[{"@type":"SearchAction","target":{"@type":"EntryPoint","urlTemplate":"https:\/\/www.acrobatesfilms.fr\/?s={search_term_string}"},"query-input":"required name=search_term_string"}],"inLanguage":"en-US"},{"@type":"ImageObject","inLanguage":"en-US","@id":"https:\/\/www.acrobatesfilms.fr\/en\/produit\/le-havre-la-porte-oceane\/#primaryimage","url":"https:\/\/www.acrobatesfilms.fr\/wp\/wp-content\/uploads\/2004\/01\/Capture-de\u0301cran-2022-01-17-a\u0300-15.08.16.png","contentUrl":"https:\/\/www.acrobatesfilms.fr\/wp\/wp-content\/uploads\/2004\/01\/Capture-de\u0301cran-2022-01-17-a\u0300-15.08.16.png","width":636,"height":760},{"@type":"WebPage","@id":"https:\/\/www.acrobatesfilms.fr\/en\/produit\/le-havre-la-porte-oceane\/","url":"https:\/\/www.acrobatesfilms.fr\/en\/produit\/le-havre-la-porte-oceane\/","name":"Le Havre, la Porte Oc\u00e9ane - AcrobatesFilms","isPartOf":{"@id":"https:\/\/www.acrobatesfilms.fr\/#website"},"primaryImageOfPage":{"@id":"https:\/\/www.acrobatesfilms.fr\/en\/produit\/le-havre-la-porte-oceane\/#primaryimage"},"datePublished":"2004-01-17T13:54:28+00:00","dateModified":"2022-06-02T10:49:25+00:00","breadcrumb":{"@id":"https:\/\/www.acrobatesfilms.fr\/en\/produit\/le-havre-la-porte-oceane\/#breadcrumb"},"inLanguage":"en-US","potentialAction":[{"@type":"ReadAction","target":["https:\/\/www.acrobatesfilms.fr\/en\/produit\/le-havre-la-porte-oceane\/"]}]},{"@type":"BreadcrumbList","@id":"https:\/\/www.acrobatesfilms.fr\/en\/produit\/le-havre-la-porte-oceane\/#breadcrumb","itemListElement":[{"@type":"ListItem","position":1,"name":"Home","item":"https:\/\/www.acrobatesfilms.fr\/en\/acrobates-films-home-page\/"},{"@type":"ListItem","position":2,"name":"Shop","item":"https:\/\/www.acrobatesfilms.fr\/en\/shop\/"},{"@type":"ListItem","position":3,"name":"Le Havre, la Porte Oc\u00e9ane"}]}]}},"_links":{"self":[{"href":"https:\/\/www.acrobatesfilms.fr\/en\/wp-json\/wp\/v2\/product\/5977"}],"collection":[{"href":"https:\/\/www.acrobatesfilms.fr\/en\/wp-json\/wp\/v2\/product"}],"about":[{"href":"https:\/\/www.acrobatesfilms.fr\/en\/wp-json\/wp\/v2\/types\/product"}],"replies":[{"embeddable":true,"href":"https:\/\/www.acrobatesfilms.fr\/en\/wp-json\/wp\/v2\/comments?post=5977"}],"wp:featuredmedia":[{"embeddable":true,"href":"https:\/\/www.acrobatesfilms.fr\/en\/wp-json\/wp\/v2\/media\/5981"}],"wp:attachment":[{"href":"https:\/\/www.acrobatesfilms.fr\/en\/wp-json\/wp\/v2\/media?parent=5977"}],"wp:term":[{"taxonomy":"product_cat","embeddable":true,"href":"https:\/\/www.acrobatesfilms.fr\/en\/wp-json\/wp\/v2\/product_cat?post=5977"},{"taxonomy":"product_tag","embeddable":true,"href":"https:\/\/www.acrobatesfilms.fr\/en\/wp-json\/wp\/v2\/product_tag?post=5977"}],"curies":[{"name":"wp","href":"https:\/\/api.w.org\/{rel}","templated":true}]}}