{"id":5983,"date":"2020-01-17T15:55:49","date_gmt":"2020-01-17T14:55:49","guid":{"rendered":"https:\/\/www.acrobatesfilms.fr\/?post_type=product&#038;p=5983"},"modified":"2022-06-02T13:07:57","modified_gmt":"2022-06-02T11:07:57","slug":"france-carro-peche-au-filet","status":"publish","type":"product","link":"https:\/\/www.acrobatesfilms.fr\/en\/produit\/france-carro-peche-au-filet\/","title":{"rendered":"France, Carro P\u00eache au Filet"},"content":{"rendered":"<h3>Fiche technique<\/h3>\n<p>Documentaire \u2013 26\u2019 \u2013 2020<br \/>\nR\u00e9alisateur : Christian Lajoumard<\/p>\n","protected":false},"excerpt":{"rendered":"<p><!--:fr--><\/p>\n[embed]https:\/\/vimeo.com\/547468458[\/embed]\n<h2>Synopsis<\/h2>\n<p style=\"text-align: justify;\">Sur la Co\u0302te bleue, entre Martigues et Marseille, la petite pe\u0302che traditionnelle se pratique essentiellement au filet tre\u0301mail. Joseph et Mohamed posent et tirent quotidiennement leurs filets. Le bleu intense de la M\u00e9diterran\u00e9e comme terre nourrici\u00e8re.<!--:--><!--:en--><\/p>\n<p><!--:--><\/p>\n","protected":false},"featured_media":5984,"comment_status":"closed","ping_status":"closed","template":"","meta":[],"product_cat":[35,36],"product_tag":[],"yoast_head":"<!-- This site is optimized with the Yoast SEO plugin v19.3 - https:\/\/yoast.com\/wordpress\/plugins\/seo\/ -->\n<title>France, Carro P\u00eache au Filet - AcrobatesFilms<\/title>\n<meta name=\"robots\" content=\"index, follow, max-snippet:-1, max-image-preview:large, max-video-preview:-1\" \/>\n<link rel=\"canonical\" href=\"https:\/\/www.acrobatesfilms.fr\/en\/produit\/france-carro-peche-au-filet\/\" \/>\n<meta property=\"og:locale\" content=\"en_US\" \/>\n<meta property=\"og:type\" content=\"article\" \/>\n<meta property=\"og:title\" content=\"France, Carro P\u00eache au Filet - AcrobatesFilms\" \/>\n<meta property=\"og:description\" content=\"Synopsis Sur la Co\u0302te bleue, entre Martigues et Marseille, la petite pe\u0302che traditionnelle se pratique essentiellement au filet tre\u0301mail. Joseph et Mohamed posent et tirent quotidiennement leurs filets. Le bleu intense de la M\u00e9diterran\u00e9e comme terre nourrici\u00e8re.\" \/>\n<meta property=\"og:url\" content=\"https:\/\/www.acrobatesfilms.fr\/en\/produit\/france-carro-peche-au-filet\/\" \/>\n<meta property=\"og:site_name\" content=\"AcrobatesFilms\" \/>\n<meta property=\"article:modified_time\" content=\"2022-06-02T11:07:57+00:00\" \/>\n<meta property=\"og:image\" content=\"https:\/\/www.acrobatesfilms.fr\/wp\/wp-content\/uploads\/2020\/01\/210217-travailleursdelamer4.png\" \/>\n\t<meta property=\"og:image:width\" content=\"546\" \/>\n\t<meta property=\"og:image:height\" content=\"784\" \/>\n\t<meta property=\"og:image:type\" content=\"image\/png\" \/>\n<script type=\"application\/ld+json\" class=\"yoast-schema-graph\">{\"@context\":\"https:\/\/schema.org\",\"@graph\":[{\"@type\":\"Organization\",\"@id\":\"https:\/\/www.acrobatesfilms.fr\/#organization\",\"name\":\"AcrobatesFilms\",\"url\":\"https:\/\/www.acrobatesfilms.fr\/\",\"sameAs\":[],\"logo\":{\"@type\":\"ImageObject\",\"inLanguage\":\"en-US\",\"@id\":\"https:\/\/www.acrobatesfilms.fr\/#\/schema\/logo\/image\/\",\"url\":\"https:\/\/www.acrobatesfilms.fr\/wp\/wp-content\/uploads\/2021\/02\/acrobates_noir-700x362d.png\",\"contentUrl\":\"https:\/\/www.acrobatesfilms.fr\/wp\/wp-content\/uploads\/2021\/02\/acrobates_noir-700x362d.png\",\"width\":700,\"height\":362,\"caption\":\"AcrobatesFilms\"},\"image\":{\"@id\":\"https:\/\/www.acrobatesfilms.fr\/#\/schema\/logo\/image\/\"}},{\"@type\":\"WebSite\",\"@id\":\"https:\/\/www.acrobatesfilms.fr\/#website\",\"url\":\"https:\/\/www.acrobatesfilms.fr\/\",\"name\":\"AcrobatesFilms\",\"description\":\"Soci\u00e9t\u00e9 de productions de films\",\"publisher\":{\"@id\":\"https:\/\/www.acrobatesfilms.fr\/#organization\"},\"potentialAction\":[{\"@type\":\"SearchAction\",\"target\":{\"@type\":\"EntryPoint\",\"urlTemplate\":\"https:\/\/www.acrobatesfilms.fr\/?s={search_term_string}\"},\"query-input\":\"required name=search_term_string\"}],\"inLanguage\":\"en-US\"},{\"@type\":\"ImageObject\",\"inLanguage\":\"en-US\",\"@id\":\"https:\/\/www.acrobatesfilms.fr\/en\/produit\/france-carro-peche-au-filet\/#primaryimage\",\"url\":\"https:\/\/www.acrobatesfilms.fr\/wp\/wp-content\/uploads\/2020\/01\/210217-travailleursdelamer4.png\",\"contentUrl\":\"https:\/\/www.acrobatesfilms.fr\/wp\/wp-content\/uploads\/2020\/01\/210217-travailleursdelamer4.png\",\"width\":546,\"height\":784},{\"@type\":\"WebPage\",\"@id\":\"https:\/\/www.acrobatesfilms.fr\/en\/produit\/france-carro-peche-au-filet\/\",\"url\":\"https:\/\/www.acrobatesfilms.fr\/en\/produit\/france-carro-peche-au-filet\/\",\"name\":\"France, Carro P\u00eache au Filet - AcrobatesFilms\",\"isPartOf\":{\"@id\":\"https:\/\/www.acrobatesfilms.fr\/#website\"},\"primaryImageOfPage\":{\"@id\":\"https:\/\/www.acrobatesfilms.fr\/en\/produit\/france-carro-peche-au-filet\/#primaryimage\"},\"datePublished\":\"2020-01-17T14:55:49+00:00\",\"dateModified\":\"2022-06-02T11:07:57+00:00\",\"breadcrumb\":{\"@id\":\"https:\/\/www.acrobatesfilms.fr\/en\/produit\/france-carro-peche-au-filet\/#breadcrumb\"},\"inLanguage\":\"en-US\",\"potentialAction\":[{\"@type\":\"ReadAction\",\"target\":[\"https:\/\/www.acrobatesfilms.fr\/en\/produit\/france-carro-peche-au-filet\/\"]}]},{\"@type\":\"BreadcrumbList\",\"@id\":\"https:\/\/www.acrobatesfilms.fr\/en\/produit\/france-carro-peche-au-filet\/#breadcrumb\",\"itemListElement\":[{\"@type\":\"ListItem\",\"position\":1,\"name\":\"Home\",\"item\":\"https:\/\/www.acrobatesfilms.fr\/en\/acrobates-films-home-page\/\"},{\"@type\":\"ListItem\",\"position\":2,\"name\":\"Shop\",\"item\":\"https:\/\/www.acrobatesfilms.fr\/en\/shop\/\"},{\"@type\":\"ListItem\",\"position\":3,\"name\":\"France, Carro P\u00eache au Filet\"}]}]}<\/script>\n<!-- \/ Yoast SEO plugin. -->","yoast_head_json":{"title":"France, Carro P\u00eache au Filet - AcrobatesFilms","robots":{"index":"index","follow":"follow","max-snippet":"max-snippet:-1","max-image-preview":"max-image-preview:large","max-video-preview":"max-video-preview:-1"},"canonical":"https:\/\/www.acrobatesfilms.fr\/en\/produit\/france-carro-peche-au-filet\/","og_locale":"en_US","og_type":"article","og_title":"France, Carro P\u00eache au Filet - AcrobatesFilms","og_description":"Synopsis Sur la Co\u0302te bleue, entre Martigues et Marseille, la petite pe\u0302che traditionnelle se pratique essentiellement au filet tre\u0301mail. Joseph et Mohamed posent et tirent quotidiennement leurs filets. Le bleu intense de la M\u00e9diterran\u00e9e comme terre nourrici\u00e8re.","og_url":"https:\/\/www.acrobatesfilms.fr\/en\/produit\/france-carro-peche-au-filet\/","og_site_name":"AcrobatesFilms","article_modified_time":"2022-06-02T11:07:57+00:00","og_image":[{"width":546,"height":784,"url":"https:\/\/www.acrobatesfilms.fr\/wp\/wp-content\/uploads\/2020\/01\/210217-travailleursdelamer4.png","type":"image\/png"}],"schema":{"@context":"https:\/\/schema.org","@graph":[{"@type":"Organization","@id":"https:\/\/www.acrobatesfilms.fr\/#organization","name":"AcrobatesFilms","url":"https:\/\/www.acrobatesfilms.fr\/","sameAs":[],"logo":{"@type":"ImageObject","inLanguage":"en-US","@id":"https:\/\/www.acrobatesfilms.fr\/#\/schema\/logo\/image\/","url":"https:\/\/www.acrobatesfilms.fr\/wp\/wp-content\/uploads\/2021\/02\/acrobates_noir-700x362d.png","contentUrl":"https:\/\/www.acrobatesfilms.fr\/wp\/wp-content\/uploads\/2021\/02\/acrobates_noir-700x362d.png","width":700,"height":362,"caption":"AcrobatesFilms"},"image":{"@id":"https:\/\/www.acrobatesfilms.fr\/#\/schema\/logo\/image\/"}},{"@type":"WebSite","@id":"https:\/\/www.acrobatesfilms.fr\/#website","url":"https:\/\/www.acrobatesfilms.fr\/","name":"AcrobatesFilms","description":"Soci\u00e9t\u00e9 de productions de films","publisher":{"@id":"https:\/\/www.acrobatesfilms.fr\/#organization"},"potentialAction":[{"@type":"SearchAction","target":{"@type":"EntryPoint","urlTemplate":"https:\/\/www.acrobatesfilms.fr\/?s={search_term_string}"},"query-input":"required name=search_term_string"}],"inLanguage":"en-US"},{"@type":"ImageObject","inLanguage":"en-US","@id":"https:\/\/www.acrobatesfilms.fr\/en\/produit\/france-carro-peche-au-filet\/#primaryimage","url":"https:\/\/www.acrobatesfilms.fr\/wp\/wp-content\/uploads\/2020\/01\/210217-travailleursdelamer4.png","contentUrl":"https:\/\/www.acrobatesfilms.fr\/wp\/wp-content\/uploads\/2020\/01\/210217-travailleursdelamer4.png","width":546,"height":784},{"@type":"WebPage","@id":"https:\/\/www.acrobatesfilms.fr\/en\/produit\/france-carro-peche-au-filet\/","url":"https:\/\/www.acrobatesfilms.fr\/en\/produit\/france-carro-peche-au-filet\/","name":"France, Carro P\u00eache au Filet - AcrobatesFilms","isPartOf":{"@id":"https:\/\/www.acrobatesfilms.fr\/#website"},"primaryImageOfPage":{"@id":"https:\/\/www.acrobatesfilms.fr\/en\/produit\/france-carro-peche-au-filet\/#primaryimage"},"datePublished":"2020-01-17T14:55:49+00:00","dateModified":"2022-06-02T11:07:57+00:00","breadcrumb":{"@id":"https:\/\/www.acrobatesfilms.fr\/en\/produit\/france-carro-peche-au-filet\/#breadcrumb"},"inLanguage":"en-US","potentialAction":[{"@type":"ReadAction","target":["https:\/\/www.acrobatesfilms.fr\/en\/produit\/france-carro-peche-au-filet\/"]}]},{"@type":"BreadcrumbList","@id":"https:\/\/www.acrobatesfilms.fr\/en\/produit\/france-carro-peche-au-filet\/#breadcrumb","itemListElement":[{"@type":"ListItem","position":1,"name":"Home","item":"https:\/\/www.acrobatesfilms.fr\/en\/acrobates-films-home-page\/"},{"@type":"ListItem","position":2,"name":"Shop","item":"https:\/\/www.acrobatesfilms.fr\/en\/shop\/"},{"@type":"ListItem","position":3,"name":"France, Carro P\u00eache au Filet"}]}]}},"_links":{"self":[{"href":"https:\/\/www.acrobatesfilms.fr\/en\/wp-json\/wp\/v2\/product\/5983"}],"collection":[{"href":"https:\/\/www.acrobatesfilms.fr\/en\/wp-json\/wp\/v2\/product"}],"about":[{"href":"https:\/\/www.acrobatesfilms.fr\/en\/wp-json\/wp\/v2\/types\/product"}],"replies":[{"embeddable":true,"href":"https:\/\/www.acrobatesfilms.fr\/en\/wp-json\/wp\/v2\/comments?post=5983"}],"wp:featuredmedia":[{"embeddable":true,"href":"https:\/\/www.acrobatesfilms.fr\/en\/wp-json\/wp\/v2\/media\/5984"}],"wp:attachment":[{"href":"https:\/\/www.acrobatesfilms.fr\/en\/wp-json\/wp\/v2\/media?parent=5983"}],"wp:term":[{"taxonomy":"product_cat","embeddable":true,"href":"https:\/\/www.acrobatesfilms.fr\/en\/wp-json\/wp\/v2\/product_cat?post=5983"},{"taxonomy":"product_tag","embeddable":true,"href":"https:\/\/www.acrobatesfilms.fr\/en\/wp-json\/wp\/v2\/product_tag?post=5983"}],"curies":[{"name":"wp","href":"https:\/\/api.w.org\/{rel}","templated":true}]}}