{"id":5995,"date":"2016-01-17T16:09:48","date_gmt":"2016-01-17T15:09:48","guid":{"rendered":"https:\/\/www.acrobatesfilms.fr\/?post_type=product&#038;p=5995"},"modified":"2022-06-02T13:11:29","modified_gmt":"2022-06-02T11:11:29","slug":"vietnam-ile-de-phu-quoc-peche-de-nuit","status":"publish","type":"product","link":"https:\/\/www.acrobatesfilms.fr\/en\/produit\/vietnam-ile-de-phu-quoc-peche-de-nuit\/","title":{"rendered":"Vietnam Ile de Phu Quoc p\u00eache de nuit"},"content":{"rendered":"<h3>Fiche technique<\/h3>\n<p>Documentaire \u2013 30\u2019 \u2013 2016<br \/>\nR\u00e9alisateur : Christian Lajoumard<\/p>\n","protected":false},"excerpt":{"rendered":"<p><!--:fr--><\/p>\n[embed]https:\/\/vimeo.com\/162710793[\/embed]\n<h2>Synopsis<\/h2>\n<p>Dans les eaux chaudes du golfe de Siam, \u00e0 la nuit tomb\u00e9e, les hommes partent p\u00eacher les calmars et poissons attir\u00e9s par les lumi\u00e8res de leurs improbables bateaux.<!--:--><!--:en--><\/p>\n<p><!--:--><\/p>\n","protected":false},"featured_media":5988,"comment_status":"closed","ping_status":"closed","template":"","meta":[],"product_cat":[35,36],"product_tag":[],"yoast_head":"<!-- This site is optimized with the Yoast SEO plugin v19.3 - https:\/\/yoast.com\/wordpress\/plugins\/seo\/ -->\n<title>Vietnam Ile de Phu Quoc p\u00eache de nuit - AcrobatesFilms<\/title>\n<meta name=\"robots\" content=\"index, follow, max-snippet:-1, max-image-preview:large, max-video-preview:-1\" \/>\n<link rel=\"canonical\" href=\"https:\/\/www.acrobatesfilms.fr\/en\/produit\/vietnam-ile-de-phu-quoc-peche-de-nuit\/\" \/>\n<meta property=\"og:locale\" content=\"en_US\" \/>\n<meta property=\"og:type\" content=\"article\" \/>\n<meta property=\"og:title\" content=\"Vietnam Ile de Phu Quoc p\u00eache de nuit - AcrobatesFilms\" \/>\n<meta property=\"og:description\" content=\"Synopsis Dans les eaux chaudes du golfe de Siam, \u00e0 la nuit tomb\u00e9e, les hommes partent p\u00eacher les calmars et poissons attir\u00e9s par les lumi\u00e8res de leurs improbables bateaux.\" \/>\n<meta property=\"og:url\" content=\"https:\/\/www.acrobatesfilms.fr\/en\/produit\/vietnam-ile-de-phu-quoc-peche-de-nuit\/\" \/>\n<meta property=\"og:site_name\" content=\"AcrobatesFilms\" \/>\n<meta property=\"article:modified_time\" content=\"2022-06-02T11:11:29+00:00\" \/>\n<meta property=\"og:image\" content=\"https:\/\/www.acrobatesfilms.fr\/wp\/wp-content\/uploads\/2020\/01\/travailleursdelamer2.png\" \/>\n\t<meta property=\"og:image:width\" content=\"575\" \/>\n\t<meta property=\"og:image:height\" content=\"824\" \/>\n\t<meta property=\"og:image:type\" content=\"image\/png\" \/>\n<script type=\"application\/ld+json\" class=\"yoast-schema-graph\">{\"@context\":\"https:\/\/schema.org\",\"@graph\":[{\"@type\":\"Organization\",\"@id\":\"https:\/\/www.acrobatesfilms.fr\/#organization\",\"name\":\"AcrobatesFilms\",\"url\":\"https:\/\/www.acrobatesfilms.fr\/\",\"sameAs\":[],\"logo\":{\"@type\":\"ImageObject\",\"inLanguage\":\"en-US\",\"@id\":\"https:\/\/www.acrobatesfilms.fr\/#\/schema\/logo\/image\/\",\"url\":\"https:\/\/www.acrobatesfilms.fr\/wp\/wp-content\/uploads\/2021\/02\/acrobates_noir-700x362d.png\",\"contentUrl\":\"https:\/\/www.acrobatesfilms.fr\/wp\/wp-content\/uploads\/2021\/02\/acrobates_noir-700x362d.png\",\"width\":700,\"height\":362,\"caption\":\"AcrobatesFilms\"},\"image\":{\"@id\":\"https:\/\/www.acrobatesfilms.fr\/#\/schema\/logo\/image\/\"}},{\"@type\":\"WebSite\",\"@id\":\"https:\/\/www.acrobatesfilms.fr\/#website\",\"url\":\"https:\/\/www.acrobatesfilms.fr\/\",\"name\":\"AcrobatesFilms\",\"description\":\"Soci\u00e9t\u00e9 de productions de films\",\"publisher\":{\"@id\":\"https:\/\/www.acrobatesfilms.fr\/#organization\"},\"potentialAction\":[{\"@type\":\"SearchAction\",\"target\":{\"@type\":\"EntryPoint\",\"urlTemplate\":\"https:\/\/www.acrobatesfilms.fr\/?s={search_term_string}\"},\"query-input\":\"required name=search_term_string\"}],\"inLanguage\":\"en-US\"},{\"@type\":\"ImageObject\",\"inLanguage\":\"en-US\",\"@id\":\"https:\/\/www.acrobatesfilms.fr\/en\/produit\/vietnam-ile-de-phu-quoc-peche-de-nuit\/#primaryimage\",\"url\":\"https:\/\/www.acrobatesfilms.fr\/wp\/wp-content\/uploads\/2020\/01\/travailleursdelamer2.png\",\"contentUrl\":\"https:\/\/www.acrobatesfilms.fr\/wp\/wp-content\/uploads\/2020\/01\/travailleursdelamer2.png\",\"width\":575,\"height\":824},{\"@type\":\"WebPage\",\"@id\":\"https:\/\/www.acrobatesfilms.fr\/en\/produit\/vietnam-ile-de-phu-quoc-peche-de-nuit\/\",\"url\":\"https:\/\/www.acrobatesfilms.fr\/en\/produit\/vietnam-ile-de-phu-quoc-peche-de-nuit\/\",\"name\":\"Vietnam Ile de Phu Quoc p\u00eache de nuit - AcrobatesFilms\",\"isPartOf\":{\"@id\":\"https:\/\/www.acrobatesfilms.fr\/#website\"},\"primaryImageOfPage\":{\"@id\":\"https:\/\/www.acrobatesfilms.fr\/en\/produit\/vietnam-ile-de-phu-quoc-peche-de-nuit\/#primaryimage\"},\"datePublished\":\"2016-01-17T15:09:48+00:00\",\"dateModified\":\"2022-06-02T11:11:29+00:00\",\"breadcrumb\":{\"@id\":\"https:\/\/www.acrobatesfilms.fr\/en\/produit\/vietnam-ile-de-phu-quoc-peche-de-nuit\/#breadcrumb\"},\"inLanguage\":\"en-US\",\"potentialAction\":[{\"@type\":\"ReadAction\",\"target\":[\"https:\/\/www.acrobatesfilms.fr\/en\/produit\/vietnam-ile-de-phu-quoc-peche-de-nuit\/\"]}]},{\"@type\":\"BreadcrumbList\",\"@id\":\"https:\/\/www.acrobatesfilms.fr\/en\/produit\/vietnam-ile-de-phu-quoc-peche-de-nuit\/#breadcrumb\",\"itemListElement\":[{\"@type\":\"ListItem\",\"position\":1,\"name\":\"Home\",\"item\":\"https:\/\/www.acrobatesfilms.fr\/en\/acrobates-films-home-page\/\"},{\"@type\":\"ListItem\",\"position\":2,\"name\":\"Shop\",\"item\":\"https:\/\/www.acrobatesfilms.fr\/en\/shop\/\"},{\"@type\":\"ListItem\",\"position\":3,\"name\":\"Vietnam Ile de Phu Quoc p\u00eache de nuit\"}]}]}<\/script>\n<!-- \/ Yoast SEO plugin. -->","yoast_head_json":{"title":"Vietnam Ile de Phu Quoc p\u00eache de nuit - AcrobatesFilms","robots":{"index":"index","follow":"follow","max-snippet":"max-snippet:-1","max-image-preview":"max-image-preview:large","max-video-preview":"max-video-preview:-1"},"canonical":"https:\/\/www.acrobatesfilms.fr\/en\/produit\/vietnam-ile-de-phu-quoc-peche-de-nuit\/","og_locale":"en_US","og_type":"article","og_title":"Vietnam Ile de Phu Quoc p\u00eache de nuit - AcrobatesFilms","og_description":"Synopsis Dans les eaux chaudes du golfe de Siam, \u00e0 la nuit tomb\u00e9e, les hommes partent p\u00eacher les calmars et poissons attir\u00e9s par les lumi\u00e8res de leurs improbables bateaux.","og_url":"https:\/\/www.acrobatesfilms.fr\/en\/produit\/vietnam-ile-de-phu-quoc-peche-de-nuit\/","og_site_name":"AcrobatesFilms","article_modified_time":"2022-06-02T11:11:29+00:00","og_image":[{"width":575,"height":824,"url":"https:\/\/www.acrobatesfilms.fr\/wp\/wp-content\/uploads\/2020\/01\/travailleursdelamer2.png","type":"image\/png"}],"schema":{"@context":"https:\/\/schema.org","@graph":[{"@type":"Organization","@id":"https:\/\/www.acrobatesfilms.fr\/#organization","name":"AcrobatesFilms","url":"https:\/\/www.acrobatesfilms.fr\/","sameAs":[],"logo":{"@type":"ImageObject","inLanguage":"en-US","@id":"https:\/\/www.acrobatesfilms.fr\/#\/schema\/logo\/image\/","url":"https:\/\/www.acrobatesfilms.fr\/wp\/wp-content\/uploads\/2021\/02\/acrobates_noir-700x362d.png","contentUrl":"https:\/\/www.acrobatesfilms.fr\/wp\/wp-content\/uploads\/2021\/02\/acrobates_noir-700x362d.png","width":700,"height":362,"caption":"AcrobatesFilms"},"image":{"@id":"https:\/\/www.acrobatesfilms.fr\/#\/schema\/logo\/image\/"}},{"@type":"WebSite","@id":"https:\/\/www.acrobatesfilms.fr\/#website","url":"https:\/\/www.acrobatesfilms.fr\/","name":"AcrobatesFilms","description":"Soci\u00e9t\u00e9 de productions de films","publisher":{"@id":"https:\/\/www.acrobatesfilms.fr\/#organization"},"potentialAction":[{"@type":"SearchAction","target":{"@type":"EntryPoint","urlTemplate":"https:\/\/www.acrobatesfilms.fr\/?s={search_term_string}"},"query-input":"required name=search_term_string"}],"inLanguage":"en-US"},{"@type":"ImageObject","inLanguage":"en-US","@id":"https:\/\/www.acrobatesfilms.fr\/en\/produit\/vietnam-ile-de-phu-quoc-peche-de-nuit\/#primaryimage","url":"https:\/\/www.acrobatesfilms.fr\/wp\/wp-content\/uploads\/2020\/01\/travailleursdelamer2.png","contentUrl":"https:\/\/www.acrobatesfilms.fr\/wp\/wp-content\/uploads\/2020\/01\/travailleursdelamer2.png","width":575,"height":824},{"@type":"WebPage","@id":"https:\/\/www.acrobatesfilms.fr\/en\/produit\/vietnam-ile-de-phu-quoc-peche-de-nuit\/","url":"https:\/\/www.acrobatesfilms.fr\/en\/produit\/vietnam-ile-de-phu-quoc-peche-de-nuit\/","name":"Vietnam Ile de Phu Quoc p\u00eache de nuit - AcrobatesFilms","isPartOf":{"@id":"https:\/\/www.acrobatesfilms.fr\/#website"},"primaryImageOfPage":{"@id":"https:\/\/www.acrobatesfilms.fr\/en\/produit\/vietnam-ile-de-phu-quoc-peche-de-nuit\/#primaryimage"},"datePublished":"2016-01-17T15:09:48+00:00","dateModified":"2022-06-02T11:11:29+00:00","breadcrumb":{"@id":"https:\/\/www.acrobatesfilms.fr\/en\/produit\/vietnam-ile-de-phu-quoc-peche-de-nuit\/#breadcrumb"},"inLanguage":"en-US","potentialAction":[{"@type":"ReadAction","target":["https:\/\/www.acrobatesfilms.fr\/en\/produit\/vietnam-ile-de-phu-quoc-peche-de-nuit\/"]}]},{"@type":"BreadcrumbList","@id":"https:\/\/www.acrobatesfilms.fr\/en\/produit\/vietnam-ile-de-phu-quoc-peche-de-nuit\/#breadcrumb","itemListElement":[{"@type":"ListItem","position":1,"name":"Home","item":"https:\/\/www.acrobatesfilms.fr\/en\/acrobates-films-home-page\/"},{"@type":"ListItem","position":2,"name":"Shop","item":"https:\/\/www.acrobatesfilms.fr\/en\/shop\/"},{"@type":"ListItem","position":3,"name":"Vietnam Ile de Phu Quoc p\u00eache de nuit"}]}]}},"_links":{"self":[{"href":"https:\/\/www.acrobatesfilms.fr\/en\/wp-json\/wp\/v2\/product\/5995"}],"collection":[{"href":"https:\/\/www.acrobatesfilms.fr\/en\/wp-json\/wp\/v2\/product"}],"about":[{"href":"https:\/\/www.acrobatesfilms.fr\/en\/wp-json\/wp\/v2\/types\/product"}],"replies":[{"embeddable":true,"href":"https:\/\/www.acrobatesfilms.fr\/en\/wp-json\/wp\/v2\/comments?post=5995"}],"wp:featuredmedia":[{"embeddable":true,"href":"https:\/\/www.acrobatesfilms.fr\/en\/wp-json\/wp\/v2\/media\/5988"}],"wp:attachment":[{"href":"https:\/\/www.acrobatesfilms.fr\/en\/wp-json\/wp\/v2\/media?parent=5995"}],"wp:term":[{"taxonomy":"product_cat","embeddable":true,"href":"https:\/\/www.acrobatesfilms.fr\/en\/wp-json\/wp\/v2\/product_cat?post=5995"},{"taxonomy":"product_tag","embeddable":true,"href":"https:\/\/www.acrobatesfilms.fr\/en\/wp-json\/wp\/v2\/product_tag?post=5995"}],"curies":[{"name":"wp","href":"https:\/\/api.w.org\/{rel}","templated":true}]}}